{"id":29427,"date":"2026-02-04T12:08:06","date_gmt":"2026-02-04T09:08:06","guid":{"rendered":"https:\/\/a-pant.ee\/product\/planshet-apple-ipad-8-gen-32gb-lte-na-zapchasti\/"},"modified":"2026-02-22T12:26:30","modified_gmt":"2026-02-22T09:26:30","slug":"planshet-apple-ipad-8-gen-32gb-chehol","status":"publish","type":"product","link":"https:\/\/a-pant.ee\/ru\/product\/planshet-apple-ipad-8-gen-32gb-chehol\/","title":{"rendered":"\u041f\u043b\u0430\u043d\u0448\u0435\u0442 Apple IPad (8 gen) 32GB + \u0447\u0435\u0445\u043e\u043b"},"content":{"rendered":"\n<p> Tahvelarvuti Apple Ipad 8 gen 32GB LTE Varuosadeks\u00a0, <\/p><p> T\u00f6\u00f6korras, aga Wolt konto on peale. M\u00fc\u00fck varuosadeks ! <\/p><p> KIRJELDUS <\/p><ul><li> Ekraan:\u00a010.2&#8243; Retina, eraldusv\u00f5ime 2160 \u00d7 1620 pikslit <\/li><li> Protsessor:\u00a0Apple A12 Bionic <\/li><li> RAM-m\u00e4lu:\u00a03 GB <\/li><li> Sisseehitatud m\u00e4lu:\u00a032 GB <\/li><li> \u00dchenduvus:\u00a0Wi\u2011Fi, LTE, Bluetooth 4.2 <\/li><li> Esikaamera:\u00a01.2 MP <\/li><li> Tagakaamera:\u00a08 MP, autofookus <\/li><li> Video salvestus:\u00a01080p <\/li><li> Pordid:\u00a0Lightning, 3.5 mm k\u00f5rvaklapiv\u00e4ljund <\/li><li> Toetab Apple Pencil (1. p\u00f5lvkond) <\/li><li> Operatsioonis\u00fcsteem:\u00a0iPadOS <\/li><li> Aku kestvus:\u00a0kuni 10 tundi <\/li><li> S\u00f5rmej\u00e4ljelugeja:\u00a0Touch ID <\/li><\/ul>\n","protected":false},"excerpt":{"rendered":"<p>Tahvelarvuti Apple Ipad 8 gen 32GB LTE Varuosadeks\u00a0, T\u00f6\u00f6korras, aga Wolt konto on peale. M\u00fc\u00fck varuosadeks ! KIRJELDUS Ekraan:\u00a010.2&#8243; Retina, eraldusv\u00f5ime 2160 \u00d7 1620 pikslit Protsessor:\u00a0Apple A12 Bionic RAM-m\u00e4lu:\u00a03 GB Sisseehitatud m\u00e4lu:\u00a032 GB \u00dchenduvus:\u00a0Wi\u2011Fi, LTE, Bluetooth 4.2 Esikaamera:\u00a01.2 MP Tagakaamera:\u00a08 MP, autofookus Video salvestus:\u00a01080p Pordid:\u00a0Lightning, 3.5 mm k\u00f5rvaklapiv\u00e4ljund Toetab Apple Pencil (1. p\u00f5lvkond) Operatsioonis\u00fcsteem:\u00a0iPadOS Aku [&hellip;]<\/p>\n","protected":false},"featured_media":29428,"comment_status":"closed","ping_status":"open","template":"","meta":{"inline_featured_image":false},"product_brand":[],"product_cat":[180],"product_tag":[],"class_list":{"0":"post-29427","1":"product","2":"type-product","3":"status-publish","4":"has-post-thumbnail","6":"product_cat-planshety","7":"pa_asukoht-mustamae","8":"pa_seisukord-ispolzovano","10":"first","11":"instock","12":"taxable","13":"shipping-taxable","14":"purchasable","15":"product-type-simple"},"_links":{"self":[{"href":"https:\/\/a-pant.ee\/ru\/wp-json\/wp\/v2\/product\/29427","targetHints":{"allow":["GET"]}}],"collection":[{"href":"https:\/\/a-pant.ee\/ru\/wp-json\/wp\/v2\/product"}],"about":[{"href":"https:\/\/a-pant.ee\/ru\/wp-json\/wp\/v2\/types\/product"}],"replies":[{"embeddable":true,"href":"https:\/\/a-pant.ee\/ru\/wp-json\/wp\/v2\/comments?post=29427"}],"wp:featuredmedia":[{"embeddable":true,"href":"https:\/\/a-pant.ee\/ru\/wp-json\/wp\/v2\/media\/29428"}],"wp:attachment":[{"href":"https:\/\/a-pant.ee\/ru\/wp-json\/wp\/v2\/media?parent=29427"}],"wp:term":[{"taxonomy":"product_brand","embeddable":true,"href":"https:\/\/a-pant.ee\/ru\/wp-json\/wp\/v2\/product_brand?post=29427"},{"taxonomy":"product_cat","embeddable":true,"href":"https:\/\/a-pant.ee\/ru\/wp-json\/wp\/v2\/product_cat?post=29427"},{"taxonomy":"product_tag","embeddable":true,"href":"https:\/\/a-pant.ee\/ru\/wp-json\/wp\/v2\/product_tag?post=29427"}],"curies":[{"name":"wp","href":"https:\/\/api.w.org\/{rel}","templated":true}]}}