{"id":29421,"date":"2026-02-04T12:08:06","date_gmt":"2026-02-04T09:08:06","guid":{"rendered":"https:\/\/a-pant.ee\/product\/naruchnye-chasy-rosefield-mbr-m45-korobka\/"},"modified":"2026-02-22T12:26:30","modified_gmt":"2026-02-22T09:26:30","slug":"naruchnye-chasy-rosefield-mbr-m45-korobka","status":"publish","type":"product","link":"https:\/\/a-pant.ee\/ru\/product\/naruchnye-chasy-rosefield-mbr-m45-korobka\/","title":{"rendered":"\u041d\u0430\u0440\u0443\u0447\u043d\u044b\u0435 \u0447\u0430\u0441\u044b Rosefield MBR-M45 + \u043a\u043e\u0440\u043e\u0431\u043a\u0430"},"content":{"rendered":"\n<p> K\u00e4ekell Rosefield MBR-M45 + karp, heas seisu- ja t\u00f6\u00f6korras! <\/p><p> KIRJELDUS <\/p><p> Tootekood MBR-M45 <br \/> Mehhanism Kvarts <br \/> Veekindlus 3 ATM <br \/> Klaasi t\u00fc\u00fcp Mineraal <br \/> Stiil Vabaaja kell <br \/> Rihma materjal Roostevaba teras <br \/> Rihma v\u00e4rv Pink kuld <br \/> V\u00e4rv Pink kuld <br \/> Korpuse m\u00f5\u00f5t 38 mm <br \/> Korpuse materjal Roostevaba teras <br \/> Br\u00e4nd Rosefield <\/p>\n","protected":false},"excerpt":{"rendered":"<p>K\u00e4ekell Rosefield MBR-M45 + karp, heas seisu- ja t\u00f6\u00f6korras! KIRJELDUS Tootekood MBR-M45 Mehhanism Kvarts Veekindlus 3 ATM Klaasi t\u00fc\u00fcp Mineraal Stiil Vabaaja kell Rihma materjal Roostevaba teras Rihma v\u00e4rv Pink kuld V\u00e4rv Pink kuld Korpuse m\u00f5\u00f5t 38 mm Korpuse materjal Roostevaba teras Br\u00e4nd Rosefield<\/p>\n","protected":false},"featured_media":29422,"comment_status":"closed","ping_status":"open","template":"","meta":{"inline_featured_image":false},"product_brand":[],"product_cat":[212],"product_tag":[],"class_list":{"0":"post-29421","1":"product","2":"type-product","3":"status-publish","4":"has-post-thumbnail","6":"product_cat-zhenskie-chasy","7":"pa_asukoht-mustamae","8":"pa_seisukord-ispolzovano","10":"first","11":"instock","12":"taxable","13":"shipping-taxable","14":"purchasable","15":"product-type-simple"},"_links":{"self":[{"href":"https:\/\/a-pant.ee\/ru\/wp-json\/wp\/v2\/product\/29421","targetHints":{"allow":["GET"]}}],"collection":[{"href":"https:\/\/a-pant.ee\/ru\/wp-json\/wp\/v2\/product"}],"about":[{"href":"https:\/\/a-pant.ee\/ru\/wp-json\/wp\/v2\/types\/product"}],"replies":[{"embeddable":true,"href":"https:\/\/a-pant.ee\/ru\/wp-json\/wp\/v2\/comments?post=29421"}],"wp:featuredmedia":[{"embeddable":true,"href":"https:\/\/a-pant.ee\/ru\/wp-json\/wp\/v2\/media\/29422"}],"wp:attachment":[{"href":"https:\/\/a-pant.ee\/ru\/wp-json\/wp\/v2\/media?parent=29421"}],"wp:term":[{"taxonomy":"product_brand","embeddable":true,"href":"https:\/\/a-pant.ee\/ru\/wp-json\/wp\/v2\/product_brand?post=29421"},{"taxonomy":"product_cat","embeddable":true,"href":"https:\/\/a-pant.ee\/ru\/wp-json\/wp\/v2\/product_cat?post=29421"},{"taxonomy":"product_tag","embeddable":true,"href":"https:\/\/a-pant.ee\/ru\/wp-json\/wp\/v2\/product_tag?post=29421"}],"curies":[{"name":"wp","href":"https:\/\/api.w.org\/{rel}","templated":true}]}}