{"id":29413,"date":"2026-02-04T12:04:45","date_gmt":"2026-02-04T09:04:45","guid":{"rendered":"https:\/\/a-pant.ee\/product\/smartfon-huawei-nova-10se-128-8gb\/"},"modified":"2026-02-22T12:26:34","modified_gmt":"2026-02-22T09:26:34","slug":"smartfon-huawei-nova-10se-128-8gb-korobka-zaryadka","status":"publish","type":"product","link":"https:\/\/a-pant.ee\/ru\/product\/smartfon-huawei-nova-10se-128-8gb-korobka-zaryadka\/","title":{"rendered":"\u0421\u043c\u0430\u0440\u0442\u0444\u043e\u043d Huawei Nova 10SE 128\/8gb + \u043a\u043e\u0440\u043e\u0431\u043a\u0430 + \u0437\u0430\u0440\u044f\u0434\u043a\u0430"},"content":{"rendered":"\n<p><strong> Nutitelefon Huawei Nova 10SE 128\/8gb + karp + laadija + \u00fcbris <\/strong> , heas seisu- ja t\u00f6\u00f6korras! <strong> \u00a0\u00a0 <\/strong><\/p><p> KIRJELDUS <\/p><p> Ekraani diagonaal\u00a0\u00a0\u00a0\u00a06.67 <br \/> Esikaamera\u00a0\u00a0\u00a0\u00a016 MP <br \/> Tagakaamera\u00a0\u00a0\u00a0\u00a0108 MP <br \/> Nutitelefon\u00a0\u00a0\u00a0\u00a0Jah <br \/> K\u00f5netelefon\u00a0\u00a0\u00a0\u00a0Jah <br \/> Eesti keel\u00a0\u00a0\u00a0\u00a0Jah <br \/> sms\u00a0\u00a0\u00a0\u00a0Jah <br \/> Laadimine type-c\u00a0\u00a0\u00a0\u00a0Jah <br \/> Bluetooth\u00a0\u00a0\u00a0\u00a0Jah <br \/> 3G\u00a0\u00a0\u00a0\u00a0Jah <br \/> 4G\u00a0\u00a0\u00a0\u00a0Jah <br \/> WIFI\u00a0\u00a0\u00a0\u00a0Jah <br \/> P\u00f5him\u00e4lu\u00a0\u00a0\u00a0\u00a08GB <br \/> Telefonim\u00e4lu\u00a0\u00a0\u00a0\u00a0128GB <br \/> USB kaabel\u00a0\u00a0\u00a0\u00a0Jah <br \/> Karp\/kast\u00a0\u00a0\u00a0\u00a0Jah <br \/> Toalaadija\u00a0\u00a0\u00a0\u00a0jah <br \/> Mudel\/mark\u00a0\u00a0\u00a0\u00a0Huawei Nova 10SE 128GB <\/p>\n","protected":false},"excerpt":{"rendered":"<p>Nutitelefon Huawei Nova 10SE 128\/8gb + karp + laadija + \u00fcbris , heas seisu- ja t\u00f6\u00f6korras! \u00a0\u00a0 KIRJELDUS Ekraani diagonaal\u00a0\u00a0\u00a0\u00a06.67 Esikaamera\u00a0\u00a0\u00a0\u00a016 MP Tagakaamera\u00a0\u00a0\u00a0\u00a0108 MP Nutitelefon\u00a0\u00a0\u00a0\u00a0Jah K\u00f5netelefon\u00a0\u00a0\u00a0\u00a0Jah Eesti keel\u00a0\u00a0\u00a0\u00a0Jah sms\u00a0\u00a0\u00a0\u00a0Jah Laadimine type-c\u00a0\u00a0\u00a0\u00a0Jah Bluetooth\u00a0\u00a0\u00a0\u00a0Jah 3G\u00a0\u00a0\u00a0\u00a0Jah 4G\u00a0\u00a0\u00a0\u00a0Jah WIFI\u00a0\u00a0\u00a0\u00a0Jah P\u00f5him\u00e4lu\u00a0\u00a0\u00a0\u00a08GB Telefonim\u00e4lu\u00a0\u00a0\u00a0\u00a0128GB USB kaabel\u00a0\u00a0\u00a0\u00a0Jah Karp\/kast\u00a0\u00a0\u00a0\u00a0Jah Toalaadija\u00a0\u00a0\u00a0\u00a0jah Mudel\/mark\u00a0\u00a0\u00a0\u00a0Huawei Nova 10SE 128GB<\/p>\n","protected":false},"featured_media":29414,"comment_status":"closed","ping_status":"open","template":"","meta":{"inline_featured_image":false},"product_brand":[],"product_cat":[171],"product_tag":[],"class_list":{"0":"post-29413","1":"product","2":"type-product","3":"status-publish","4":"has-post-thumbnail","6":"product_cat-mobilnye-telefony","7":"pa_asukoht-lasnamae","8":"pa_seisukord-ispolzovano","10":"first","11":"instock","12":"taxable","13":"shipping-taxable","14":"purchasable","15":"product-type-simple"},"_links":{"self":[{"href":"https:\/\/a-pant.ee\/ru\/wp-json\/wp\/v2\/product\/29413","targetHints":{"allow":["GET"]}}],"collection":[{"href":"https:\/\/a-pant.ee\/ru\/wp-json\/wp\/v2\/product"}],"about":[{"href":"https:\/\/a-pant.ee\/ru\/wp-json\/wp\/v2\/types\/product"}],"replies":[{"embeddable":true,"href":"https:\/\/a-pant.ee\/ru\/wp-json\/wp\/v2\/comments?post=29413"}],"wp:featuredmedia":[{"embeddable":true,"href":"https:\/\/a-pant.ee\/ru\/wp-json\/wp\/v2\/media\/29414"}],"wp:attachment":[{"href":"https:\/\/a-pant.ee\/ru\/wp-json\/wp\/v2\/media?parent=29413"}],"wp:term":[{"taxonomy":"product_brand","embeddable":true,"href":"https:\/\/a-pant.ee\/ru\/wp-json\/wp\/v2\/product_brand?post=29413"},{"taxonomy":"product_cat","embeddable":true,"href":"https:\/\/a-pant.ee\/ru\/wp-json\/wp\/v2\/product_cat?post=29413"},{"taxonomy":"product_tag","embeddable":true,"href":"https:\/\/a-pant.ee\/ru\/wp-json\/wp\/v2\/product_tag?post=29413"}],"curies":[{"name":"wp","href":"https:\/\/api.w.org\/{rel}","templated":true}]}}