{"id":29407,"date":"2026-02-04T12:04:45","date_gmt":"2026-02-04T09:04:45","guid":{"rendered":"https:\/\/a-pant.ee\/product\/elektro-samokat-ninebot-f2-pro\/"},"modified":"2026-02-22T12:26:34","modified_gmt":"2026-02-22T09:26:34","slug":"elektro-samokat-ninebot-by-segway-kickscooter-f2-pro","status":"publish","type":"product","link":"https:\/\/a-pant.ee\/ru\/product\/elektro-samokat-ninebot-by-segway-kickscooter-f2-pro\/","title":{"rendered":"\u042d\u043b\u0435\u043a\u0442\u0440\u043e-\u0441\u0430\u043c\u043e\u043a\u0430\u0442 Ninebot by Segway KickScooter F2 Pro"},"content":{"rendered":"\n<p> Elektrit\u00f5ukeratas Ninebot by Segway KickScooter F2 Pro + laadija, heas seisu- ja t\u00f6\u00f6korras! <br \/><br \/><\/p><p><strong> Konto on peale, aga k\u00f5ik toimib ! <\/strong><\/p><p> KIRJELDUS <\/p><p> Kaal 18.5 kg <br \/> Tootet\u00fc\u00fcp <br \/> Elektrit\u00f5ukeratas <\/p><p> Valmistaja <br \/> Segway <\/p><p> Mootorite arv <br \/> \u00dche mootoriga <\/p><p> Aku mahutavus (Wh) <br \/> 460 <\/p><p> Kaal (kg) <br \/> 18.5 <\/p><p> Kandev\u00f5ime (kg) <br \/> 120 <\/p><p> V\u00f5imsus (W) <br \/> 900 <\/p><p> Piiramata tippkiirus (km\/h) <br \/> 25 <\/p><p><br \/> S\u00f5idukaugus arvutuslik (km) <br \/> 31 <\/p>\n","protected":false},"excerpt":{"rendered":"<p>Elektrit\u00f5ukeratas Ninebot by Segway KickScooter F2 Pro + laadija, heas seisu- ja t\u00f6\u00f6korras! Konto on peale, aga k\u00f5ik toimib ! KIRJELDUS Kaal 18.5 kg Tootet\u00fc\u00fcp Elektrit\u00f5ukeratas Valmistaja Segway Mootorite arv \u00dche mootoriga Aku mahutavus (Wh) 460 Kaal (kg) 18.5 Kandev\u00f5ime (kg) 120 V\u00f5imsus (W) 900 Piiramata tippkiirus (km\/h) 25 S\u00f5idukaugus arvutuslik (km) 31<\/p>\n","protected":false},"featured_media":29408,"comment_status":"closed","ping_status":"open","template":"","meta":{"inline_featured_image":false},"product_brand":[],"product_cat":[215],"product_tag":[],"class_list":{"0":"post-29407","1":"product","2":"type-product","3":"status-publish","4":"has-post-thumbnail","6":"product_cat-elektricheskie-samokaty","7":"product_shipping_class-oversize","8":"pa_asukoht-mustamae","9":"pa_seisukord-ispolzovano","11":"first","12":"instock","13":"taxable","14":"shipping-taxable","15":"purchasable","16":"product-type-simple"},"_links":{"self":[{"href":"https:\/\/a-pant.ee\/ru\/wp-json\/wp\/v2\/product\/29407","targetHints":{"allow":["GET"]}}],"collection":[{"href":"https:\/\/a-pant.ee\/ru\/wp-json\/wp\/v2\/product"}],"about":[{"href":"https:\/\/a-pant.ee\/ru\/wp-json\/wp\/v2\/types\/product"}],"replies":[{"embeddable":true,"href":"https:\/\/a-pant.ee\/ru\/wp-json\/wp\/v2\/comments?post=29407"}],"wp:featuredmedia":[{"embeddable":true,"href":"https:\/\/a-pant.ee\/ru\/wp-json\/wp\/v2\/media\/29408"}],"wp:attachment":[{"href":"https:\/\/a-pant.ee\/ru\/wp-json\/wp\/v2\/media?parent=29407"}],"wp:term":[{"taxonomy":"product_brand","embeddable":true,"href":"https:\/\/a-pant.ee\/ru\/wp-json\/wp\/v2\/product_brand?post=29407"},{"taxonomy":"product_cat","embeddable":true,"href":"https:\/\/a-pant.ee\/ru\/wp-json\/wp\/v2\/product_cat?post=29407"},{"taxonomy":"product_tag","embeddable":true,"href":"https:\/\/a-pant.ee\/ru\/wp-json\/wp\/v2\/product_tag?post=29407"}],"curies":[{"name":"wp","href":"https:\/\/api.w.org\/{rel}","templated":true}]}}