{"id":29401,"date":"2026-02-04T12:04:45","date_gmt":"2026-02-04T09:04:45","guid":{"rendered":"https:\/\/a-pant.ee\/product\/samsung-galaxy-z-flip-4\/"},"modified":"2026-02-22T12:26:34","modified_gmt":"2026-02-22T09:26:34","slug":"mobilnyj-telefon-samsung-galaxy-z-flip-4","status":"publish","type":"product","link":"https:\/\/a-pant.ee\/ru\/product\/mobilnyj-telefon-samsung-galaxy-z-flip-4\/","title":{"rendered":"\u041c\u043e\u0431\u0438\u043b\u044c\u043d\u044b\u0439 \u0442\u0435\u043b\u0435\u0444\u043e\u043d Samsung Galaxy Z Flip 4"},"content":{"rendered":"\n<p> Mobiiltelefon Samsung Galaxy Z Flip 4, heas seisu- ja t\u00f6\u00f6korras! <\/p><p> KIRJELDUS <\/p><ul><li> Ekraani diagonaal:6.7 &#187; (tolli) <\/li><li> Ekraani t\u00fc\u00fcp:Dynamic AMOLED 2X <\/li><li> Resolutsioon:2640 x 1080 pikslit <\/li><li> Piksli tihedus:425 ppi <\/li><li> Lisaomadused:Corning Gorilla Glass Victus+ ekraaniklaas <\/li><li> Protsessor:Qualcomm SM8475 Snapdragon 8+ Gen 1 Octa-Core (1 x 3,18 GHz + 2 x 2,7 GHz + 4 x 2 GHz) <\/li><li> P\u00f5him\u00e4lu:8 GB <\/li><li> Telefoni m\u00e4lu:256 GB <\/li><li> Eesmine kaamera:10 Mpix <\/li><li> Videosalvestus:3840 x 2160 pikslit <\/li><li> SIM kaardi t\u00fc\u00fcp:Nano SIM + eSIM (Pull\/Push) <\/li><li> Kahe SIM-kaardi tugi:Jah <\/li><li> Kahe SIM kaardi olek:Active Stand-By <\/li><li> Aku mahtuvus:3700 mAh <\/li><li> Laadija t\u00fc\u00fcp:USB t\u00fc\u00fcp C kaabel <\/li><li> Juhtmevaba laadimine:Jah <\/li><li> Vee- ja tolmukindlus (IP klass):IPX8 <\/li><li> MicroSD:Ei toeta <\/li><li> Audio v\u00e4ljund (3,5 mm):Ei <\/li><li> Operatsioonis\u00fcsteem:Android <\/li><li> Operatsioonis\u00fcsteemi versioon:12 <\/li><\/ul>\n","protected":false},"excerpt":{"rendered":"<p>Mobiiltelefon Samsung Galaxy Z Flip 4, heas seisu- ja t\u00f6\u00f6korras! KIRJELDUS Ekraani diagonaal:6.7 &#187; (tolli) Ekraani t\u00fc\u00fcp:Dynamic AMOLED 2X Resolutsioon:2640 x 1080 pikslit Piksli tihedus:425 ppi Lisaomadused:Corning Gorilla Glass Victus+ ekraaniklaas Protsessor:Qualcomm SM8475 Snapdragon 8+ Gen 1 Octa-Core (1 x 3,18 GHz + 2 x 2,7 GHz + 4 x 2 GHz) P\u00f5him\u00e4lu:8 GB Telefoni [&hellip;]<\/p>\n","protected":false},"featured_media":29402,"comment_status":"closed","ping_status":"closed","template":"","meta":{"inline_featured_image":false},"product_brand":[],"product_cat":[171],"product_tag":[],"class_list":{"0":"post-29401","1":"product","2":"type-product","3":"status-publish","4":"has-post-thumbnail","6":"product_cat-mobilnye-telefony","7":"pa_asukoht-mustamae","8":"pa_seisukord-ispolzovano","10":"first","11":"outofstock","12":"taxable","13":"shipping-taxable","14":"purchasable","15":"product-type-simple"},"_links":{"self":[{"href":"https:\/\/a-pant.ee\/ru\/wp-json\/wp\/v2\/product\/29401","targetHints":{"allow":["GET"]}}],"collection":[{"href":"https:\/\/a-pant.ee\/ru\/wp-json\/wp\/v2\/product"}],"about":[{"href":"https:\/\/a-pant.ee\/ru\/wp-json\/wp\/v2\/types\/product"}],"replies":[{"embeddable":true,"href":"https:\/\/a-pant.ee\/ru\/wp-json\/wp\/v2\/comments?post=29401"}],"wp:featuredmedia":[{"embeddable":true,"href":"https:\/\/a-pant.ee\/ru\/wp-json\/wp\/v2\/media\/29402"}],"wp:attachment":[{"href":"https:\/\/a-pant.ee\/ru\/wp-json\/wp\/v2\/media?parent=29401"}],"wp:term":[{"taxonomy":"product_brand","embeddable":true,"href":"https:\/\/a-pant.ee\/ru\/wp-json\/wp\/v2\/product_brand?post=29401"},{"taxonomy":"product_cat","embeddable":true,"href":"https:\/\/a-pant.ee\/ru\/wp-json\/wp\/v2\/product_cat?post=29401"},{"taxonomy":"product_tag","embeddable":true,"href":"https:\/\/a-pant.ee\/ru\/wp-json\/wp\/v2\/product_tag?post=29401"}],"curies":[{"name":"wp","href":"https:\/\/api.w.org\/{rel}","templated":true}]}}