{"id":29392,"date":"2026-02-04T12:04:45","date_gmt":"2026-02-04T09:04:45","guid":{"rendered":"https:\/\/a-pant.ee\/product\/radio-dewalt-dcr019-qw-aku-6-0ah-20v\/"},"modified":"2026-02-22T12:26:34","modified_gmt":"2026-02-22T09:26:34","slug":"akuraadio-dewalt-dcr019-qw-aku-60ah-20v","status":"publish","type":"product","link":"https:\/\/a-pant.ee\/ru\/product\/akuraadio-dewalt-dcr019-qw-aku-60ah-20v\/","title":{"rendered":"Akuraadio DeWalt DCR019-QW + Aku 6,0Ah 20V"},"content":{"rendered":"\n<p><strong> Akuraadio DeWalt DCR019-QW + Aku 6,0Ah 20V <\/strong> , \u00a0t\u00f6\u00f6korras! <\/p><p> KIRJELDUS <\/p><p> V\u00f5imaldab 10,8V, 12V, 14,4V, 18V XR Li-Ion akusid ja vooluv\u00f5rku. <\/p><p> M\u00e4lu salvestab 10 FM ja 5 AM eelseadistust <\/p><p> Kompaktne ja tugeva ehitusega FM\/AM t\u00f6\u00f6koha raadio <\/p><p> 1,8 m pikkune toitejuhe koos \u00fcmberp\u00f6\u00f6ratava juhtme hoiuga <\/p><p> Sisseehitatud puur pakub maksimaalset vastupidavust l\u00f6\u00f6gikindlusele <\/p><p> 3,5 mm lisaport v\u00f5imaldab \u00fchendada kaasaskantavaid audioseadmeid <\/p><p> \u00a0 <\/p>\n","protected":false},"excerpt":{"rendered":"<p>Akuraadio DeWalt DCR019-QW + Aku 6,0Ah 20V , \u00a0t\u00f6\u00f6korras! KIRJELDUS V\u00f5imaldab 10,8V, 12V, 14,4V, 18V XR Li-Ion akusid ja vooluv\u00f5rku. M\u00e4lu salvestab 10 FM ja 5 AM eelseadistust Kompaktne ja tugeva ehitusega FM\/AM t\u00f6\u00f6koha raadio 1,8 m pikkune toitejuhe koos \u00fcmberp\u00f6\u00f6ratava juhtme hoiuga Sisseehitatud puur pakub maksimaalset vastupidavust l\u00f6\u00f6gikindlusele 3,5 mm lisaport v\u00f5imaldab \u00fchendada kaasaskantavaid [&hellip;]<\/p>\n","protected":false},"featured_media":29393,"comment_status":"closed","ping_status":"open","template":"","meta":{"inline_featured_image":false},"product_brand":[],"product_cat":[246],"product_tag":[],"class_list":{"0":"post-29392","1":"product","2":"type-product","3":"status-publish","4":"has-post-thumbnail","6":"product_cat-instrumenty-drugoe","7":"pa_asukoht-lasnamae","8":"pa_seisukord-ispolzovano","10":"first","11":"instock","12":"taxable","13":"shipping-taxable","14":"purchasable","15":"product-type-simple"},"_links":{"self":[{"href":"https:\/\/a-pant.ee\/ru\/wp-json\/wp\/v2\/product\/29392","targetHints":{"allow":["GET"]}}],"collection":[{"href":"https:\/\/a-pant.ee\/ru\/wp-json\/wp\/v2\/product"}],"about":[{"href":"https:\/\/a-pant.ee\/ru\/wp-json\/wp\/v2\/types\/product"}],"replies":[{"embeddable":true,"href":"https:\/\/a-pant.ee\/ru\/wp-json\/wp\/v2\/comments?post=29392"}],"wp:featuredmedia":[{"embeddable":true,"href":"https:\/\/a-pant.ee\/ru\/wp-json\/wp\/v2\/media\/29393"}],"wp:attachment":[{"href":"https:\/\/a-pant.ee\/ru\/wp-json\/wp\/v2\/media?parent=29392"}],"wp:term":[{"taxonomy":"product_brand","embeddable":true,"href":"https:\/\/a-pant.ee\/ru\/wp-json\/wp\/v2\/product_brand?post=29392"},{"taxonomy":"product_cat","embeddable":true,"href":"https:\/\/a-pant.ee\/ru\/wp-json\/wp\/v2\/product_cat?post=29392"},{"taxonomy":"product_tag","embeddable":true,"href":"https:\/\/a-pant.ee\/ru\/wp-json\/wp\/v2\/product_tag?post=29392"}],"curies":[{"name":"wp","href":"https:\/\/api.w.org\/{rel}","templated":true}]}}