{"id":29373,"date":"2026-02-04T12:04:45","date_gmt":"2026-02-04T09:04:45","guid":{"rendered":"https:\/\/a-pant.ee\/product\/akudrel-makita-dhp347d\/"},"modified":"2026-02-22T12:26:33","modified_gmt":"2026-02-22T09:26:33","slug":"akudrel-makita-dhp347d-2tk-aku-zaryadka-chemodan","status":"publish","type":"product","link":"https:\/\/a-pant.ee\/ru\/product\/akudrel-makita-dhp347d-2tk-aku-zaryadka-chemodan\/","title":{"rendered":"\u0410\u043a\u0443\u0434\u0440\u0435\u043b\u044c Makita DHP347D + 2\u0442\u043a \u0430\u043a\u0443 + \u0437\u0430\u0440\u044f\u0434\u043a\u0430 + \u0447\u0435\u043c\u043e\u0434\u0430\u043d"},"content":{"rendered":"\n<p> Akutrell Makita DHP347D + 2tk Aku + laadija + kohver, heas seisu- ja t\u00f6\u00f6korras! <\/p><p> KIRJELDUS <\/p><p> 14.4 sajand <br \/> Maksimaalne p\u00f6\u00f6rdemoment <br \/> 30 n \u00b7 m <br \/> Max. Puurimise l\u00e4bim\u00f5\u00f5t (puit) <br \/> 25 mm <br \/> Max. Puurimise l\u00e4bim\u00f5\u00f5t (metall) <br \/> 10 mm <br \/> Kaal <br \/> 1,4 kg <br \/> Akumaht <br \/> 1,5 A \u00b7 H <br \/> Akude arv <br \/> 2 tk. <br \/> Pakk <br \/> Juhtum <br \/> Disainifunktsioonid <br \/> spindli fikseerimine, lukustusnupp <br \/> Max. Puurimise l\u00e4bim\u00f5\u00f5t (betooni) <\/p>\n","protected":false},"excerpt":{"rendered":"<p>Akutrell Makita DHP347D + 2tk Aku + laadija + kohver, heas seisu- ja t\u00f6\u00f6korras! KIRJELDUS 14.4 sajand Maksimaalne p\u00f6\u00f6rdemoment 30 n \u00b7 m Max. Puurimise l\u00e4bim\u00f5\u00f5t (puit) 25 mm Max. Puurimise l\u00e4bim\u00f5\u00f5t (metall) 10 mm Kaal 1,4 kg Akumaht 1,5 A \u00b7 H Akude arv 2 tk. Pakk Juhtum Disainifunktsioonid spindli fikseerimine, lukustusnupp Max. Puurimise [&hellip;]<\/p>\n","protected":false},"featured_media":29374,"comment_status":"closed","ping_status":"open","template":"","meta":{"inline_featured_image":false},"product_brand":[],"product_cat":[221],"product_tag":[],"class_list":{"0":"post-29373","1":"product","2":"type-product","3":"status-publish","4":"has-post-thumbnail","6":"product_cat-akkumulyatornye-dreli","7":"pa_seisukord-ispolzovano","9":"first","10":"instock","11":"taxable","12":"shipping-taxable","13":"purchasable","14":"product-type-simple"},"_links":{"self":[{"href":"https:\/\/a-pant.ee\/ru\/wp-json\/wp\/v2\/product\/29373","targetHints":{"allow":["GET"]}}],"collection":[{"href":"https:\/\/a-pant.ee\/ru\/wp-json\/wp\/v2\/product"}],"about":[{"href":"https:\/\/a-pant.ee\/ru\/wp-json\/wp\/v2\/types\/product"}],"replies":[{"embeddable":true,"href":"https:\/\/a-pant.ee\/ru\/wp-json\/wp\/v2\/comments?post=29373"}],"wp:featuredmedia":[{"embeddable":true,"href":"https:\/\/a-pant.ee\/ru\/wp-json\/wp\/v2\/media\/29374"}],"wp:attachment":[{"href":"https:\/\/a-pant.ee\/ru\/wp-json\/wp\/v2\/media?parent=29373"}],"wp:term":[{"taxonomy":"product_brand","embeddable":true,"href":"https:\/\/a-pant.ee\/ru\/wp-json\/wp\/v2\/product_brand?post=29373"},{"taxonomy":"product_cat","embeddable":true,"href":"https:\/\/a-pant.ee\/ru\/wp-json\/wp\/v2\/product_cat?post=29373"},{"taxonomy":"product_tag","embeddable":true,"href":"https:\/\/a-pant.ee\/ru\/wp-json\/wp\/v2\/product_tag?post=29373"}],"curies":[{"name":"wp","href":"https:\/\/api.w.org\/{rel}","templated":true}]}}