{"id":29367,"date":"2026-02-04T12:04:45","date_gmt":"2026-02-04T09:04:45","guid":{"rendered":"https:\/\/a-pant.ee\/product\/elektricheskiy-samokat-ninebot-max-g30\/"},"modified":"2026-02-22T12:26:33","modified_gmt":"2026-02-22T09:26:33","slug":"elektricheskij-samokat-ninebot-max-g30-kabel-pitaniya","status":"publish","type":"product","link":"https:\/\/a-pant.ee\/ru\/product\/elektricheskij-samokat-ninebot-max-g30-kabel-pitaniya\/","title":{"rendered":"\u042d\u043b\u0435\u043a\u0442\u0440\u0438\u0447\u0435\u0441\u043a\u0438\u0439 \u0441\u0430\u043c\u043e\u043a\u0430\u0442 Ninebot Max G30 + \u043a\u0430\u0431\u0435\u043b\u044c \u043f\u0438\u0442\u0430\u043d\u0438\u044f"},"content":{"rendered":"\n<p> Elektri t\u00f5ukeratas Ninebot Max G30 + juhe\u00a0, heas seisu- ja t\u00f6\u00f6korras! <\/p><p> KIRJELDUS <\/p><p> Sarnaselt tippklassi jalgratastele on Ninebot Max G30 ilma sisekummita (tubeless) \u00f5hkrehvid suurusega 10\u201d, mis on vastupidavamad kui sisekummiga rehvid kuid samas tagavad mugavama s\u00f5idu ja p\u00f5rutuskindluse kui k\u00e4rgrehvid\/t\u00e4iskummid. Tubeless tehnoloogia seisneb selles, et rehvi l\u00e4bi torkamise korral parandab augu spetsiaalne rehvi sisek\u00fcljel olev elastne torkekindel kiht ning nii ei p\u00e4\u00e4se \u00f5hk rehvi seest v\u00e4lja. Eesmine hooldusvaba trummelpidur ja tagumine elektriline pidur tagavad kindla ja turvalise peatumise. Piduri-ja eesmine LED tuli teevad sind teistele liiklejatele ka h\u00e4maramatel aegadel n\u00e4htavaks. <\/p><p> J\u00f5ulise disainiga Ninebot on musta v\u00e4rvi, komplimenteerivate kollaste joontega rehvidel ja kerel. Segway Ninebot Max on\u00a0kokkupandav\u00a0elektriline t\u00f5ukeratas. Elektrit\u00f5ukeratas voltub esirehvi kohalt, lisaks saab kokku panna ka lenksu. Nii mahub elektrit\u00f5uks n\u00e4iteks auto pagasiruumi, kodus panipaika v\u00f5i elektrit\u00f5uksi kotti. Elektriline t\u00f5ukeratas Ninebot kaalub\u00a018 kg\u00a0ja on lihtsasti kaasaskantav.\u00a0Veekindluse klass\u00a0kerel on\u00a0IPX5\u00a0ja raskust kannatab t\u00f5ukeratas kuni\u00a0100kg. Elektriline t\u00f5ukeratas Ninebot Max G30 on v\u00f5imeline \u00fche laadimisega s\u00f5itma lausa\u00a065km\u00a0(l\u00e4bis\u00f5it oleneb ka s\u00f5itja raskusest ning s\u00f5idustiilist). Suure mahtuvusega aku (551Wh\u00a0(15300 mAh)) ning\u00a0tagavedu\u00a0tagavad j\u00f5ulise edasimineku ka \u00fclesm\u00e4ge s\u00f5ites. Ninebot\u2019i valmistajakiirus on\u00a025km\/h. <\/p>\n","protected":false},"excerpt":{"rendered":"<p>Elektri t\u00f5ukeratas Ninebot Max G30 + juhe\u00a0, heas seisu- ja t\u00f6\u00f6korras! KIRJELDUS Sarnaselt tippklassi jalgratastele on Ninebot Max G30 ilma sisekummita (tubeless) \u00f5hkrehvid suurusega 10\u201d, mis on vastupidavamad kui sisekummiga rehvid kuid samas tagavad mugavama s\u00f5idu ja p\u00f5rutuskindluse kui k\u00e4rgrehvid\/t\u00e4iskummid. Tubeless tehnoloogia seisneb selles, et rehvi l\u00e4bi torkamise korral parandab augu spetsiaalne rehvi sisek\u00fcljel olev [&hellip;]<\/p>\n","protected":false},"featured_media":29368,"comment_status":"closed","ping_status":"open","template":"","meta":{"inline_featured_image":false},"product_brand":[],"product_cat":[215],"product_tag":[],"class_list":{"0":"post-29367","1":"product","2":"type-product","3":"status-publish","4":"has-post-thumbnail","6":"product_cat-elektricheskie-samokaty","7":"product_shipping_class-oversize","8":"pa_asukoht-lasnamae","9":"pa_seisukord-ispolzovano","11":"first","12":"instock","13":"taxable","14":"shipping-taxable","15":"purchasable","16":"product-type-simple"},"_links":{"self":[{"href":"https:\/\/a-pant.ee\/ru\/wp-json\/wp\/v2\/product\/29367","targetHints":{"allow":["GET"]}}],"collection":[{"href":"https:\/\/a-pant.ee\/ru\/wp-json\/wp\/v2\/product"}],"about":[{"href":"https:\/\/a-pant.ee\/ru\/wp-json\/wp\/v2\/types\/product"}],"replies":[{"embeddable":true,"href":"https:\/\/a-pant.ee\/ru\/wp-json\/wp\/v2\/comments?post=29367"}],"wp:featuredmedia":[{"embeddable":true,"href":"https:\/\/a-pant.ee\/ru\/wp-json\/wp\/v2\/media\/29368"}],"wp:attachment":[{"href":"https:\/\/a-pant.ee\/ru\/wp-json\/wp\/v2\/media?parent=29367"}],"wp:term":[{"taxonomy":"product_brand","embeddable":true,"href":"https:\/\/a-pant.ee\/ru\/wp-json\/wp\/v2\/product_brand?post=29367"},{"taxonomy":"product_cat","embeddable":true,"href":"https:\/\/a-pant.ee\/ru\/wp-json\/wp\/v2\/product_cat?post=29367"},{"taxonomy":"product_tag","embeddable":true,"href":"https:\/\/a-pant.ee\/ru\/wp-json\/wp\/v2\/product_tag?post=29367"}],"curies":[{"name":"wp","href":"https:\/\/api.w.org\/{rel}","templated":true}]}}