{"id":29338,"date":"2026-02-04T12:04:45","date_gmt":"2026-02-04T09:04:45","guid":{"rendered":"https:\/\/a-pant.ee\/product\/nabor-instrumentov-makita-dlx2423aj\/"},"modified":"2026-02-22T12:26:33","modified_gmt":"2026-02-22T09:26:33","slug":"nabor-instrumentov-makita-dlx2423aj","status":"publish","type":"product","link":"https:\/\/a-pant.ee\/ru\/product\/nabor-instrumentov-makita-dlx2423aj\/","title":{"rendered":"\u041d\u0430\u0431\u043e\u0440 \u0438\u043d\u0441\u0442\u0440\u0443\u043c\u0435\u043d\u0442\u043e\u0432 Makita DLX2423AJ"},"content":{"rendered":"\n<p> T\u00f6\u00f6riistakomplekt Makita DLX2423AJ\u00a0, heas seisu- ja t\u00f6\u00f6korras! <\/p><p> Seisukord nagu uus! <br \/> Hind poes 350 eurot <\/p><p> KIRJELDUS <\/p><p> DDF487 \u2013 akutrell <br \/> Aku nominaalpinge: 18V <br \/> Pinge LXT <br \/> Aku kaitses\u00fcsteem <br \/> P\u00f6\u00f6retearv: 0 \u2013 500 \/ 1700 min\u207b\u00b9 <br \/> Maks.p\u00f6\u00f6rdemoment (K\u00f5va\/pehme): 40 \/ 25 Nm <br \/> Siduri astmed: 20 <br \/> Maks. l\u00e4bim\u00f5\u00f5t puidus: 36 mm <br \/> Maks. l\u00e4bim\u00f5\u00f5t terases: 13 mm <br \/> Spindel: 1\/2\u2033-20UNF \u201d <br \/> Padrun: 1,5 \u2013 13 mm <br \/> Toote kaal koos akuga (EPTA-Protseduur 01\/2003): 1,3 \u2013 1,6 kg <br \/> Toote m\u00f5\u00f5dud (P x L x K): 150 x 81 x 232 \u2013 248 mm <\/p><p> DTD157 \u2013 akul\u00f6\u00f6kkruvikeeraja <br \/> Aku nominaalpinge: 18V <br \/> Pinge LXT <br \/> Aku kaitses\u00fcsteem <br \/> T\u00f6\u00f6riista otsak: 1\/4\u2033 <br \/> P\u00f6\u00f6retearv: 0 \u2013 1300 \/ 3000 min\u207b\u00b9 <br \/> Maks. pingutusmoment: 140 Nm <br \/> Standardse poldi pingutusv\u00f5ime: M5 \u2013 M14 <br \/> Masinkruvi: M4 \u2013 M8 <br \/> K\u00f5rgpingutuspoldi pingutusv\u00f5ime: M5 \u2013 M12 <br \/> L\u00f6\u00f6gisagedus: 0 \u2013 2000 \/ 4100 min\u207b\u00b9 <br \/> Toote kaal koos akuga (EPTA-Protseduur 01\/2003): 1,2 \u2013 1,5 kg <br \/> Toote m\u00f5\u00f5dud (P x L x K): 133 x 81 x 232 mm <\/p><p> Laadija DC18RC <\/p><p> 15min \u2013 BL1815 (1,3\/1,5Ah), 22min \u2013 BL1830 (3,0Ah), 36min BL1840 (4,0Ah), 45min BL1850 (5,0Ah) <\/p>\n","protected":false},"excerpt":{"rendered":"<p>T\u00f6\u00f6riistakomplekt Makita DLX2423AJ\u00a0, heas seisu- ja t\u00f6\u00f6korras! Seisukord nagu uus! Hind poes 350 eurot KIRJELDUS DDF487 \u2013 akutrell Aku nominaalpinge: 18V Pinge LXT Aku kaitses\u00fcsteem P\u00f6\u00f6retearv: 0 \u2013 500 \/ 1700 min\u207b\u00b9 Maks.p\u00f6\u00f6rdemoment (K\u00f5va\/pehme): 40 \/ 25 Nm Siduri astmed: 20 Maks. l\u00e4bim\u00f5\u00f5t puidus: 36 mm Maks. l\u00e4bim\u00f5\u00f5t terases: 13 mm Spindel: 1\/2\u2033-20UNF \u201d Padrun: [&hellip;]<\/p>\n","protected":false},"featured_media":29339,"comment_status":"closed","ping_status":"open","template":"","meta":{"inline_featured_image":false},"product_brand":[],"product_cat":[221,219],"product_tag":[],"class_list":{"0":"post-29338","1":"product","2":"type-product","3":"status-publish","4":"has-post-thumbnail","6":"product_cat-akkumulyatornye-dreli","7":"product_cat-instrumenty","8":"pa_asukoht-mustamae","9":"pa_seisukord-ispolzovano","11":"first","12":"instock","13":"taxable","14":"shipping-taxable","15":"purchasable","16":"product-type-simple"},"_links":{"self":[{"href":"https:\/\/a-pant.ee\/ru\/wp-json\/wp\/v2\/product\/29338","targetHints":{"allow":["GET"]}}],"collection":[{"href":"https:\/\/a-pant.ee\/ru\/wp-json\/wp\/v2\/product"}],"about":[{"href":"https:\/\/a-pant.ee\/ru\/wp-json\/wp\/v2\/types\/product"}],"replies":[{"embeddable":true,"href":"https:\/\/a-pant.ee\/ru\/wp-json\/wp\/v2\/comments?post=29338"}],"wp:featuredmedia":[{"embeddable":true,"href":"https:\/\/a-pant.ee\/ru\/wp-json\/wp\/v2\/media\/29339"}],"wp:attachment":[{"href":"https:\/\/a-pant.ee\/ru\/wp-json\/wp\/v2\/media?parent=29338"}],"wp:term":[{"taxonomy":"product_brand","embeddable":true,"href":"https:\/\/a-pant.ee\/ru\/wp-json\/wp\/v2\/product_brand?post=29338"},{"taxonomy":"product_cat","embeddable":true,"href":"https:\/\/a-pant.ee\/ru\/wp-json\/wp\/v2\/product_cat?post=29338"},{"taxonomy":"product_tag","embeddable":true,"href":"https:\/\/a-pant.ee\/ru\/wp-json\/wp\/v2\/product_tag?post=29338"}],"curies":[{"name":"wp","href":"https:\/\/api.w.org\/{rel}","templated":true}]}}