{"id":29333,"date":"2026-02-04T12:04:45","date_gmt":"2026-02-04T09:04:45","guid":{"rendered":"https:\/\/a-pant.ee\/product\/detckiy-velosiped-jalgrattas-kross-racer-4-0\/"},"modified":"2026-02-22T12:26:33","modified_gmt":"2026-02-22T09:26:33","slug":"detskij-velosiped-jalgrattas-kross-racer-4-0-chek","status":"publish","type":"product","link":"https:\/\/a-pant.ee\/ru\/product\/detskij-velosiped-jalgrattas-kross-racer-4-0-chek\/","title":{"rendered":"\u0414\u0435\u0442\u0441\u043a\u0438\u0439 \u0432\u0435\u043b\u043e\u0441\u0438\u043f\u0435\u0434 Jalgrattas Kross Racer 4.0 + \u0447\u0435\u043a"},"content":{"rendered":"\n<div><div><div><div><p> Laste Jalgrattas Kross Racer 4.0 + tsekk\u00a0, heas seisu- ja t\u00f6\u00f6korras! <\/p><p> Hind poes 240 eur <\/p><p> KIRJELDUS <\/p><p> \u00dcks kiirus <\/p><p> Raamsuurus XS &#8212; 13&#8243; Pikkusele 130-145cm <\/p><\/div><\/div><\/div><\/div><div><div><h3> Lisad <\/h3><\/div><\/div>\n","protected":false},"excerpt":{"rendered":"<p>Laste Jalgrattas Kross Racer 4.0 + tsekk\u00a0, heas seisu- ja t\u00f6\u00f6korras! Hind poes 240 eur KIRJELDUS \u00dcks kiirus Raamsuurus XS &#8212; 13&#8243; Pikkusele 130-145cm Lisad<\/p>\n","protected":false},"featured_media":29334,"comment_status":"closed","ping_status":"open","template":"","meta":{"inline_featured_image":false},"product_brand":[],"product_cat":[216],"product_tag":[],"class_list":{"0":"post-29333","1":"product","2":"type-product","3":"status-publish","4":"has-post-thumbnail","6":"product_cat-velosipedy","7":"product_shipping_class-oversize","8":"pa_asukoht-mustamae","9":"pa_seisukord-ispolzovano","11":"first","12":"instock","13":"taxable","14":"shipping-taxable","15":"purchasable","16":"product-type-simple"},"_links":{"self":[{"href":"https:\/\/a-pant.ee\/ru\/wp-json\/wp\/v2\/product\/29333","targetHints":{"allow":["GET"]}}],"collection":[{"href":"https:\/\/a-pant.ee\/ru\/wp-json\/wp\/v2\/product"}],"about":[{"href":"https:\/\/a-pant.ee\/ru\/wp-json\/wp\/v2\/types\/product"}],"replies":[{"embeddable":true,"href":"https:\/\/a-pant.ee\/ru\/wp-json\/wp\/v2\/comments?post=29333"}],"wp:featuredmedia":[{"embeddable":true,"href":"https:\/\/a-pant.ee\/ru\/wp-json\/wp\/v2\/media\/29334"}],"wp:attachment":[{"href":"https:\/\/a-pant.ee\/ru\/wp-json\/wp\/v2\/media?parent=29333"}],"wp:term":[{"taxonomy":"product_brand","embeddable":true,"href":"https:\/\/a-pant.ee\/ru\/wp-json\/wp\/v2\/product_brand?post=29333"},{"taxonomy":"product_cat","embeddable":true,"href":"https:\/\/a-pant.ee\/ru\/wp-json\/wp\/v2\/product_cat?post=29333"},{"taxonomy":"product_tag","embeddable":true,"href":"https:\/\/a-pant.ee\/ru\/wp-json\/wp\/v2\/product_tag?post=29333"}],"curies":[{"name":"wp","href":"https:\/\/api.w.org\/{rel}","templated":true}]}}