{"id":29327,"date":"2026-02-04T12:04:45","date_gmt":"2026-02-04T09:04:45","guid":{"rendered":"https:\/\/a-pant.ee\/product\/led-prozhektor-schneider-imt-4721\/"},"modified":"2026-02-22T12:26:32","modified_gmt":"2026-02-22T09:26:32","slug":"led-prozhektor-schneider-imt-4721-korobka","status":"publish","type":"product","link":"https:\/\/a-pant.ee\/ru\/product\/led-prozhektor-schneider-imt-4721-korobka\/","title":{"rendered":"LED \u043f\u0440\u043e\u0436\u0435\u043a\u0442\u043e\u0440 Schneider IMT 4721 + \u043a\u043e\u0440\u043e\u0431\u043a\u0430"},"content":{"rendered":"\n<p> LED prozektor Schneider IMT 4721 + karp\u00a0, heas seisu- ja t\u00f6\u00f6korras! <\/p><p> KIRJELDUS <\/p><p> K\u00f5rge valguskvaliteet valgusvooga 5000 lm <\/p><p> Kompaktne disaintoode, mille valgusvihu nurk on 110 kraadi <\/p><p> Saab kasutada karmides ilmastikutingimustes, sees ja v\u00e4ljas <\/p><p> Saab riputada ja kinnitada igat t\u00fc\u00fcpi seintele v\u00f5i kasutada statiivil <\/p>\n","protected":false},"excerpt":{"rendered":"<p>LED prozektor Schneider IMT 4721 + karp\u00a0, heas seisu- ja t\u00f6\u00f6korras! KIRJELDUS K\u00f5rge valguskvaliteet valgusvooga 5000 lm Kompaktne disaintoode, mille valgusvihu nurk on 110 kraadi Saab kasutada karmides ilmastikutingimustes, sees ja v\u00e4ljas Saab riputada ja kinnitada igat t\u00fc\u00fcpi seintele v\u00f5i kasutada statiivil<\/p>\n","protected":false},"featured_media":29328,"comment_status":"closed","ping_status":"open","template":"","meta":{"inline_featured_image":false},"product_brand":[],"product_cat":[220],"product_tag":[],"class_list":{"0":"post-29327","1":"product","2":"type-product","3":"status-publish","4":"has-post-thumbnail","6":"product_cat-sadovye-instrumenty","7":"pa_asukoht-lasnamae","8":"pa_seisukord-ispolzovano","10":"first","11":"instock","12":"taxable","13":"shipping-taxable","14":"purchasable","15":"product-type-simple"},"_links":{"self":[{"href":"https:\/\/a-pant.ee\/ru\/wp-json\/wp\/v2\/product\/29327","targetHints":{"allow":["GET"]}}],"collection":[{"href":"https:\/\/a-pant.ee\/ru\/wp-json\/wp\/v2\/product"}],"about":[{"href":"https:\/\/a-pant.ee\/ru\/wp-json\/wp\/v2\/types\/product"}],"replies":[{"embeddable":true,"href":"https:\/\/a-pant.ee\/ru\/wp-json\/wp\/v2\/comments?post=29327"}],"wp:featuredmedia":[{"embeddable":true,"href":"https:\/\/a-pant.ee\/ru\/wp-json\/wp\/v2\/media\/29328"}],"wp:attachment":[{"href":"https:\/\/a-pant.ee\/ru\/wp-json\/wp\/v2\/media?parent=29327"}],"wp:term":[{"taxonomy":"product_brand","embeddable":true,"href":"https:\/\/a-pant.ee\/ru\/wp-json\/wp\/v2\/product_brand?post=29327"},{"taxonomy":"product_cat","embeddable":true,"href":"https:\/\/a-pant.ee\/ru\/wp-json\/wp\/v2\/product_cat?post=29327"},{"taxonomy":"product_tag","embeddable":true,"href":"https:\/\/a-pant.ee\/ru\/wp-json\/wp\/v2\/product_tag?post=29327"}],"curies":[{"name":"wp","href":"https:\/\/api.w.org\/{rel}","templated":true}]}}