{"id":29312,"date":"2026-02-04T12:04:45","date_gmt":"2026-02-04T09:04:45","guid":{"rendered":"https:\/\/a-pant.ee\/product\/mobilnyj-telefon-motorola-moto-g32-256gb\/"},"modified":"2026-02-22T12:26:32","modified_gmt":"2026-02-22T09:26:32","slug":"mobilnyj-telefon-motorola-moto-g32-256gb","status":"publish","type":"product","link":"https:\/\/a-pant.ee\/ru\/product\/mobilnyj-telefon-motorola-moto-g32-256gb\/","title":{"rendered":"\u041c\u043e\u0431\u0438\u043b\u044c\u043d\u044b\u0439 \u0422\u0435\u043b\u0435\u0444\u043e\u043d Motorola Moto G32 256GB"},"content":{"rendered":"\n<p> Mobiiltelefon Motorola Moto G32 256GB ,\u00a0heas seisu- ja t\u00f6\u00f6korras! <\/p><p> KIRJELDUS <\/p><p> M\u00f5\u00f5tmed: 73,84 x 161,78 x 8,49 mm. Kaal: 184 g <br \/> Kiirendaja: Qualcomm Snapdragon 680 (SM6225) <br \/> Protsessor: 4x 2,4 GHz Cortex-A73, 4x 1,9 GHz Cortex-A53 (Kryo 265), Tuumade arv: 8 <br \/> Graafikaprotsessor: Qualcomm Adreno 610, 1114 MHz <br \/> RAM: 4 GB, 6 GB, 2133 MHz <br \/> Sisseehitatud m\u00e4lu: 128 GB <br \/> M\u00e4lukaardid: microSD, microSDHC, microSDXC <br \/> Ekraan: 6,5 tolli, IPS, 1080 x 2400 pikslit, 24 bitti <br \/> Aku: 5000 mAh, Li-pol\u00fcmeer (liitiumpol\u00fcmeer) <br \/> Operatsioonis\u00fcsteem: Android 12 <br \/> Kaamera: 8192 x 6144 pikslit, 1920 x 1080 pikslit, 30 kaadrit sekundis <br \/> SIM-kaart: Nano-SIM Nano-SIM\/microSD <br \/> Wi-Fi: a, b, g, n, n 5 GHz, ac, kahesageduslik, Wi-Fi leviala, Wi-Fi Direct, Wi-Fi ekraan <br \/> USB: 2.0, USB Type-C <br \/> Bluetooth: 5.2 <br \/> Navigatsioon: GPS, A-GPS, GLONASS, BeiDou, Galileo, LTEPP, SUPL <\/p>\n","protected":false},"excerpt":{"rendered":"<p>Mobiiltelefon Motorola Moto G32 256GB ,\u00a0heas seisu- ja t\u00f6\u00f6korras! KIRJELDUS M\u00f5\u00f5tmed: 73,84 x 161,78 x 8,49 mm. Kaal: 184 g Kiirendaja: Qualcomm Snapdragon 680 (SM6225) Protsessor: 4x 2,4 GHz Cortex-A73, 4x 1,9 GHz Cortex-A53 (Kryo 265), Tuumade arv: 8 Graafikaprotsessor: Qualcomm Adreno 610, 1114 MHz RAM: 4 GB, 6 GB, 2133 MHz Sisseehitatud m\u00e4lu: 128 [&hellip;]<\/p>\n","protected":false},"featured_media":29313,"comment_status":"closed","ping_status":"open","template":"","meta":{"inline_featured_image":false},"product_brand":[],"product_cat":[171],"product_tag":[],"class_list":{"0":"post-29312","1":"product","2":"type-product","3":"status-publish","4":"has-post-thumbnail","6":"product_cat-mobilnye-telefony","7":"pa_asukoht-mustamae","8":"pa_seisukord-ispolzovano","10":"first","11":"instock","12":"taxable","13":"shipping-taxable","14":"purchasable","15":"product-type-simple"},"_links":{"self":[{"href":"https:\/\/a-pant.ee\/ru\/wp-json\/wp\/v2\/product\/29312","targetHints":{"allow":["GET"]}}],"collection":[{"href":"https:\/\/a-pant.ee\/ru\/wp-json\/wp\/v2\/product"}],"about":[{"href":"https:\/\/a-pant.ee\/ru\/wp-json\/wp\/v2\/types\/product"}],"replies":[{"embeddable":true,"href":"https:\/\/a-pant.ee\/ru\/wp-json\/wp\/v2\/comments?post=29312"}],"wp:featuredmedia":[{"embeddable":true,"href":"https:\/\/a-pant.ee\/ru\/wp-json\/wp\/v2\/media\/29313"}],"wp:attachment":[{"href":"https:\/\/a-pant.ee\/ru\/wp-json\/wp\/v2\/media?parent=29312"}],"wp:term":[{"taxonomy":"product_brand","embeddable":true,"href":"https:\/\/a-pant.ee\/ru\/wp-json\/wp\/v2\/product_brand?post=29312"},{"taxonomy":"product_cat","embeddable":true,"href":"https:\/\/a-pant.ee\/ru\/wp-json\/wp\/v2\/product_cat?post=29312"},{"taxonomy":"product_tag","embeddable":true,"href":"https:\/\/a-pant.ee\/ru\/wp-json\/wp\/v2\/product_tag?post=29312"}],"curies":[{"name":"wp","href":"https:\/\/api.w.org\/{rel}","templated":true}]}}