{"id":29304,"date":"2026-02-04T11:58:16","date_gmt":"2026-02-04T08:58:16","guid":{"rendered":"https:\/\/a-pant.ee\/product\/dj-pult-denon-mc6000mk2-yashchik\/"},"modified":"2026-02-22T12:26:37","modified_gmt":"2026-02-22T09:26:37","slug":"dj-pult-denon-mc6000mk2-yashhik","status":"publish","type":"product","link":"https:\/\/a-pant.ee\/ru\/product\/dj-pult-denon-mc6000mk2-yashhik\/","title":{"rendered":"DJ \u043f\u0443\u043b\u044c\u0442 Denon MC6000MK2 + \u044f\u0449\u0438\u043a"},"content":{"rendered":"\n<p> DJ pult Denon MC6000MK2 + Kohver\u00a0heas seisu- ja t\u00f6\u00f6korras! <\/p><p><br \/> KIRJENDUS <\/p><p> 4-kanaliline, 4-tekiline, 8 allikaga esmaklassiline digitaalne mikserpult <br \/> Sisaldab Serato DJ t\u00e4isversiooni (kasutaja saab selle alla laadida) <br \/> \u00dchildub ka j\u00e4rgmistega: Virtual DJ Pro, Traktor Pro2, OtsAV <br \/> \u00d5huke lauakujundus mobiilse DJ kaasaskantavuse tagamiseks <br \/> Intuitiivne 4-tekiline juhtimine s\u00f5ltumatute nuppudega <br \/> Serato NoiseMap valmis &#8212; sisseehitatud DVS tugi <br \/> Matrix-mikser reaalajas, analoogallikad ja USB MIDI\/audio <br \/> Kaasas 2 sisendit\/2 v\u00e4ljundit (stereo) USB-audioliides (helikaart) <br \/> Denoni originaalne X-F Link Audio\/Video m\u00e4\u00e4ratav crossfader-funktsioon (Serato Video jaoks koos v\u00e4rskendusega) <br \/> K\u00f5rge eraldusv\u00f5imega 105 mm puutetundlik ketas <br \/> Faili navigeerimisnupud ja failivalija p\u00f6\u00f6rdenkoodriga <br \/> 4 + 4 kiirvaliku\/s\u00e4mpli nuppu pangavaliku nupuga <br \/> Automaatne\/manuaalne loopimine loopimise juhtimise ja ROLL, Censor ja Slip funktsioonidega <br \/> 3 EFX juhtnuppu sisse\/v\u00e4lja nuppude ja Beats nupuga <br \/> SYNC-nupp r\u00fctmide sobitamiseks Deckid, klahviluku sisse\/v\u00e4lja nupp <br \/> Filtri\/video juhtnupud sisse\/v\u00e4lja nuppudega <br \/> S\u00f5ltumatu CUE s\u00fcsteem (k\u00f5ik kanalid), Split Cue funktsioon Cue\/Master pan nupuga <br \/> Crossfaderi kontuuri kontroll <br \/> S\u00f5ltumatu 3-ribaline kanali ekvalaiser Kills&#8217;idega (k\u00f5rge-keskmine-madal) <br \/> Tasakaalustatud XLR ja tasakaalustamata RCA peav\u00e4ljund <br \/> Stereo\/mono peav\u00e4ljundi l\u00fcliti, Booth v\u00e4ljund allika valiku ja taseme reguleerimisega <br \/> V\u00f5imas ja kvaliteetne k\u00f5rvaklapiv\u00f5imendi <br \/> 2 mikrofoni sisendit (XLR ja 6,35 mm TRS) <br \/> Mikrofoni 3-ribaline ekvalaiser (k\u00f5rge-keskmine-madal) mikrofonile 1 ja 2 <br \/> Mikrofoni vaigistus ja sisseehitatud kajaefekt mikrofonile 1 ja 2 <br \/> Erinevad utiliidi eelseadistused kasutaja kohandamiseks <br \/> MIDI juhtpaneel m\u00e4\u00e4ramisv\u00f5imalusega (teiste DJ-rakenduste jaoks) <br \/> Denon DJ &#171;professionaalse klassi&#187; teraskonstruktsioon <br \/> Kensingtoni lukk varguse v\u00e4ltimiseks <br \/> \u00dchildub MAC OS X 10.6 v\u00f5i uuema, Windows XP\/Vista\/Win7\/Win8-ga <br \/> M\u00f5\u00f5tmed (L\/K\/S): 440 x 50 x 283 mm, kaal: 4,1 kg <\/p>\n","protected":false},"excerpt":{"rendered":"<p>DJ pult Denon MC6000MK2 + Kohver\u00a0heas seisu- ja t\u00f6\u00f6korras! KIRJENDUS 4-kanaliline, 4-tekiline, 8 allikaga esmaklassiline digitaalne mikserpult Sisaldab Serato DJ t\u00e4isversiooni (kasutaja saab selle alla laadida) \u00dchildub ka j\u00e4rgmistega: Virtual DJ Pro, Traktor Pro2, OtsAV \u00d5huke lauakujundus mobiilse DJ kaasaskantavuse tagamiseks Intuitiivne 4-tekiline juhtimine s\u00f5ltumatute nuppudega Serato NoiseMap valmis &#8212; sisseehitatud DVS tugi Matrix-mikser reaalajas, [&hellip;]<\/p>\n","protected":false},"featured_media":29305,"comment_status":"closed","ping_status":"closed","template":"","meta":{"inline_featured_image":false},"product_brand":[],"product_cat":[156,162],"product_tag":[],"class_list":{"0":"post-29304","1":"product","2":"type-product","3":"status-publish","4":"has-post-thumbnail","6":"product_cat-akusticheskoe-oborudovanie","7":"product_cat-elektronika-drugoe","8":"product_shipping_class-oversize","9":"pa_asukoht-mustamae","10":"pa_seisukord-ispolzovano","12":"first","13":"instock","14":"taxable","15":"shipping-taxable","16":"purchasable","17":"product-type-simple"},"_links":{"self":[{"href":"https:\/\/a-pant.ee\/ru\/wp-json\/wp\/v2\/product\/29304","targetHints":{"allow":["GET"]}}],"collection":[{"href":"https:\/\/a-pant.ee\/ru\/wp-json\/wp\/v2\/product"}],"about":[{"href":"https:\/\/a-pant.ee\/ru\/wp-json\/wp\/v2\/types\/product"}],"replies":[{"embeddable":true,"href":"https:\/\/a-pant.ee\/ru\/wp-json\/wp\/v2\/comments?post=29304"}],"wp:featuredmedia":[{"embeddable":true,"href":"https:\/\/a-pant.ee\/ru\/wp-json\/wp\/v2\/media\/29305"}],"wp:attachment":[{"href":"https:\/\/a-pant.ee\/ru\/wp-json\/wp\/v2\/media?parent=29304"}],"wp:term":[{"taxonomy":"product_brand","embeddable":true,"href":"https:\/\/a-pant.ee\/ru\/wp-json\/wp\/v2\/product_brand?post=29304"},{"taxonomy":"product_cat","embeddable":true,"href":"https:\/\/a-pant.ee\/ru\/wp-json\/wp\/v2\/product_cat?post=29304"},{"taxonomy":"product_tag","embeddable":true,"href":"https:\/\/a-pant.ee\/ru\/wp-json\/wp\/v2\/product_tag?post=29304"}],"curies":[{"name":"wp","href":"https:\/\/api.w.org\/{rel}","templated":true}]}}