{"id":29297,"date":"2026-02-04T11:58:16","date_gmt":"2026-02-04T08:58:16","guid":{"rendered":"https:\/\/a-pant.ee\/product\/lam-pa-scangrip-nova-r-led\/"},"modified":"2026-02-22T12:26:37","modified_gmt":"2026-02-22T09:26:37","slug":"lampa-scangrip-nova-r-led","status":"publish","type":"product","link":"https:\/\/a-pant.ee\/ru\/product\/lampa-scangrip-nova-r-led\/","title":{"rendered":"\u041b\u0430\u043c\u043f\u0430 Scangrip NOVA R LED"},"content":{"rendered":"\n<p> Valgusti Scangrip NOVA R LED, heas seisu- ja t\u00f6\u00f6korras! <\/p><p> KIRJELDUS <\/p><p> Tootja <\/p><p> Scangrip <\/p><p> Kaal <\/p><p> 0.79 kg <\/p><p> Kogukaal koos pakendiga <\/p><p> 1.05 kg <\/p><p> Mootori t\u00fc\u00fcp <\/p><p> Akutoitega <\/p><p> Akukeemia <\/p><p> Li-Ion (Liitiumioonaku) <\/p><p> Kas komplekt sisaldab akut <\/p><p> Jah <\/p><p> Aku pinge <\/p><p> 7,3 V <\/p><p> Aku maht ja suurus <\/p><p> 1&#215;4000 mAh <\/p><p> Laadimise kestus <\/p><p> 300 min <\/p><p> Toimeaeg <\/p><p> 20 h <\/p><p> Lambit\u00fc\u00fcp <\/p>\n","protected":false},"excerpt":{"rendered":"<p>Valgusti Scangrip NOVA R LED, heas seisu- ja t\u00f6\u00f6korras! KIRJELDUS Tootja Scangrip Kaal 0.79 kg Kogukaal koos pakendiga 1.05 kg Mootori t\u00fc\u00fcp Akutoitega Akukeemia Li-Ion (Liitiumioonaku) Kas komplekt sisaldab akut Jah Aku pinge 7,3 V Aku maht ja suurus 1&#215;4000 mAh Laadimise kestus 300 min Toimeaeg 20 h Lambit\u00fc\u00fcp<\/p>\n","protected":false},"featured_media":29298,"comment_status":"closed","ping_status":"closed","template":"","meta":{"inline_featured_image":false},"product_brand":[],"product_cat":[246],"product_tag":[],"class_list":{"0":"post-29297","1":"product","2":"type-product","3":"status-publish","4":"has-post-thumbnail","6":"product_cat-instrumenty-drugoe","7":"pa_asukoht-mustamae","8":"pa_seisukord-ispolzovano","10":"first","11":"outofstock","12":"taxable","13":"shipping-taxable","14":"purchasable","15":"product-type-simple"},"_links":{"self":[{"href":"https:\/\/a-pant.ee\/ru\/wp-json\/wp\/v2\/product\/29297","targetHints":{"allow":["GET"]}}],"collection":[{"href":"https:\/\/a-pant.ee\/ru\/wp-json\/wp\/v2\/product"}],"about":[{"href":"https:\/\/a-pant.ee\/ru\/wp-json\/wp\/v2\/types\/product"}],"replies":[{"embeddable":true,"href":"https:\/\/a-pant.ee\/ru\/wp-json\/wp\/v2\/comments?post=29297"}],"wp:featuredmedia":[{"embeddable":true,"href":"https:\/\/a-pant.ee\/ru\/wp-json\/wp\/v2\/media\/29298"}],"wp:attachment":[{"href":"https:\/\/a-pant.ee\/ru\/wp-json\/wp\/v2\/media?parent=29297"}],"wp:term":[{"taxonomy":"product_brand","embeddable":true,"href":"https:\/\/a-pant.ee\/ru\/wp-json\/wp\/v2\/product_brand?post=29297"},{"taxonomy":"product_cat","embeddable":true,"href":"https:\/\/a-pant.ee\/ru\/wp-json\/wp\/v2\/product_cat?post=29297"},{"taxonomy":"product_tag","embeddable":true,"href":"https:\/\/a-pant.ee\/ru\/wp-json\/wp\/v2\/product_tag?post=29297"}],"curies":[{"name":"wp","href":"https:\/\/api.w.org\/{rel}","templated":true}]}}