{"id":29280,"date":"2026-02-04T11:58:16","date_gmt":"2026-02-04T08:58:16","guid":{"rendered":"https:\/\/a-pant.ee\/product\/shtukaturnaya-stantsiya-s-profiller-7\/"},"modified":"2026-02-22T12:26:37","modified_gmt":"2026-02-22T09:26:37","slug":"shtukaturnaya-stancziya-s-profiller-7-230v","status":"publish","type":"product","link":"https:\/\/a-pant.ee\/ru\/product\/shtukaturnaya-stancziya-s-profiller-7-230v\/","title":{"rendered":"\u0428\u0442\u0443\u043a\u0430\u0442\u0443\u0440\u043d\u0430\u044f \u0441\u0442\u0430\u043d\u0446\u0438\u044f s ProFiller 7 (230V)"},"content":{"rendered":"\n<p><strong> Pahtliprits ProFiller 7 (230V) <\/strong> , t\u00f6\u00f6korras! <\/p><p> KIRJELDUS <\/p><p> Maksimaalne pumbatav pikkus <\/p><p> 25m <\/p><p> Maksimaalne pumbatav k\u00f5rgus <\/p><p> 15m <\/p><p> Toide, pumbaajam <\/p><p> 230V 2,2kW <\/p><p> Ainekolu ruumala\/mahutavus <\/p><p> 75L <\/p><p> Vabatootlus reguleeritav sagedusmuunduriga <\/p><p> 0-25L-min <\/p><p> Tarbitav suru\u00f5hk <\/p><p> 450-950 L-min <\/p><p> Aine max teralisus <\/p><p> 4,0 mm <\/p>\n","protected":false},"excerpt":{"rendered":"<p>Pahtliprits ProFiller 7 (230V) , t\u00f6\u00f6korras! KIRJELDUS Maksimaalne pumbatav pikkus 25m Maksimaalne pumbatav k\u00f5rgus 15m Toide, pumbaajam 230V 2,2kW Ainekolu ruumala\/mahutavus 75L Vabatootlus reguleeritav sagedusmuunduriga 0-25L-min Tarbitav suru\u00f5hk 450-950 L-min Aine max teralisus 4,0 mm<\/p>\n","protected":false},"featured_media":29281,"comment_status":"closed","ping_status":"closed","template":"","meta":{"inline_featured_image":false},"product_brand":[],"product_cat":[246],"product_tag":[],"class_list":{"0":"post-29280","1":"product","2":"type-product","3":"status-publish","4":"has-post-thumbnail","6":"product_cat-instrumenty-drugoe","7":"product_shipping_class-oversize","8":"pa_asukoht-lasnamae","9":"pa_seisukord-ispolzovano","11":"first","12":"instock","13":"taxable","14":"shipping-taxable","15":"purchasable","16":"product-type-simple"},"_links":{"self":[{"href":"https:\/\/a-pant.ee\/ru\/wp-json\/wp\/v2\/product\/29280","targetHints":{"allow":["GET"]}}],"collection":[{"href":"https:\/\/a-pant.ee\/ru\/wp-json\/wp\/v2\/product"}],"about":[{"href":"https:\/\/a-pant.ee\/ru\/wp-json\/wp\/v2\/types\/product"}],"replies":[{"embeddable":true,"href":"https:\/\/a-pant.ee\/ru\/wp-json\/wp\/v2\/comments?post=29280"}],"wp:featuredmedia":[{"embeddable":true,"href":"https:\/\/a-pant.ee\/ru\/wp-json\/wp\/v2\/media\/29281"}],"wp:attachment":[{"href":"https:\/\/a-pant.ee\/ru\/wp-json\/wp\/v2\/media?parent=29280"}],"wp:term":[{"taxonomy":"product_brand","embeddable":true,"href":"https:\/\/a-pant.ee\/ru\/wp-json\/wp\/v2\/product_brand?post=29280"},{"taxonomy":"product_cat","embeddable":true,"href":"https:\/\/a-pant.ee\/ru\/wp-json\/wp\/v2\/product_cat?post=29280"},{"taxonomy":"product_tag","embeddable":true,"href":"https:\/\/a-pant.ee\/ru\/wp-json\/wp\/v2\/product_tag?post=29280"}],"curies":[{"name":"wp","href":"https:\/\/api.w.org\/{rel}","templated":true}]}}