{"id":29273,"date":"2026-02-04T11:58:16","date_gmt":"2026-02-04T08:58:16","guid":{"rendered":"https:\/\/a-pant.ee\/product\/samokat-xiaomi-scooter-mi-3-zaryadka\/"},"modified":"2026-02-22T12:26:37","modified_gmt":"2026-02-22T09:26:37","slug":"samokat-xiaomi-scooter-mi-3-zaryadka","status":"publish","type":"product","link":"https:\/\/a-pant.ee\/ru\/product\/samokat-xiaomi-scooter-mi-3-zaryadka\/","title":{"rendered":"\u0421\u0430\u043c\u043e\u043a\u0430\u0442 Xiaomi Scooter Mi 3 + \u0437\u0430\u0440\u044f\u0434\u043a\u0430"},"content":{"rendered":"\n<p> K\u00e4ekell Raymond Weil 5768\/2 + tsekk ,\u00a0heas seisu- ja t\u00f6\u00f6korras! <\/p><p> KIRJELDUS <\/p><p> Maksimaalne kiirus: kuni 25 km\/h <\/p><p> S\u00f5iduulatus \u00fche laadimisega: kuni 30 km <\/p><p> Mootori v\u00f5imsus: 300 W (tipuv\u00f5imsus kuni 600 W) <\/p><p> Maksimaalne t\u00f5usunurk: kuni 16% <\/p><p> Pidurid: Eesmine E-ABS, tagumine ketaspidur <\/p><p> Rehvide l\u00e4bim\u00f5\u00f5t: 8,5 tolli <\/p><p> Rehvit\u00fc\u00fcp: \u00d5hkrehvid (t\u00e4ispumbatavad) <\/p><p> Laadimisaeg: umbes 5,5 tundi <\/p><p> Kandev\u00f5ime: kuni 100 kg <\/p><p> Kokkupandav konstruktsioon: Jah <\/p><p> \u00dchendus nutitelefoniga: Jah, Bluetoothi ja Mi Home rakenduse kaudu <\/p><p> Ekraan: LED-ekraan kiiruse, re\u017eiimi ja aku taseme n\u00e4iduga <\/p>\n","protected":false},"excerpt":{"rendered":"<p>K\u00e4ekell Raymond Weil 5768\/2 + tsekk ,\u00a0heas seisu- ja t\u00f6\u00f6korras! KIRJELDUS Maksimaalne kiirus: kuni 25 km\/h S\u00f5iduulatus \u00fche laadimisega: kuni 30 km Mootori v\u00f5imsus: 300 W (tipuv\u00f5imsus kuni 600 W) Maksimaalne t\u00f5usunurk: kuni 16% Pidurid: Eesmine E-ABS, tagumine ketaspidur Rehvide l\u00e4bim\u00f5\u00f5t: 8,5 tolli Rehvit\u00fc\u00fcp: \u00d5hkrehvid (t\u00e4ispumbatavad) Laadimisaeg: umbes 5,5 tundi Kandev\u00f5ime: kuni 100 kg Kokkupandav [&hellip;]<\/p>\n","protected":false},"featured_media":29274,"comment_status":"closed","ping_status":"open","template":"","meta":{"inline_featured_image":false},"product_brand":[],"product_cat":[213,215],"product_tag":[],"class_list":{"0":"post-29273","1":"product","2":"type-product","3":"status-publish","4":"has-post-thumbnail","6":"product_cat-sporttovary","7":"product_cat-elektricheskie-samokaty","8":"product_shipping_class-oversize","9":"pa_asukoht-mustamae","10":"pa_seisukord-ispolzovano","12":"first","13":"instock","14":"taxable","15":"shipping-taxable","16":"purchasable","17":"product-type-simple"},"_links":{"self":[{"href":"https:\/\/a-pant.ee\/ru\/wp-json\/wp\/v2\/product\/29273","targetHints":{"allow":["GET"]}}],"collection":[{"href":"https:\/\/a-pant.ee\/ru\/wp-json\/wp\/v2\/product"}],"about":[{"href":"https:\/\/a-pant.ee\/ru\/wp-json\/wp\/v2\/types\/product"}],"replies":[{"embeddable":true,"href":"https:\/\/a-pant.ee\/ru\/wp-json\/wp\/v2\/comments?post=29273"}],"wp:featuredmedia":[{"embeddable":true,"href":"https:\/\/a-pant.ee\/ru\/wp-json\/wp\/v2\/media\/29274"}],"wp:attachment":[{"href":"https:\/\/a-pant.ee\/ru\/wp-json\/wp\/v2\/media?parent=29273"}],"wp:term":[{"taxonomy":"product_brand","embeddable":true,"href":"https:\/\/a-pant.ee\/ru\/wp-json\/wp\/v2\/product_brand?post=29273"},{"taxonomy":"product_cat","embeddable":true,"href":"https:\/\/a-pant.ee\/ru\/wp-json\/wp\/v2\/product_cat?post=29273"},{"taxonomy":"product_tag","embeddable":true,"href":"https:\/\/a-pant.ee\/ru\/wp-json\/wp\/v2\/product_tag?post=29273"}],"curies":[{"name":"wp","href":"https:\/\/api.w.org\/{rel}","templated":true}]}}