{"id":29267,"date":"2026-02-04T11:58:16","date_gmt":"2026-02-04T08:58:16","guid":{"rendered":"https:\/\/a-pant.ee\/product\/naruchnye-chasy-raymond-weil-5768-2-chek\/"},"modified":"2026-02-22T12:26:36","modified_gmt":"2026-02-22T09:26:36","slug":"naruchnye-chasy-raymond-weil-5768-2-chek","status":"publish","type":"product","link":"https:\/\/a-pant.ee\/ru\/product\/naruchnye-chasy-raymond-weil-5768-2-chek\/","title":{"rendered":"\u041d\u0430\u0440\u0443\u0447\u043d\u044b\u0435 \u0447\u0430\u0441\u044b Raymond Weil 5768\/2 + \u0447\u0435\u043a"},"content":{"rendered":"\n<p> K\u00e4ekell Raymond Weil 5768\/2 + tsekk ,\u00a0heas seisu- ja t\u00f6\u00f6korras! <\/p><p> KIRJELDUS <\/p><p> Mehhanism: Kvartsmehhanism <\/p><p> Sugu: Meeste <\/p><p> Korpuse kuju: \u00dcmmargune <\/p><p> Korpuse materjal: Roostevaba teras <\/p><p> Klaas: Safiirklaas <\/p><p> Kuvamisviis: Analoog (seierid) <\/p><p> Kellaplaat: Kolm seierit ja kuup\u00e4eva n\u00e4it <\/p><p> Veekindlus: Kuni 50 meetrit (5 ATM) <\/p><p> Kinnitus: Klassikaline pannal v\u00f5i voltklamber (olenevalt rihmast) <\/p>\n","protected":false},"excerpt":{"rendered":"<p>K\u00e4ekell Raymond Weil 5768\/2 + tsekk ,\u00a0heas seisu- ja t\u00f6\u00f6korras! KIRJELDUS Mehhanism: Kvartsmehhanism Sugu: Meeste Korpuse kuju: \u00dcmmargune Korpuse materjal: Roostevaba teras Klaas: Safiirklaas Kuvamisviis: Analoog (seierid) Kellaplaat: Kolm seierit ja kuup\u00e4eva n\u00e4it Veekindlus: Kuni 50 meetrit (5 ATM) Kinnitus: Klassikaline pannal v\u00f5i voltklamber (olenevalt rihmast)<\/p>\n","protected":false},"featured_media":29268,"comment_status":"closed","ping_status":"open","template":"","meta":{"inline_featured_image":false},"product_brand":[],"product_cat":[211,210],"product_tag":[],"class_list":{"0":"post-29267","1":"product","2":"type-product","3":"status-publish","4":"has-post-thumbnail","6":"product_cat-muzhskie-chasy","7":"product_cat-chasy-na-ruku","8":"pa_asukoht-mustamae","9":"pa_seisukord-ispolzovano","11":"first","12":"instock","13":"taxable","14":"shipping-taxable","15":"purchasable","16":"product-type-simple"},"_links":{"self":[{"href":"https:\/\/a-pant.ee\/ru\/wp-json\/wp\/v2\/product\/29267","targetHints":{"allow":["GET"]}}],"collection":[{"href":"https:\/\/a-pant.ee\/ru\/wp-json\/wp\/v2\/product"}],"about":[{"href":"https:\/\/a-pant.ee\/ru\/wp-json\/wp\/v2\/types\/product"}],"replies":[{"embeddable":true,"href":"https:\/\/a-pant.ee\/ru\/wp-json\/wp\/v2\/comments?post=29267"}],"wp:featuredmedia":[{"embeddable":true,"href":"https:\/\/a-pant.ee\/ru\/wp-json\/wp\/v2\/media\/29268"}],"wp:attachment":[{"href":"https:\/\/a-pant.ee\/ru\/wp-json\/wp\/v2\/media?parent=29267"}],"wp:term":[{"taxonomy":"product_brand","embeddable":true,"href":"https:\/\/a-pant.ee\/ru\/wp-json\/wp\/v2\/product_brand?post=29267"},{"taxonomy":"product_cat","embeddable":true,"href":"https:\/\/a-pant.ee\/ru\/wp-json\/wp\/v2\/product_cat?post=29267"},{"taxonomy":"product_tag","embeddable":true,"href":"https:\/\/a-pant.ee\/ru\/wp-json\/wp\/v2\/product_tag?post=29267"}],"curies":[{"name":"wp","href":"https:\/\/api.w.org\/{rel}","templated":true}]}}