{"id":29260,"date":"2026-02-04T11:58:16","date_gmt":"2026-02-04T08:58:16","guid":{"rendered":"https:\/\/a-pant.ee\/product\/smart-chasy-polar-unite-wr30\/"},"modified":"2026-02-22T12:26:36","modified_gmt":"2026-02-22T09:26:36","slug":"smart-chasy-polar-unite-wr30-remeshok-zaryadka","status":"publish","type":"product","link":"https:\/\/a-pant.ee\/ru\/product\/smart-chasy-polar-unite-wr30-remeshok-zaryadka\/","title":{"rendered":"\u0421\u043c\u0430\u0440\u0442-\u0447\u0430\u0441\u044b Polar Unite WR30 + \u0420\u0435\u043c\u0435\u0448\u043e\u043a + \u0417\u0430\u0440\u044f\u0434\u043a\u0430"},"content":{"rendered":"\n<p> Nutikell Polar Unite WR30 + Rihm + Laadija,\u00a0heas seisu- ja t\u00f6\u00f6korras! <\/p><p> KIRJELDUS <\/p><p> Toote t\u00fc\u00fcp <\/p><p> Nutikellad <\/p><p> Kaubam\u00e4rk <\/p><p> Polar <\/p><p> Mudel <\/p><p> Unite S Hook &amp; Loop <\/p><p> M\u00f5eldud <\/p><p> Meeste <\/p><p> Rihma t\u00fc\u00fcp <\/p><p> Klassikaline <\/p><p> Rihma v\u00e4rv <\/p><p> Valge <\/p><p> K\u00e4ev\u00f5ru m\u00f5\u00f5tmed (k\u00f5rgus S laius) <\/p><p> Liidesed <\/p><p> Bluetooth <\/p><p><strong> Kokkusobivus <\/strong><\/p><p> \u00dchildub operatsioonis\u00fcsteemidega <\/p><p> Mac OS X, Windows 7 <\/p><p><strong> Ekraan <\/strong><\/p><p> Ekraan <\/p><p> Jah <\/p><p> Kuva t\u00fc\u00fcp <\/p><p> TFT <\/p><p> Ekraani suurus <\/p><p> 1.2 &#187; <\/p><p> Resolutsioon <\/p><p> 240 x 240 <\/p><p><strong> Aku <\/strong><\/p><p> Aku maht <\/p><p> 174 mAh <\/p><p> T\u00f6\u00f6aeg t\u00e4islaetud akuga <\/p><p> 7 d <\/p><p><strong> Lisaks <\/strong><\/p><p> Keel <\/p><p> Japon\u0173, Poola, Prantsuse, Saksa, Vene <\/p><p> Funktsioonid <\/p><p> \u00a0 <\/p><p> P\u00f5letatud kalorite arvutamine, Sammulugeja, Spordire\u017eiimid, Une monitooring <\/p><p> \u00a0 <\/p>\n","protected":false},"excerpt":{"rendered":"<p>Nutikell Polar Unite WR30 + Rihm + Laadija,\u00a0heas seisu- ja t\u00f6\u00f6korras! KIRJELDUS Toote t\u00fc\u00fcp Nutikellad Kaubam\u00e4rk Polar Mudel Unite S Hook &amp; Loop M\u00f5eldud Meeste Rihma t\u00fc\u00fcp Klassikaline Rihma v\u00e4rv Valge K\u00e4ev\u00f5ru m\u00f5\u00f5tmed (k\u00f5rgus S laius) Liidesed Bluetooth Kokkusobivus \u00dchildub operatsioonis\u00fcsteemidega Mac OS X, Windows 7 Ekraan Ekraan Jah Kuva t\u00fc\u00fcp TFT Ekraani suurus 1.2 [&hellip;]<\/p>\n","protected":false},"featured_media":29261,"comment_status":"closed","ping_status":"open","template":"","meta":{"inline_featured_image":false},"product_brand":[],"product_cat":[176],"product_tag":[],"class_list":{"0":"post-29260","1":"product","2":"type-product","3":"status-publish","4":"has-post-thumbnail","6":"product_cat-smart-chasy","7":"pa_asukoht-mustamae","8":"pa_seisukord-ispolzovano","10":"first","11":"instock","12":"taxable","13":"shipping-taxable","14":"purchasable","15":"product-type-simple"},"_links":{"self":[{"href":"https:\/\/a-pant.ee\/ru\/wp-json\/wp\/v2\/product\/29260","targetHints":{"allow":["GET"]}}],"collection":[{"href":"https:\/\/a-pant.ee\/ru\/wp-json\/wp\/v2\/product"}],"about":[{"href":"https:\/\/a-pant.ee\/ru\/wp-json\/wp\/v2\/types\/product"}],"replies":[{"embeddable":true,"href":"https:\/\/a-pant.ee\/ru\/wp-json\/wp\/v2\/comments?post=29260"}],"wp:featuredmedia":[{"embeddable":true,"href":"https:\/\/a-pant.ee\/ru\/wp-json\/wp\/v2\/media\/29261"}],"wp:attachment":[{"href":"https:\/\/a-pant.ee\/ru\/wp-json\/wp\/v2\/media?parent=29260"}],"wp:term":[{"taxonomy":"product_brand","embeddable":true,"href":"https:\/\/a-pant.ee\/ru\/wp-json\/wp\/v2\/product_brand?post=29260"},{"taxonomy":"product_cat","embeddable":true,"href":"https:\/\/a-pant.ee\/ru\/wp-json\/wp\/v2\/product_cat?post=29260"},{"taxonomy":"product_tag","embeddable":true,"href":"https:\/\/a-pant.ee\/ru\/wp-json\/wp\/v2\/product_tag?post=29260"}],"curies":[{"name":"wp","href":"https:\/\/api.w.org\/{rel}","templated":true}]}}