{"id":29253,"date":"2026-02-04T11:58:16","date_gmt":"2026-02-04T08:58:16","guid":{"rendered":"https:\/\/a-pant.ee\/product\/nivellir-kapro-873-luch-krasnyy\/"},"modified":"2026-02-22T12:26:36","modified_gmt":"2026-02-22T09:26:36","slug":"nivelir-kapro-873-luch-krasnyj","status":"publish","type":"product","link":"https:\/\/a-pant.ee\/ru\/product\/nivelir-kapro-873-luch-krasnyj\/","title":{"rendered":"\u041d\u0438\u0432\u0435\u043b\u0438\u0440 Kapro 873 &#8212; \u041b\u0443\u0447 \u041a\u0440\u0430\u0441\u043d\u044b\u0439"},"content":{"rendered":"\n<p> Niveliir Kapro 873 &#8212; Punane, t\u00f6\u00f6korras! <\/p><p> KIRJELDUS <\/p><table><tbody><tr><td> Toote t\u00fc\u00fcp <\/td><td><a href=\"https:\/\/www.k-rauta.ee\/c\/tooriistad\/mehaanilised-tooriistad\/mooteriistad-ja-seadmed\/mooteriistad\/loodid\/88?f=4b66\" rel=\"nofollow noopener\" target=\"_blank\"> Nivelliir <\/a><\/td><\/tr><tr><td> Kaubam\u00e4rk <\/td><td><a href=\"https:\/\/www.k-rauta.ee\/c\/tooriistad\/mehaanilised-tooriistad\/mooteriistad-ja-seadmed\/mooteriistad\/loodid\/88?f=cv3n\" rel=\"nofollow noopener\" target=\"_blank\"> Kapro <\/a><\/td><\/tr><tr><td> Mudel <\/td><td> 873 Prolaser Vector Laser Level <\/td><\/tr><tr><td> Laseri joone v\u00e4rv <\/td><td><a href=\"https:\/\/www.k-rauta.ee\/c\/tooriistad\/mehaanilised-tooriistad\/mooteriistad-ja-seadmed\/mooteriistad\/loodid\/88?f=77rq\" rel=\"nofollow noopener\" target=\"_blank\"> Punane <\/a><\/td><\/tr><tr><td> T\u00e4iendav info <\/td><td> Vahemik: 30 m. T\u00e4psus: 0,2 mm. Patareid: 3xAA <\/td><\/tr><\/tbody><\/table>\n","protected":false},"excerpt":{"rendered":"<p>Niveliir Kapro 873 &#8212; Punane, t\u00f6\u00f6korras! KIRJELDUS Toote t\u00fc\u00fcp Nivelliir Kaubam\u00e4rk Kapro Mudel 873 Prolaser Vector Laser Level Laseri joone v\u00e4rv Punane T\u00e4iendav info Vahemik: 30 m. T\u00e4psus: 0,2 mm. Patareid: 3xAA<\/p>\n","protected":false},"featured_media":29254,"comment_status":"closed","ping_status":"open","template":"","meta":{"inline_featured_image":false},"product_brand":[],"product_cat":[232],"product_tag":[],"class_list":{"0":"post-29253","1":"product","2":"type-product","3":"status-publish","4":"has-post-thumbnail","6":"product_cat-lazernye-niveliry","7":"pa_asukoht-mustamae","8":"pa_seisukord-ispolzovano","10":"first","11":"instock","12":"taxable","13":"shipping-taxable","14":"purchasable","15":"product-type-simple"},"_links":{"self":[{"href":"https:\/\/a-pant.ee\/ru\/wp-json\/wp\/v2\/product\/29253","targetHints":{"allow":["GET"]}}],"collection":[{"href":"https:\/\/a-pant.ee\/ru\/wp-json\/wp\/v2\/product"}],"about":[{"href":"https:\/\/a-pant.ee\/ru\/wp-json\/wp\/v2\/types\/product"}],"replies":[{"embeddable":true,"href":"https:\/\/a-pant.ee\/ru\/wp-json\/wp\/v2\/comments?post=29253"}],"wp:featuredmedia":[{"embeddable":true,"href":"https:\/\/a-pant.ee\/ru\/wp-json\/wp\/v2\/media\/29254"}],"wp:attachment":[{"href":"https:\/\/a-pant.ee\/ru\/wp-json\/wp\/v2\/media?parent=29253"}],"wp:term":[{"taxonomy":"product_brand","embeddable":true,"href":"https:\/\/a-pant.ee\/ru\/wp-json\/wp\/v2\/product_brand?post=29253"},{"taxonomy":"product_cat","embeddable":true,"href":"https:\/\/a-pant.ee\/ru\/wp-json\/wp\/v2\/product_cat?post=29253"},{"taxonomy":"product_tag","embeddable":true,"href":"https:\/\/a-pant.ee\/ru\/wp-json\/wp\/v2\/product_tag?post=29253"}],"curies":[{"name":"wp","href":"https:\/\/api.w.org\/{rel}","templated":true}]}}