{"id":29246,"date":"2026-02-04T11:58:16","date_gmt":"2026-02-04T08:58:16","guid":{"rendered":"https:\/\/a-pant.ee\/product\/vozdushnyy-kompressor-black-decker-1100w-pistolet-fxa\/"},"modified":"2026-02-22T12:26:36","modified_gmt":"2026-02-22T09:26:36","slug":"vozdushnyj-kompressor-blackdecker-1100w-pistolet-fxa","status":"publish","type":"product","link":"https:\/\/a-pant.ee\/ru\/product\/vozdushnyj-kompressor-blackdecker-1100w-pistolet-fxa\/","title":{"rendered":"\u0412\u043e\u0437\u0434\u0443\u0448\u043d\u044b\u0439 \u043a\u043e\u043c\u043f\u0440\u0435\u0441\u0441\u043e\u0440 Black&#038;Decker 1100w + \u041f\u0438\u0441\u0442\u043e\u043b\u0435\u0442 FXA"},"content":{"rendered":"\n<p> \u00d5hukompressor Black&amp;Decker 1100w + Naelap\u00fcstol FXA, heas seisu- ja t\u00f6\u00f6korras! <\/p><p> KIRJELDUS <\/p><p> \u00d5hukompressor: <\/p><p> T\u00f6\u00f6tlikus: 180 l\/min <br \/> T\u00f6\u00f6r\u00f5hk: 8 bar <br \/> V\u00f5imsus: 1100 W <\/p><p> Naelap\u00fcstol: <br \/> Toote t\u00fc\u00fcp Naelap\u00fcstol <br \/> Kaubam\u00e4rk Fxa <br \/> Surve 5 &#8212; 7.5 Bar <br \/> \u00d5hutarve 1 &#8212; 4 l\/min <br \/> Klambrite pikkus 18 &#8212; 40 mm <br \/> Naela pikkus 20 &#8212; 50 mm <\/p>\n","protected":false},"excerpt":{"rendered":"<p>\u00d5hukompressor Black&amp;Decker 1100w + Naelap\u00fcstol FXA, heas seisu- ja t\u00f6\u00f6korras! KIRJELDUS \u00d5hukompressor: T\u00f6\u00f6tlikus: 180 l\/min T\u00f6\u00f6r\u00f5hk: 8 bar V\u00f5imsus: 1100 W Naelap\u00fcstol: Toote t\u00fc\u00fcp Naelap\u00fcstol Kaubam\u00e4rk Fxa Surve 5 &#8212; 7.5 Bar \u00d5hutarve 1 &#8212; 4 l\/min Klambrite pikkus 18 &#8212; 40 mm Naela pikkus 20 &#8212; 50 mm<\/p>\n","protected":false},"featured_media":29247,"comment_status":"closed","ping_status":"closed","template":"","meta":{"inline_featured_image":false},"product_brand":[],"product_cat":[246,236],"product_tag":[],"class_list":{"0":"post-29246","1":"product","2":"type-product","3":"status-publish","4":"has-post-thumbnail","6":"product_cat-instrumenty-drugoe","7":"product_cat-pnevmaticheskij-instrument","8":"product_shipping_class-oversize","9":"pa_asukoht-mustamae","10":"pa_seisukord-ispolzovano","12":"first","13":"instock","14":"taxable","15":"shipping-taxable","16":"purchasable","17":"product-type-simple"},"_links":{"self":[{"href":"https:\/\/a-pant.ee\/ru\/wp-json\/wp\/v2\/product\/29246","targetHints":{"allow":["GET"]}}],"collection":[{"href":"https:\/\/a-pant.ee\/ru\/wp-json\/wp\/v2\/product"}],"about":[{"href":"https:\/\/a-pant.ee\/ru\/wp-json\/wp\/v2\/types\/product"}],"replies":[{"embeddable":true,"href":"https:\/\/a-pant.ee\/ru\/wp-json\/wp\/v2\/comments?post=29246"}],"wp:featuredmedia":[{"embeddable":true,"href":"https:\/\/a-pant.ee\/ru\/wp-json\/wp\/v2\/media\/29247"}],"wp:attachment":[{"href":"https:\/\/a-pant.ee\/ru\/wp-json\/wp\/v2\/media?parent=29246"}],"wp:term":[{"taxonomy":"product_brand","embeddable":true,"href":"https:\/\/a-pant.ee\/ru\/wp-json\/wp\/v2\/product_brand?post=29246"},{"taxonomy":"product_cat","embeddable":true,"href":"https:\/\/a-pant.ee\/ru\/wp-json\/wp\/v2\/product_cat?post=29246"},{"taxonomy":"product_tag","embeddable":true,"href":"https:\/\/a-pant.ee\/ru\/wp-json\/wp\/v2\/product_tag?post=29246"}],"curies":[{"name":"wp","href":"https:\/\/api.w.org\/{rel}","templated":true}]}}