{"id":29232,"date":"2026-02-04T11:58:16","date_gmt":"2026-02-04T08:58:16","guid":{"rendered":"https:\/\/a-pant.ee\/product\/noutbuk-hp-elite-x2-1012-g2-zaryadka\/"},"modified":"2026-02-22T12:26:36","modified_gmt":"2026-02-22T09:26:36","slug":"noutbuk-hp-elite-x2-1012-g2-zaryadka","status":"publish","type":"product","link":"https:\/\/a-pant.ee\/ru\/product\/noutbuk-hp-elite-x2-1012-g2-zaryadka\/","title":{"rendered":"\u041d\u043e\u0443\u0442\u0431\u0443\u043a HP Elite X2 1012 g2 + \u0437\u0430\u0440\u044f\u0434\u043a\u0430"},"content":{"rendered":"\n<p> S\u00fclearvuti HP Elite X2 1012 g2 + laadija, heas seisu- ja t\u00f6\u00f6korras! <\/p><p> Korpusel on nurgas kahjustused <\/p><p> Protsessor: Intel(R) Core(TM) i5-7300 CPU @ 2.60GHz (4 CPUs) <\/p><p> Operatiiv m\u00e4lu:\u00a08,0GB (8192 MB) <\/p><p> Videokaart: Intel(R) HD Graphics 620 <\/p><p> K\u00f5vakettas: MTFDDAV256TBN-1AR15ABHA <\/p><p> Windows: 10 Pro 64 bit <\/p>\n","protected":false},"excerpt":{"rendered":"<p>S\u00fclearvuti HP Elite X2 1012 g2 + laadija, heas seisu- ja t\u00f6\u00f6korras! Korpusel on nurgas kahjustused Protsessor: Intel(R) Core(TM) i5-7300 CPU @ 2.60GHz (4 CPUs) Operatiiv m\u00e4lu:\u00a08,0GB (8192 MB) Videokaart: Intel(R) HD Graphics 620 K\u00f5vakettas: MTFDDAV256TBN-1AR15ABHA Windows: 10 Pro 64 bit<\/p>\n","protected":false},"featured_media":29233,"comment_status":"closed","ping_status":"open","template":"","meta":{"inline_featured_image":false},"product_brand":[],"product_cat":[179],"product_tag":[],"class_list":{"0":"post-29232","1":"product","2":"type-product","3":"status-publish","4":"has-post-thumbnail","6":"product_cat-noutbuki","7":"pa_asukoht-mustamae","8":"pa_seisukord-ispolzovano","10":"first","11":"instock","12":"taxable","13":"shipping-taxable","14":"purchasable","15":"product-type-simple"},"_links":{"self":[{"href":"https:\/\/a-pant.ee\/ru\/wp-json\/wp\/v2\/product\/29232","targetHints":{"allow":["GET"]}}],"collection":[{"href":"https:\/\/a-pant.ee\/ru\/wp-json\/wp\/v2\/product"}],"about":[{"href":"https:\/\/a-pant.ee\/ru\/wp-json\/wp\/v2\/types\/product"}],"replies":[{"embeddable":true,"href":"https:\/\/a-pant.ee\/ru\/wp-json\/wp\/v2\/comments?post=29232"}],"wp:featuredmedia":[{"embeddable":true,"href":"https:\/\/a-pant.ee\/ru\/wp-json\/wp\/v2\/media\/29233"}],"wp:attachment":[{"href":"https:\/\/a-pant.ee\/ru\/wp-json\/wp\/v2\/media?parent=29232"}],"wp:term":[{"taxonomy":"product_brand","embeddable":true,"href":"https:\/\/a-pant.ee\/ru\/wp-json\/wp\/v2\/product_brand?post=29232"},{"taxonomy":"product_cat","embeddable":true,"href":"https:\/\/a-pant.ee\/ru\/wp-json\/wp\/v2\/product_cat?post=29232"},{"taxonomy":"product_tag","embeddable":true,"href":"https:\/\/a-pant.ee\/ru\/wp-json\/wp\/v2\/product_tag?post=29232"}],"curies":[{"name":"wp","href":"https:\/\/api.w.org\/{rel}","templated":true}]}}