{"id":29216,"date":"2026-02-04T11:58:16","date_gmt":"2026-02-04T08:58:16","guid":{"rendered":"https:\/\/a-pant.ee\/product\/mashina-dlya-zapravki-freonov-rg5410a\/"},"modified":"2026-02-22T12:26:35","modified_gmt":"2026-02-22T09:26:35","slug":"mashina-dlya-zapravki-freonom-rg5410a","status":"publish","type":"product","link":"https:\/\/a-pant.ee\/ru\/product\/mashina-dlya-zapravki-freonom-rg5410a\/","title":{"rendered":"\u041c\u0430\u0448\u0438\u043d\u0430 \u0434\u043b\u044f \u0437\u0430\u043f\u0440\u0430\u0432\u043a\u0438 \u0444\u0440\u0435\u043e\u043d\u043e\u043c RG5410A"},"content":{"rendered":"\n<p> Freooni T\u00e4itmismasin RG5410A, heas seisu- ja t\u00f6\u00f6korras! <\/p><ul><li> T\u00fc\u00fcp:\u00a0Kaasaskantav k\u00fclmaaine taaskasutus- ja t\u00e4iteseade <\/li><li> Sobivad k\u00fclmaained:\u00a0Toetab CFC, HCFC ja HFC (sh R-410A) <\/li><li> Kompressor:\u00a0\u00d5livaba kolbkompressor <\/li><li> Tootlikkus (vedel):\u00a0kuni 0,81 kg\/min <\/li><li> Tootlikkus (gaas):\u00a0kuni 0,29 kg\/min <\/li><li> Maksimaalne t\u00f6\u00f6r\u00f5hk:\u00a038,5 bar <\/li><li> Katkestusr\u00f5hk:\u00a0517 psi (umbes 35,6 bar) <\/li><li> T\u00f6\u00f6ping:\u00a0230 V \/ 50 Hz <\/li><li> V\u00f5imsus:\u00a0umbes 730 W <\/li><li> Kaal:\u00a0umbes 16 kg <\/li><li> Funktsioonid: <ul><li> Automaatne \u00fclekoormuskaitse <\/li><li> Sisseehitatud jahutusventilaator <\/li><li> T\u00e4ieliku t\u00fchjendamise re\u017eiim <\/li><li> Talub saastunud k\u00fclmaaineid <\/li><\/ul><\/li><li> Kasutusvaldkond:\u00a0K\u00fclmaseadmete, konditsioneeride ja soojuspumpade hooldus ja demonteerimine <\/li><\/ul>\n","protected":false},"excerpt":{"rendered":"<p>Freooni T\u00e4itmismasin RG5410A, heas seisu- ja t\u00f6\u00f6korras! T\u00fc\u00fcp:\u00a0Kaasaskantav k\u00fclmaaine taaskasutus- ja t\u00e4iteseade Sobivad k\u00fclmaained:\u00a0Toetab CFC, HCFC ja HFC (sh R-410A) Kompressor:\u00a0\u00d5livaba kolbkompressor Tootlikkus (vedel):\u00a0kuni 0,81 kg\/min Tootlikkus (gaas):\u00a0kuni 0,29 kg\/min Maksimaalne t\u00f6\u00f6r\u00f5hk:\u00a038,5 bar Katkestusr\u00f5hk:\u00a0517 psi (umbes 35,6 bar) T\u00f6\u00f6ping:\u00a0230 V \/ 50 Hz V\u00f5imsus:\u00a0umbes 730 W Kaal:\u00a0umbes 16 kg Funktsioonid: Automaatne \u00fclekoormuskaitse Sisseehitatud jahutusventilaator T\u00e4ieliku [&hellip;]<\/p>\n","protected":false},"featured_media":29217,"comment_status":"closed","ping_status":"open","template":"","meta":{"inline_featured_image":false},"product_brand":[],"product_cat":[246],"product_tag":[],"class_list":{"0":"post-29216","1":"product","2":"type-product","3":"status-publish","4":"has-post-thumbnail","6":"product_cat-instrumenty-drugoe","7":"pa_asukoht-mustamae","8":"pa_seisukord-ispolzovano","10":"first","11":"instock","12":"taxable","13":"shipping-taxable","14":"purchasable","15":"product-type-simple"},"_links":{"self":[{"href":"https:\/\/a-pant.ee\/ru\/wp-json\/wp\/v2\/product\/29216","targetHints":{"allow":["GET"]}}],"collection":[{"href":"https:\/\/a-pant.ee\/ru\/wp-json\/wp\/v2\/product"}],"about":[{"href":"https:\/\/a-pant.ee\/ru\/wp-json\/wp\/v2\/types\/product"}],"replies":[{"embeddable":true,"href":"https:\/\/a-pant.ee\/ru\/wp-json\/wp\/v2\/comments?post=29216"}],"wp:featuredmedia":[{"embeddable":true,"href":"https:\/\/a-pant.ee\/ru\/wp-json\/wp\/v2\/media\/29217"}],"wp:attachment":[{"href":"https:\/\/a-pant.ee\/ru\/wp-json\/wp\/v2\/media?parent=29216"}],"wp:term":[{"taxonomy":"product_brand","embeddable":true,"href":"https:\/\/a-pant.ee\/ru\/wp-json\/wp\/v2\/product_brand?post=29216"},{"taxonomy":"product_cat","embeddable":true,"href":"https:\/\/a-pant.ee\/ru\/wp-json\/wp\/v2\/product_cat?post=29216"},{"taxonomy":"product_tag","embeddable":true,"href":"https:\/\/a-pant.ee\/ru\/wp-json\/wp\/v2\/product_tag?post=29216"}],"curies":[{"name":"wp","href":"https:\/\/api.w.org\/{rel}","templated":true}]}}