{"id":29200,"date":"2026-02-04T11:58:16","date_gmt":"2026-02-04T08:58:16","guid":{"rendered":"https:\/\/a-pant.ee\/product\/lobzik-matrix-akjs-18-li\/"},"modified":"2026-02-22T12:26:35","modified_gmt":"2026-02-22T09:26:35","slug":"lobzik-matrix-akjs-18-li-akb-zaryadka","status":"publish","type":"product","link":"https:\/\/a-pant.ee\/ru\/product\/lobzik-matrix-akjs-18-li-akb-zaryadka\/","title":{"rendered":"\u041b\u043e\u0431\u0437\u0438\u043a Matrix AKJS 18 LI + A\u041a\u0411 + \u0417\u0430\u0440\u044f\u0434\u043a\u0430"},"content":{"rendered":"\n<p> Tigsaag Matrix AKJS 18 LI + Aku + Laadija\u00a0, heas seisu- ja t\u00f6\u00f6korras! <\/p><p> KIRJELDUS <\/p><ul><li> Toiteallikas:\u00a0Akutoitega (18 V Li-Ion) <\/li><li> Maksimaalne l\u00f5ikes\u00fcgavus puidus:\u00a0kuni 65 mm <\/li><li> Maksimaalne l\u00f5ikes\u00fcgavus metallis:\u00a0kuni 8 mm <\/li><li> K\u00e4igukiirus:\u00a00\u20132500 l\u00f6\u00f6ki minutis <\/li><li> Pendellik\u00e4ik:\u00a03-astmeline, kiireks ja j\u00e4medaks saagimiseks <\/li><li> Tallanurga reguleerimine:\u00a0kuni 45\u00b0 vasakule ja paremale <\/li><li> Kiirvahetuss\u00fcsteem:\u00a0t\u00f6\u00f6riistavaba saelehtede vahetus (kiirpingutusmehhanism) <\/li><li> Funktsioonid:\u00a0Vibratsioonivastane s\u00fcsteem, sissel\u00fclituse lukustus, t\u00f6\u00f6ala LED-valgustus <\/li><li> Kaal:\u00a0umbes 2,1 kg <\/li><\/ul>\n","protected":false},"excerpt":{"rendered":"<p>Tigsaag Matrix AKJS 18 LI + Aku + Laadija\u00a0, heas seisu- ja t\u00f6\u00f6korras! KIRJELDUS Toiteallikas:\u00a0Akutoitega (18 V Li-Ion) Maksimaalne l\u00f5ikes\u00fcgavus puidus:\u00a0kuni 65 mm Maksimaalne l\u00f5ikes\u00fcgavus metallis:\u00a0kuni 8 mm K\u00e4igukiirus:\u00a00\u20132500 l\u00f6\u00f6ki minutis Pendellik\u00e4ik:\u00a03-astmeline, kiireks ja j\u00e4medaks saagimiseks Tallanurga reguleerimine:\u00a0kuni 45\u00b0 vasakule ja paremale Kiirvahetuss\u00fcsteem:\u00a0t\u00f6\u00f6riistavaba saelehtede vahetus (kiirpingutusmehhanism) Funktsioonid:\u00a0Vibratsioonivastane s\u00fcsteem, sissel\u00fclituse lukustus, t\u00f6\u00f6ala LED-valgustus Kaal:\u00a0umbes 2,1 kg<\/p>\n","protected":false},"featured_media":29201,"comment_status":"closed","ping_status":"open","template":"","meta":{"inline_featured_image":false},"product_brand":[],"product_cat":[244],"product_tag":[],"class_list":{"0":"post-29200","1":"product","2":"type-product","3":"status-publish","4":"has-post-thumbnail","6":"product_cat-lobziki","7":"pa_seisukord-ispolzovano","9":"first","10":"instock","11":"taxable","12":"shipping-taxable","13":"purchasable","14":"product-type-simple"},"_links":{"self":[{"href":"https:\/\/a-pant.ee\/ru\/wp-json\/wp\/v2\/product\/29200","targetHints":{"allow":["GET"]}}],"collection":[{"href":"https:\/\/a-pant.ee\/ru\/wp-json\/wp\/v2\/product"}],"about":[{"href":"https:\/\/a-pant.ee\/ru\/wp-json\/wp\/v2\/types\/product"}],"replies":[{"embeddable":true,"href":"https:\/\/a-pant.ee\/ru\/wp-json\/wp\/v2\/comments?post=29200"}],"wp:featuredmedia":[{"embeddable":true,"href":"https:\/\/a-pant.ee\/ru\/wp-json\/wp\/v2\/media\/29201"}],"wp:attachment":[{"href":"https:\/\/a-pant.ee\/ru\/wp-json\/wp\/v2\/media?parent=29200"}],"wp:term":[{"taxonomy":"product_brand","embeddable":true,"href":"https:\/\/a-pant.ee\/ru\/wp-json\/wp\/v2\/product_brand?post=29200"},{"taxonomy":"product_cat","embeddable":true,"href":"https:\/\/a-pant.ee\/ru\/wp-json\/wp\/v2\/product_cat?post=29200"},{"taxonomy":"product_tag","embeddable":true,"href":"https:\/\/a-pant.ee\/ru\/wp-json\/wp\/v2\/product_tag?post=29200"}],"curies":[{"name":"wp","href":"https:\/\/api.w.org\/{rel}","templated":true}]}}