{"id":29194,"date":"2026-02-04T11:58:16","date_gmt":"2026-02-04T08:58:16","guid":{"rendered":"https:\/\/a-pant.ee\/product\/smart-chasy-huawei-watch-gt-2-46mm\/"},"modified":"2026-02-22T12:26:35","modified_gmt":"2026-02-22T09:26:35","slug":"smart-chasy-huawei-watch-gt-2-46-mm-korobka-zaryadka","status":"publish","type":"product","link":"https:\/\/a-pant.ee\/ru\/product\/smart-chasy-huawei-watch-gt-2-46-mm-korobka-zaryadka\/","title":{"rendered":"\u0421\u043c\u0430\u0440\u0442-\u0427\u0430\u0441\u044b Huawei Watch GT 2 46 \u043c\u043c + \u041a\u043e\u0440\u043e\u0431\u043a\u0430 + \u0417\u0430\u0440\u044f\u0434\u043a\u0430"},"content":{"rendered":"\n<p> Nutikellad Huawei Watch GT-2 46MM + Laadija + Karp, heas seisu- ja t\u00f6\u00f6korras! <\/p><p> KIRJELDUS <\/p><ul><li> Ekraan:\u00a01,39&#8243; AMOLED, resolutsioon 454\u00d7454 pikslit <\/li><li> Protsessor:\u00a0Kirin A1 <\/li><li> RAM:\u00a032 MB <\/li><li> Sisem\u00e4lu:\u00a04 GB <\/li><li> \u00dchendused:\u00a0Bluetooth 5.1, GPS, GLONASS <\/li><li> Andurid:\u00a0Pulsiandur, kiirendusm\u00f5\u00f5tur, g\u00fcroskoop, baromeeter, kompass, valgusandur <\/li><li> Funktsioonid:\u00a0K\u00f5ne- ja s\u00f5numiteavitused, muusika juhtimine, stressi j\u00e4lgimine, une j\u00e4lgimine, treeningute j\u00e4lgimine, VO2 Max m\u00f5\u00f5tmine <\/li><li> Spordire\u017eiimid:\u00a0Jooksmine, ujumine, jalgrattas\u00f5it, k\u00f5ndimine, trena\u017e\u00f6\u00f6rid jpm. <\/li><li> Veekindlus:\u00a05 ATM (kuni 50 m) <\/li><li> Aku kestvus:\u00a0kuni 14 p\u00e4eva \u00fche laadimisega <\/li><li> Navigatsioon:\u00a0Sisseehitatud GPS + GLONASS <\/li><li> \u00dchilduvus:\u00a0Android 4.4 ja uuem, iOS 9.0 ja uuem <\/li><li> M\u00f5\u00f5tmed:\u00a045,9 \u00d7 45,9 \u00d7 10,7 mm <\/li><li> Kaal:\u00a0umbes 41 g (ilma rihmata) <\/li><\/ul>\n","protected":false},"excerpt":{"rendered":"<p>Nutikellad Huawei Watch GT-2 46MM + Laadija + Karp, heas seisu- ja t\u00f6\u00f6korras! KIRJELDUS Ekraan:\u00a01,39&#8243; AMOLED, resolutsioon 454\u00d7454 pikslit Protsessor:\u00a0Kirin A1 RAM:\u00a032 MB Sisem\u00e4lu:\u00a04 GB \u00dchendused:\u00a0Bluetooth 5.1, GPS, GLONASS Andurid:\u00a0Pulsiandur, kiirendusm\u00f5\u00f5tur, g\u00fcroskoop, baromeeter, kompass, valgusandur Funktsioonid:\u00a0K\u00f5ne- ja s\u00f5numiteavitused, muusika juhtimine, stressi j\u00e4lgimine, une j\u00e4lgimine, treeningute j\u00e4lgimine, VO2 Max m\u00f5\u00f5tmine Spordire\u017eiimid:\u00a0Jooksmine, ujumine, jalgrattas\u00f5it, k\u00f5ndimine, trena\u017e\u00f6\u00f6rid jpm. [&hellip;]<\/p>\n","protected":false},"featured_media":29195,"comment_status":"closed","ping_status":"open","template":"","meta":{"inline_featured_image":false},"product_brand":[],"product_cat":[176],"product_tag":[],"class_list":{"0":"post-29194","1":"product","2":"type-product","3":"status-publish","4":"has-post-thumbnail","6":"product_cat-smart-chasy","7":"pa_asukoht-mustamae","8":"pa_seisukord-ispolzovano","10":"first","11":"instock","12":"taxable","13":"shipping-taxable","14":"purchasable","15":"product-type-simple"},"_links":{"self":[{"href":"https:\/\/a-pant.ee\/ru\/wp-json\/wp\/v2\/product\/29194","targetHints":{"allow":["GET"]}}],"collection":[{"href":"https:\/\/a-pant.ee\/ru\/wp-json\/wp\/v2\/product"}],"about":[{"href":"https:\/\/a-pant.ee\/ru\/wp-json\/wp\/v2\/types\/product"}],"replies":[{"embeddable":true,"href":"https:\/\/a-pant.ee\/ru\/wp-json\/wp\/v2\/comments?post=29194"}],"wp:featuredmedia":[{"embeddable":true,"href":"https:\/\/a-pant.ee\/ru\/wp-json\/wp\/v2\/media\/29195"}],"wp:attachment":[{"href":"https:\/\/a-pant.ee\/ru\/wp-json\/wp\/v2\/media?parent=29194"}],"wp:term":[{"taxonomy":"product_brand","embeddable":true,"href":"https:\/\/a-pant.ee\/ru\/wp-json\/wp\/v2\/product_brand?post=29194"},{"taxonomy":"product_cat","embeddable":true,"href":"https:\/\/a-pant.ee\/ru\/wp-json\/wp\/v2\/product_cat?post=29194"},{"taxonomy":"product_tag","embeddable":true,"href":"https:\/\/a-pant.ee\/ru\/wp-json\/wp\/v2\/product_tag?post=29194"}],"curies":[{"name":"wp","href":"https:\/\/api.w.org\/{rel}","templated":true}]}}