{"id":29183,"date":"2026-02-04T11:58:16","date_gmt":"2026-02-04T08:58:16","guid":{"rendered":"https:\/\/a-pant.ee\/product\/parovaya-sistema-aurus-sc233-polnyy-komplekt\/"},"modified":"2026-02-22T12:26:35","modified_gmt":"2026-02-22T09:26:35","slug":"parovaya-sistema-aurus-sc233-polnyj-komplekt","status":"publish","type":"product","link":"https:\/\/a-pant.ee\/ru\/product\/parovaya-sistema-aurus-sc233-polnyj-komplekt\/","title":{"rendered":"\u041f\u0430\u0440\u043e\u0432\u0430\u044f \u0441\u0438\u0441\u0442\u0435\u043c\u0430 Aurus SC233, \u041f\u043e\u043b\u043d\u044b\u0439 \u043a\u043e\u043c\u043f\u043b\u0435\u043a\u0442"},"content":{"rendered":"\n<p> Auruss\u00fcsteem Aurus SC233, T\u00e4iskomplekt, heas seisu- ja t\u00f6\u00f6korras! <\/p><p> KIRJELDUS <\/p><ul><li> Seadme t\u00fc\u00fcp:\u00a0Universaalne 3-\u00fches aurus\u00fcsteem (aurupuhasti, aurumopp, aurutriikraud) <\/li><li> V\u00f5imsus:\u00a01500 W <\/li><li> Sisendpinge:\u00a0220\u2013240 V, 50\u201360 Hz <\/li><li> Veepaagi maht:\u00a01,6 l <\/li><li> Soojendusaeg:\u00a0umbes 30 sekundit <\/li><li> Maksimaalne auru temperatuur:\u00a0kuni 140\u202f\u00b0C <\/li><li> Aurusurve:\u00a0teave puudub <\/li><li> Juhtme pikkus:\u00a0teave puudub <\/li><li> Kaal:\u00a0umbes 10,96 kg <\/li><li> Materjalid:\u00a0plastik, alumiinium, vask, paber ja muud <\/li><li> Kaitseklass:\u00a0IPX4 (aurupuhasti), IP20 (triikraud) <\/li><li> Omadused: <ul><li> Kiire t\u00f6\u00f6valmidus <\/li><li> Mitmeotstarbeline: p\u00f5randate, m\u00f6\u00f6bli, klaaside, tekstiili jne puhastamiseks <\/li><li> Bakterite ja allergeenide h\u00e4vitamine ilma kemikaalideta <\/li><li> Erinevad otsikud erinevate pindade jaoks <\/li><li> Sobib raskesti ligip\u00e4\u00e4setavatesse kohtadesse <\/li><\/ul><\/li><\/ul>\n","protected":false},"excerpt":{"rendered":"<p>Auruss\u00fcsteem Aurus SC233, T\u00e4iskomplekt, heas seisu- ja t\u00f6\u00f6korras! KIRJELDUS Seadme t\u00fc\u00fcp:\u00a0Universaalne 3-\u00fches aurus\u00fcsteem (aurupuhasti, aurumopp, aurutriikraud) V\u00f5imsus:\u00a01500 W Sisendpinge:\u00a0220\u2013240 V, 50\u201360 Hz Veepaagi maht:\u00a01,6 l Soojendusaeg:\u00a0umbes 30 sekundit Maksimaalne auru temperatuur:\u00a0kuni 140\u202f\u00b0C Aurusurve:\u00a0teave puudub Juhtme pikkus:\u00a0teave puudub Kaal:\u00a0umbes 10,96 kg Materjalid:\u00a0plastik, alumiinium, vask, paber ja muud Kaitseklass:\u00a0IPX4 (aurupuhasti), IP20 (triikraud) Omadused: Kiire t\u00f6\u00f6valmidus Mitmeotstarbeline: p\u00f5randate, [&hellip;]<\/p>\n","protected":false},"featured_media":29184,"comment_status":"closed","ping_status":"open","template":"","meta":{"inline_featured_image":false},"product_brand":[],"product_cat":[166],"product_tag":[],"class_list":{"0":"post-29183","1":"product","2":"type-product","3":"status-publish","4":"has-post-thumbnail","6":"product_cat-bytovaya-tehnika","7":"pa_asukoht-mustamae","8":"pa_seisukord-ispolzovano","10":"first","11":"instock","12":"taxable","13":"shipping-taxable","14":"purchasable","15":"product-type-simple"},"_links":{"self":[{"href":"https:\/\/a-pant.ee\/ru\/wp-json\/wp\/v2\/product\/29183","targetHints":{"allow":["GET"]}}],"collection":[{"href":"https:\/\/a-pant.ee\/ru\/wp-json\/wp\/v2\/product"}],"about":[{"href":"https:\/\/a-pant.ee\/ru\/wp-json\/wp\/v2\/types\/product"}],"replies":[{"embeddable":true,"href":"https:\/\/a-pant.ee\/ru\/wp-json\/wp\/v2\/comments?post=29183"}],"wp:featuredmedia":[{"embeddable":true,"href":"https:\/\/a-pant.ee\/ru\/wp-json\/wp\/v2\/media\/29184"}],"wp:attachment":[{"href":"https:\/\/a-pant.ee\/ru\/wp-json\/wp\/v2\/media?parent=29183"}],"wp:term":[{"taxonomy":"product_brand","embeddable":true,"href":"https:\/\/a-pant.ee\/ru\/wp-json\/wp\/v2\/product_brand?post=29183"},{"taxonomy":"product_cat","embeddable":true,"href":"https:\/\/a-pant.ee\/ru\/wp-json\/wp\/v2\/product_cat?post=29183"},{"taxonomy":"product_tag","embeddable":true,"href":"https:\/\/a-pant.ee\/ru\/wp-json\/wp\/v2\/product_tag?post=29183"}],"curies":[{"name":"wp","href":"https:\/\/api.w.org\/{rel}","templated":true}]}}