{"id":29177,"date":"2026-02-04T11:58:16","date_gmt":"2026-02-04T08:58:16","guid":{"rendered":"https:\/\/a-pant.ee\/product\/akudrel-makita-df347d-akb-14-4v\/"},"modified":"2026-02-22T12:26:34","modified_gmt":"2026-02-22T09:26:34","slug":"akudrel-makita-df347d-akb-14-4v","status":"publish","type":"product","link":"https:\/\/a-pant.ee\/ru\/product\/akudrel-makita-df347d-akb-14-4v\/","title":{"rendered":"\u0410\u043a\u0443\u0434\u0440\u0435\u043b\u044c Makita DF347D + AK\u0411 14.4V"},"content":{"rendered":"\n<p> Akutrell Makita DF347D + AKU 14.4V, heas seisu- ja t\u00f6\u00f6korras! <\/p><p> KIRJELDUS <\/p><ul><li> T\u00f6\u00f6riista t\u00fc\u00fcp:\u00a0Akutrell-kruvikeeraja <\/li><li> Padruni t\u00fc\u00fcp:\u00a0Kiirkinnitus <\/li><li> Padruni l\u00e4bim\u00f5\u00f5t:\u00a00,8 \u2013 10 mm <\/li><li> Maks. puurimisl\u00e4bim\u00f5\u00f5t: <ul><li> Puit: 25 mm <\/li><li> Metall: 10 mm <\/li><\/ul><\/li><li> P\u00f6\u00f6rdemoment: <ul><li> Pehme: 19 N\u00b7m <\/li><li> K\u00f5va: 30 N\u00b7m <\/li><\/ul><\/li><li> P\u00f6\u00f6rdemomendi astmed:\u00a016 + puurimisre\u017eiim <\/li><li> P\u00f6\u00f6rete arv: <ul><li><ol><li> k\u00e4ik: 0\u2013400 p\/min <\/li><\/ol><\/li><li><ol><li> k\u00e4ik: 0\u20131 400 p\/min <\/li><\/ol><\/li><\/ul><\/li><li> Tagasik\u00e4ik (revers):\u00a0Jah <\/li><li> Mootori t\u00fc\u00fcp:\u00a0Harjaga <\/li><li> Kaal:\u00a01,5 kg <\/li><\/ul>\n","protected":false},"excerpt":{"rendered":"<p>Akutrell Makita DF347D + AKU 14.4V, heas seisu- ja t\u00f6\u00f6korras! KIRJELDUS T\u00f6\u00f6riista t\u00fc\u00fcp:\u00a0Akutrell-kruvikeeraja Padruni t\u00fc\u00fcp:\u00a0Kiirkinnitus Padruni l\u00e4bim\u00f5\u00f5t:\u00a00,8 \u2013 10 mm Maks. puurimisl\u00e4bim\u00f5\u00f5t: Puit: 25 mm Metall: 10 mm P\u00f6\u00f6rdemoment: Pehme: 19 N\u00b7m K\u00f5va: 30 N\u00b7m P\u00f6\u00f6rdemomendi astmed:\u00a016 + puurimisre\u017eiim P\u00f6\u00f6rete arv: k\u00e4ik: 0\u2013400 p\/min k\u00e4ik: 0\u20131 400 p\/min Tagasik\u00e4ik (revers):\u00a0Jah Mootori t\u00fc\u00fcp:\u00a0Harjaga Kaal:\u00a01,5 kg<\/p>\n","protected":false},"featured_media":29178,"comment_status":"closed","ping_status":"closed","template":"","meta":{"inline_featured_image":false},"product_brand":[],"product_cat":[221],"product_tag":[],"class_list":{"0":"post-29177","1":"product","2":"type-product","3":"status-publish","4":"has-post-thumbnail","6":"product_cat-akkumulyatornye-dreli","7":"pa_asukoht-mustamae","8":"pa_seisukord-ispolzovano","10":"first","11":"outofstock","12":"taxable","13":"shipping-taxable","14":"purchasable","15":"product-type-simple"},"_links":{"self":[{"href":"https:\/\/a-pant.ee\/ru\/wp-json\/wp\/v2\/product\/29177","targetHints":{"allow":["GET"]}}],"collection":[{"href":"https:\/\/a-pant.ee\/ru\/wp-json\/wp\/v2\/product"}],"about":[{"href":"https:\/\/a-pant.ee\/ru\/wp-json\/wp\/v2\/types\/product"}],"replies":[{"embeddable":true,"href":"https:\/\/a-pant.ee\/ru\/wp-json\/wp\/v2\/comments?post=29177"}],"wp:featuredmedia":[{"embeddable":true,"href":"https:\/\/a-pant.ee\/ru\/wp-json\/wp\/v2\/media\/29178"}],"wp:attachment":[{"href":"https:\/\/a-pant.ee\/ru\/wp-json\/wp\/v2\/media?parent=29177"}],"wp:term":[{"taxonomy":"product_brand","embeddable":true,"href":"https:\/\/a-pant.ee\/ru\/wp-json\/wp\/v2\/product_brand?post=29177"},{"taxonomy":"product_cat","embeddable":true,"href":"https:\/\/a-pant.ee\/ru\/wp-json\/wp\/v2\/product_cat?post=29177"},{"taxonomy":"product_tag","embeddable":true,"href":"https:\/\/a-pant.ee\/ru\/wp-json\/wp\/v2\/product_tag?post=29177"}],"curies":[{"name":"wp","href":"https:\/\/api.w.org\/{rel}","templated":true}]}}