{"id":29143,"date":"2026-02-04T11:55:46","date_gmt":"2026-02-04T08:55:46","guid":{"rendered":"https:\/\/a-pant.ee\/product\/bolgarka-dewalt-dwe4117\/"},"modified":"2026-02-22T12:29:11","modified_gmt":"2026-02-22T09:29:11","slug":"bolgarka-dewalt-dwe4117","status":"publish","type":"product","link":"https:\/\/a-pant.ee\/ru\/product\/bolgarka-dewalt-dwe4117\/","title":{"rendered":"\u0411\u043e\u043b\u0433\u0430\u0440\u043a\u0430 Dewalt DWE4117"},"content":{"rendered":"\n<p> Relakas Dewalt DWE4117, heas seisu- ja t\u00f6\u00f6korras! <\/p><p> KIRJELDUS <\/p><p> Pinge: 240v. <\/p><p> Sisendv\u00f5imsus: 950W. <\/p><p> Laadimiskiirus: 12000. <\/p><p> Max Ketta l\u00e4bim\u00f5\u00f5t: 125 mm. <\/p><p> Spindli keerme (puur): M14 (22 mm) <\/p><p> Kaal: 1,1 kg. <\/p>\n","protected":false},"excerpt":{"rendered":"<p>Relakas Dewalt DWE4117, heas seisu- ja t\u00f6\u00f6korras! KIRJELDUS Pinge: 240v. Sisendv\u00f5imsus: 950W. Laadimiskiirus: 12000. Max Ketta l\u00e4bim\u00f5\u00f5t: 125 mm. Spindli keerme (puur): M14 (22 mm) Kaal: 1,1 kg.<\/p>\n","protected":false},"featured_media":29144,"comment_status":"closed","ping_status":"closed","template":"","meta":{"inline_featured_image":false},"product_brand":[],"product_cat":[235],"product_tag":[],"class_list":{"0":"post-29143","1":"product","2":"type-product","3":"status-publish","4":"has-post-thumbnail","6":"product_cat-bolgarki","7":"pa_asukoht-mustamae","8":"pa_seisukord-ispolzovano","10":"first","11":"outofstock","12":"taxable","13":"shipping-taxable","14":"purchasable","15":"product-type-simple"},"_links":{"self":[{"href":"https:\/\/a-pant.ee\/ru\/wp-json\/wp\/v2\/product\/29143","targetHints":{"allow":["GET"]}}],"collection":[{"href":"https:\/\/a-pant.ee\/ru\/wp-json\/wp\/v2\/product"}],"about":[{"href":"https:\/\/a-pant.ee\/ru\/wp-json\/wp\/v2\/types\/product"}],"replies":[{"embeddable":true,"href":"https:\/\/a-pant.ee\/ru\/wp-json\/wp\/v2\/comments?post=29143"}],"wp:featuredmedia":[{"embeddable":true,"href":"https:\/\/a-pant.ee\/ru\/wp-json\/wp\/v2\/media\/29144"}],"wp:attachment":[{"href":"https:\/\/a-pant.ee\/ru\/wp-json\/wp\/v2\/media?parent=29143"}],"wp:term":[{"taxonomy":"product_brand","embeddable":true,"href":"https:\/\/a-pant.ee\/ru\/wp-json\/wp\/v2\/product_brand?post=29143"},{"taxonomy":"product_cat","embeddable":true,"href":"https:\/\/a-pant.ee\/ru\/wp-json\/wp\/v2\/product_cat?post=29143"},{"taxonomy":"product_tag","embeddable":true,"href":"https:\/\/a-pant.ee\/ru\/wp-json\/wp\/v2\/product_tag?post=29143"}],"curies":[{"name":"wp","href":"https:\/\/api.w.org\/{rel}","templated":true}]}}