{"id":29137,"date":"2026-02-04T11:55:46","date_gmt":"2026-02-04T08:55:46","guid":{"rendered":"https:\/\/a-pant.ee\/product\/vozduhoduvka-echo-p12-25a\/"},"modified":"2026-02-22T12:29:11","modified_gmt":"2026-02-22T09:29:11","slug":"vozduhoduvka-echo-p12-25a","status":"publish","type":"product","link":"https:\/\/a-pant.ee\/ru\/product\/vozduhoduvka-echo-p12-25a\/","title":{"rendered":"\u0412\u043e\u0437\u0434\u0443\u0445\u043e\u0434\u0443\u0432\u043a\u0430 Echo P12-25A"},"content":{"rendered":"\n<p> Puhur Echo P12-25A, heas seisu- ja t\u00f6\u00f6korras! <\/p><p> KIRJELDUS <\/p><p> Mootori t\u00f6\u00f6maht (cm\u00b3) 25,4 <br \/> V\u00f5imsus (kW) 0,9 <br \/> V\u00f5imsus (hj) 1,2 <br \/> T\u00fchimass (kg) 3,9 <br \/> K\u00fctusepaagi maht (l) 0,55 <br \/> K\u00fctusekulu mootori maksimaalse v\u00f5imsuse juures (l\/h) 0,52 <br \/> Puhumisj\u00f5ud (N) 15,8 <br \/> \u00d5hukogus (m\u00b3\/h) 768 <br \/> Maksimaalne \u00f5hukiirus (m\/s) 76,2 <br \/> Drosseli reguleerimisseade Jah <br \/> D\u00fc\u00fcsi t\u00fc\u00fcp \u00dcmmargune sirge <br \/> Vibratsioonitasemed (m\/s\u00b2) (D\u00fc\u00fcsi t\u00fc\u00fcp A\/D\u00fc\u00fcsi t\u00fc\u00fcp B\/D\u00fc\u00fcsi t\u00fc\u00fcp A: Tagumine k\u00e4epide) 9,9 <br \/> Helir\u00f5hutase (dB(A)) 94,9 <br \/> Heliv\u00f5imsustase (dB(A)) 105,8 <br \/> CO\u00b2 (g\/kW h) 1 1052 <\/p>\n","protected":false},"excerpt":{"rendered":"<p>Puhur Echo P12-25A, heas seisu- ja t\u00f6\u00f6korras! KIRJELDUS Mootori t\u00f6\u00f6maht (cm\u00b3) 25,4 V\u00f5imsus (kW) 0,9 V\u00f5imsus (hj) 1,2 T\u00fchimass (kg) 3,9 K\u00fctusepaagi maht (l) 0,55 K\u00fctusekulu mootori maksimaalse v\u00f5imsuse juures (l\/h) 0,52 Puhumisj\u00f5ud (N) 15,8 \u00d5hukogus (m\u00b3\/h) 768 Maksimaalne \u00f5hukiirus (m\/s) 76,2 Drosseli reguleerimisseade Jah D\u00fc\u00fcsi t\u00fc\u00fcp \u00dcmmargune sirge Vibratsioonitasemed (m\/s\u00b2) (D\u00fc\u00fcsi t\u00fc\u00fcp A\/D\u00fc\u00fcsi t\u00fc\u00fcp [&hellip;]<\/p>\n","protected":false},"featured_media":29138,"comment_status":"closed","ping_status":"closed","template":"","meta":{"inline_featured_image":false},"product_brand":[],"product_cat":[246],"product_tag":[],"class_list":{"0":"post-29137","1":"product","2":"type-product","3":"status-publish","4":"has-post-thumbnail","6":"product_cat-instrumenty-drugoe","7":"product_shipping_class-oversize","8":"pa_asukoht-mustamae","9":"pa_seisukord-ispolzovano","11":"first","12":"instock","13":"taxable","14":"shipping-taxable","15":"purchasable","16":"product-type-simple"},"_links":{"self":[{"href":"https:\/\/a-pant.ee\/ru\/wp-json\/wp\/v2\/product\/29137","targetHints":{"allow":["GET"]}}],"collection":[{"href":"https:\/\/a-pant.ee\/ru\/wp-json\/wp\/v2\/product"}],"about":[{"href":"https:\/\/a-pant.ee\/ru\/wp-json\/wp\/v2\/types\/product"}],"replies":[{"embeddable":true,"href":"https:\/\/a-pant.ee\/ru\/wp-json\/wp\/v2\/comments?post=29137"}],"wp:featuredmedia":[{"embeddable":true,"href":"https:\/\/a-pant.ee\/ru\/wp-json\/wp\/v2\/media\/29138"}],"wp:attachment":[{"href":"https:\/\/a-pant.ee\/ru\/wp-json\/wp\/v2\/media?parent=29137"}],"wp:term":[{"taxonomy":"product_brand","embeddable":true,"href":"https:\/\/a-pant.ee\/ru\/wp-json\/wp\/v2\/product_brand?post=29137"},{"taxonomy":"product_cat","embeddable":true,"href":"https:\/\/a-pant.ee\/ru\/wp-json\/wp\/v2\/product_cat?post=29137"},{"taxonomy":"product_tag","embeddable":true,"href":"https:\/\/a-pant.ee\/ru\/wp-json\/wp\/v2\/product_tag?post=29137"}],"curies":[{"name":"wp","href":"https:\/\/api.w.org\/{rel}","templated":true}]}}