{"id":29131,"date":"2026-02-04T11:55:46","date_gmt":"2026-02-04T08:55:46","guid":{"rendered":"https:\/\/a-pant.ee\/product\/tsirkuljarnaya-pila-dewalt-dcs391\/"},"modified":"2026-02-22T12:29:11","modified_gmt":"2026-02-22T09:29:11","slug":"czirkulyarnaya-pila-dewalt-dcs391-aku-2ah-zaryadka","status":"publish","type":"product","link":"https:\/\/a-pant.ee\/ru\/product\/czirkulyarnaya-pila-dewalt-dcs391-aku-2ah-zaryadka\/","title":{"rendered":"\u0426\u0438\u0440\u043a\u0443\u043b\u044f\u0440\u043d\u0430\u044f \u043f\u0438\u043b\u0430 Dewalt DCS391 + \u0430\u043a\u0443 2Ah + \u0417\u0430\u0440\u044f\u0434\u043a\u0430"},"content":{"rendered":"\n<p> Kettsaag Dewalt DCS391 + aku 2Ah + Laadija, heas seisu- ja t\u00f6\u00f6korras! <\/p><p> KIRJENDUS <\/p><p> Pinge: 18V <br \/> Akukeemia: XR -Li-ion <br \/> Saeketta diameeter: 165 mm <br \/> Saeketta ava: 20 mm <br \/> Kallutusnurk: 50\u00b0 <br \/> Maks. l\u00f5ike s\u00fcgavus 90\u00b0: 55 mm <br \/> Maks. l\u00f5ike s\u00fcgavus 45\u00b0: 42,1 mm <br \/> Kaal: 3,2 kg <br \/> M\u00f5\u00f5dud P x K: 360 x 240 mm <br \/> Vibratsioon: &lt;2&gt; Helir\u00f5hk: 78 dB(A) <br \/> Heli v\u00f5imsus: 89 dB(A) <\/p>\n","protected":false},"excerpt":{"rendered":"<p>Kettsaag Dewalt DCS391 + aku 2Ah + Laadija, heas seisu- ja t\u00f6\u00f6korras! KIRJENDUS Pinge: 18V Akukeemia: XR -Li-ion Saeketta diameeter: 165 mm Saeketta ava: 20 mm Kallutusnurk: 50\u00b0 Maks. l\u00f5ike s\u00fcgavus 90\u00b0: 55 mm Maks. l\u00f5ike s\u00fcgavus 45\u00b0: 42,1 mm Kaal: 3,2 kg M\u00f5\u00f5dud P x K: 360 x 240 mm Vibratsioon: &lt;2&gt; Helir\u00f5hk: 78 [&hellip;]<\/p>\n","protected":false},"featured_media":29132,"comment_status":"closed","ping_status":"open","template":"","meta":{"inline_featured_image":false},"product_brand":[],"product_cat":[230],"product_tag":[],"class_list":{"0":"post-29131","1":"product","2":"type-product","3":"status-publish","4":"has-post-thumbnail","6":"product_cat-czirkulyarnye-pily","7":"pa_asukoht-mustamae","8":"pa_seisukord-ispolzovano","10":"first","11":"instock","12":"taxable","13":"shipping-taxable","14":"purchasable","15":"product-type-simple"},"_links":{"self":[{"href":"https:\/\/a-pant.ee\/ru\/wp-json\/wp\/v2\/product\/29131","targetHints":{"allow":["GET"]}}],"collection":[{"href":"https:\/\/a-pant.ee\/ru\/wp-json\/wp\/v2\/product"}],"about":[{"href":"https:\/\/a-pant.ee\/ru\/wp-json\/wp\/v2\/types\/product"}],"replies":[{"embeddable":true,"href":"https:\/\/a-pant.ee\/ru\/wp-json\/wp\/v2\/comments?post=29131"}],"wp:featuredmedia":[{"embeddable":true,"href":"https:\/\/a-pant.ee\/ru\/wp-json\/wp\/v2\/media\/29132"}],"wp:attachment":[{"href":"https:\/\/a-pant.ee\/ru\/wp-json\/wp\/v2\/media?parent=29131"}],"wp:term":[{"taxonomy":"product_brand","embeddable":true,"href":"https:\/\/a-pant.ee\/ru\/wp-json\/wp\/v2\/product_brand?post=29131"},{"taxonomy":"product_cat","embeddable":true,"href":"https:\/\/a-pant.ee\/ru\/wp-json\/wp\/v2\/product_cat?post=29131"},{"taxonomy":"product_tag","embeddable":true,"href":"https:\/\/a-pant.ee\/ru\/wp-json\/wp\/v2\/product_tag?post=29131"}],"curies":[{"name":"wp","href":"https:\/\/api.w.org\/{rel}","templated":true}]}}