{"id":29082,"date":"2026-02-04T11:52:01","date_gmt":"2026-02-04T08:52:01","guid":{"rendered":"https:\/\/a-pant.ee\/product\/akkumulyator-hilti-b22-4-0ach\/"},"modified":"2026-02-22T12:29:15","modified_gmt":"2026-02-22T09:29:15","slug":"akkumulyator-hilti-b22-40ah","status":"publish","type":"product","link":"https:\/\/a-pant.ee\/ru\/product\/akkumulyator-hilti-b22-40ah\/","title":{"rendered":"\u0410\u043a\u043a\u0443\u043c\u0443\u043b\u044f\u0442\u043e\u0440 Hilti B22\/4,0Ah"},"content":{"rendered":"\n<p><strong> Aku Hilti B22 4.0Ah <\/strong> , t\u00f6\u00f6korras! <\/p><p> KIRJELDUS <\/p><p> V\u00f5imas kompaktne 22 V liitium-ioonaku 4.0 Ah <\/p><p> Aku maht: 4.0 Ah <\/p><p> Kaal: 0.69 kg <\/p><p> M\u00f5\u00f5tmed (PxLxK): 136 x 97 x 60 mm <\/p>\n","protected":false},"excerpt":{"rendered":"<p>Aku Hilti B22 4.0Ah , t\u00f6\u00f6korras! KIRJELDUS V\u00f5imas kompaktne 22 V liitium-ioonaku 4.0 Ah Aku maht: 4.0 Ah Kaal: 0.69 kg M\u00f5\u00f5tmed (PxLxK): 136 x 97 x 60 mm<\/p>\n","protected":false},"featured_media":29083,"comment_status":"closed","ping_status":"open","template":"","meta":{"inline_featured_image":false},"product_brand":[],"product_cat":[223],"product_tag":[],"class_list":{"0":"post-29082","1":"product","2":"type-product","3":"status-publish","4":"has-post-thumbnail","6":"product_cat-vsyo-dlya-instrumenta","7":"pa_asukoht-lasnamae","8":"pa_seisukord-ispolzovano","10":"first","11":"instock","12":"taxable","13":"shipping-taxable","14":"purchasable","15":"product-type-simple"},"_links":{"self":[{"href":"https:\/\/a-pant.ee\/ru\/wp-json\/wp\/v2\/product\/29082","targetHints":{"allow":["GET"]}}],"collection":[{"href":"https:\/\/a-pant.ee\/ru\/wp-json\/wp\/v2\/product"}],"about":[{"href":"https:\/\/a-pant.ee\/ru\/wp-json\/wp\/v2\/types\/product"}],"replies":[{"embeddable":true,"href":"https:\/\/a-pant.ee\/ru\/wp-json\/wp\/v2\/comments?post=29082"}],"wp:featuredmedia":[{"embeddable":true,"href":"https:\/\/a-pant.ee\/ru\/wp-json\/wp\/v2\/media\/29083"}],"wp:attachment":[{"href":"https:\/\/a-pant.ee\/ru\/wp-json\/wp\/v2\/media?parent=29082"}],"wp:term":[{"taxonomy":"product_brand","embeddable":true,"href":"https:\/\/a-pant.ee\/ru\/wp-json\/wp\/v2\/product_brand?post=29082"},{"taxonomy":"product_cat","embeddable":true,"href":"https:\/\/a-pant.ee\/ru\/wp-json\/wp\/v2\/product_cat?post=29082"},{"taxonomy":"product_tag","embeddable":true,"href":"https:\/\/a-pant.ee\/ru\/wp-json\/wp\/v2\/product_tag?post=29082"}],"curies":[{"name":"wp","href":"https:\/\/api.w.org\/{rel}","templated":true}]}}