{"id":29076,"date":"2026-02-04T11:52:01","date_gmt":"2026-02-04T08:52:01","guid":{"rendered":"https:\/\/a-pant.ee\/product\/lazernyj-dalnomer-bosch-dle-50-sumka\/"},"modified":"2026-02-22T12:29:15","modified_gmt":"2026-02-22T09:29:15","slug":"lazernyj-dalnomer-bosch-dle-50-sumka","status":"publish","type":"product","link":"https:\/\/a-pant.ee\/ru\/product\/lazernyj-dalnomer-bosch-dle-50-sumka\/","title":{"rendered":"\u041b\u0430\u0437\u0435\u0440\u043d\u044b\u0439 \u0414\u0430\u043b\u044c\u043d\u043e\u043c\u0435\u0440 Bosch DLE 50 + \u0421\u0443\u043c\u043a\u0430"},"content":{"rendered":"\n<p> Kaugusm\u00f5\u00f5tja Bosch DLE 50 + Kott, heas seisu- ja t\u00f6\u00f6korras! <\/p><p> KIRJELDUS <\/p><ul><li> T\u00fc\u00fcp:\u00a0Laser-kaugusm\u00f5\u00f5tja <\/li><li> Maksimaalne m\u00f5\u00f5tekaugus:\u00a0kuni 50 meetrit <\/li><li> M\u00f5\u00f5tet\u00e4psus:\u00a0\u00b11,5 mm <\/li><li> M\u00f5\u00f5t\u00fchikud:\u00a0meetrid, jalad, tollid <\/li><li> M\u00f5\u00f5tmisfunktsioonid: <ul><li> Kauguse m\u00f5\u00f5tmine <\/li><li> Pindala arvutamine <\/li><li> Ruumala arvutamine <\/li><li> Kaudne m\u00f5\u00f5tmine Pythagorase teoreemi abil <\/li><\/ul><\/li><li> Laserdiood:\u00a0635 nm, &lt; 1 mW (klass 2) <\/li><li> Automaatne v\u00e4ljal\u00fclitus:\u00a05 minuti p\u00e4rast <\/li><li> Salvestatavad m\u00f5\u00f5tmised:\u00a0kuni 10 tulemust <\/li><li> T\u00f6\u00f6tamistemperatuur:\u00a0\u221210\u00b0C kuni +50\u00b0C <\/li><li> Hoiustamistemperatuur:\u00a0\u221220\u00b0C kuni +70\u00b0C <\/li><li> Kaitseklass:\u00a0IP54 (tolmu- ja pritsmekindel) <\/li><li> M\u00f5\u00f5tmed:\u00a0100 \u00d7 58 \u00d7 32 mm <\/li><li> Kaal:\u00a0umbes 180 g <\/li><\/ul>\n","protected":false},"excerpt":{"rendered":"<p>Kaugusm\u00f5\u00f5tja Bosch DLE 50 + Kott, heas seisu- ja t\u00f6\u00f6korras! KIRJELDUS T\u00fc\u00fcp:\u00a0Laser-kaugusm\u00f5\u00f5tja Maksimaalne m\u00f5\u00f5tekaugus:\u00a0kuni 50 meetrit M\u00f5\u00f5tet\u00e4psus:\u00a0\u00b11,5 mm M\u00f5\u00f5t\u00fchikud:\u00a0meetrid, jalad, tollid M\u00f5\u00f5tmisfunktsioonid: Kauguse m\u00f5\u00f5tmine Pindala arvutamine Ruumala arvutamine Kaudne m\u00f5\u00f5tmine Pythagorase teoreemi abil Laserdiood:\u00a0635 nm, &lt; 1 mW (klass 2) Automaatne v\u00e4ljal\u00fclitus:\u00a05 minuti p\u00e4rast Salvestatavad m\u00f5\u00f5tmised:\u00a0kuni 10 tulemust T\u00f6\u00f6tamistemperatuur:\u00a0\u221210\u00b0C kuni +50\u00b0C Hoiustamistemperatuur:\u00a0\u221220\u00b0C kuni +70\u00b0C Kaitseklass:\u00a0IP54 [&hellip;]<\/p>\n","protected":false},"featured_media":29077,"comment_status":"closed","ping_status":"open","template":"","meta":{"inline_featured_image":false},"product_brand":[],"product_cat":[232],"product_tag":[],"class_list":{"0":"post-29076","1":"product","2":"type-product","3":"status-publish","4":"has-post-thumbnail","6":"product_cat-lazernye-niveliry","7":"pa_asukoht-mustamae","8":"pa_seisukord-ispolzovano","10":"first","11":"instock","12":"taxable","13":"shipping-taxable","14":"purchasable","15":"product-type-simple"},"_links":{"self":[{"href":"https:\/\/a-pant.ee\/ru\/wp-json\/wp\/v2\/product\/29076","targetHints":{"allow":["GET"]}}],"collection":[{"href":"https:\/\/a-pant.ee\/ru\/wp-json\/wp\/v2\/product"}],"about":[{"href":"https:\/\/a-pant.ee\/ru\/wp-json\/wp\/v2\/types\/product"}],"replies":[{"embeddable":true,"href":"https:\/\/a-pant.ee\/ru\/wp-json\/wp\/v2\/comments?post=29076"}],"wp:featuredmedia":[{"embeddable":true,"href":"https:\/\/a-pant.ee\/ru\/wp-json\/wp\/v2\/media\/29077"}],"wp:attachment":[{"href":"https:\/\/a-pant.ee\/ru\/wp-json\/wp\/v2\/media?parent=29076"}],"wp:term":[{"taxonomy":"product_brand","embeddable":true,"href":"https:\/\/a-pant.ee\/ru\/wp-json\/wp\/v2\/product_brand?post=29076"},{"taxonomy":"product_cat","embeddable":true,"href":"https:\/\/a-pant.ee\/ru\/wp-json\/wp\/v2\/product_cat?post=29076"},{"taxonomy":"product_tag","embeddable":true,"href":"https:\/\/a-pant.ee\/ru\/wp-json\/wp\/v2\/product_tag?post=29076"}],"curies":[{"name":"wp","href":"https:\/\/api.w.org\/{rel}","templated":true}]}}