{"id":29070,"date":"2026-02-04T11:52:01","date_gmt":"2026-02-04T08:52:01","guid":{"rendered":"https:\/\/a-pant.ee\/product\/telefon-huawei-p50-pocket-zaryadka-korobka\/"},"modified":"2026-02-22T12:29:15","modified_gmt":"2026-02-22T09:29:15","slug":"telefon-huawei-p50-pocket-zaryadka-korobka","status":"publish","type":"product","link":"https:\/\/a-pant.ee\/ru\/product\/telefon-huawei-p50-pocket-zaryadka-korobka\/","title":{"rendered":"\u0422\u0435\u043b\u0435\u0444\u043e\u043d Huawei P50 Pocket + \u0417\u0430\u0440\u044f\u0434\u043a\u0430 + \u041a\u043e\u0440\u043e\u0431\u043a\u0430"},"content":{"rendered":"\n<p> Telefon Huawei P50 Pocket, heas seisu- ja t\u00f6\u00f6korras! <\/p><p> KIRJELDUS <\/p><ul><li> Seadme t\u00fc\u00fcp:\u00a0Kokkupandav nutitelefon <\/li><li> Operatsioonis\u00fcsteem:\u00a0EMUI 12 (ilma Google teenusteta) <\/li><li> Protsessor:\u00a0Qualcomm Snapdragon 888 (4G), 8-tuumaline <\/li><li> Sisseehitatud m\u00e4lu:\u00a0256 GB <\/li><li> RAM:\u00a08 GB <\/li><li> P\u00f5hiekraan: <ul><li> Suurus: 6,9 tolli <\/li><li> Resolutsioon: 2790 \u00d7 1188 pikslit <\/li><li> T\u00fc\u00fcp: OLED, 120 Hz v\u00e4rskendussagedus <\/li><\/ul><\/li><li> V\u00e4line ekraan: <ul><li> Suurus: 1,04 tolli <\/li><li> T\u00fc\u00fcp: OLED, \u00fcmmargune <\/li><\/ul><\/li><li> Tagakaamerad:\u00a0Kolmekordne s\u00fcsteem <ul><li> 40 MP (p\u00f5hiandur) <\/li><li> 13 MP (\u00fclilainurk) <\/li><li> 32 MP (ultraspektraalne) <\/li><\/ul><\/li><li> Esikaamera:\u00a010,7 MP <\/li><li> Aku:\u00a04000 mAh <\/li><li> Kiirlaadimine:\u00a040 W <\/li><li> V\u00f5rgud:\u00a04G LTE, Wi-Fi 6, Bluetooth 5.2 <\/li><li> Navigatsioon:\u00a0GPS, GLONASS, Galileo, BeiDou <\/li><li> \u00dchendus:\u00a0USB Type-C <\/li><li> S\u00f5rmej\u00e4ljelugeja:\u00a0Toitenupus <\/li><li> M\u00f5\u00f5dud (avatuna):\u00a0170 \u00d7 75,5 \u00d7 7,2 mm <\/li><li> Kaal:\u00a0umbes 190 g <\/li><\/ul>\n","protected":false},"excerpt":{"rendered":"<p>Telefon Huawei P50 Pocket, heas seisu- ja t\u00f6\u00f6korras! KIRJELDUS Seadme t\u00fc\u00fcp:\u00a0Kokkupandav nutitelefon Operatsioonis\u00fcsteem:\u00a0EMUI 12 (ilma Google teenusteta) Protsessor:\u00a0Qualcomm Snapdragon 888 (4G), 8-tuumaline Sisseehitatud m\u00e4lu:\u00a0256 GB RAM:\u00a08 GB P\u00f5hiekraan: Suurus: 6,9 tolli Resolutsioon: 2790 \u00d7 1188 pikslit T\u00fc\u00fcp: OLED, 120 Hz v\u00e4rskendussagedus V\u00e4line ekraan: Suurus: 1,04 tolli T\u00fc\u00fcp: OLED, \u00fcmmargune Tagakaamerad:\u00a0Kolmekordne s\u00fcsteem 40 MP (p\u00f5hiandur) 13 [&hellip;]<\/p>\n","protected":false},"featured_media":29071,"comment_status":"closed","ping_status":"open","template":"","meta":{"inline_featured_image":false},"product_brand":[],"product_cat":[171],"product_tag":[],"class_list":{"0":"post-29070","1":"product","2":"type-product","3":"status-publish","4":"has-post-thumbnail","6":"product_cat-mobilnye-telefony","7":"pa_asukoht-mustamae","8":"pa_seisukord-ispolzovano","10":"first","11":"instock","12":"taxable","13":"shipping-taxable","14":"purchasable","15":"product-type-simple"},"_links":{"self":[{"href":"https:\/\/a-pant.ee\/ru\/wp-json\/wp\/v2\/product\/29070","targetHints":{"allow":["GET"]}}],"collection":[{"href":"https:\/\/a-pant.ee\/ru\/wp-json\/wp\/v2\/product"}],"about":[{"href":"https:\/\/a-pant.ee\/ru\/wp-json\/wp\/v2\/types\/product"}],"replies":[{"embeddable":true,"href":"https:\/\/a-pant.ee\/ru\/wp-json\/wp\/v2\/comments?post=29070"}],"wp:featuredmedia":[{"embeddable":true,"href":"https:\/\/a-pant.ee\/ru\/wp-json\/wp\/v2\/media\/29071"}],"wp:attachment":[{"href":"https:\/\/a-pant.ee\/ru\/wp-json\/wp\/v2\/media?parent=29070"}],"wp:term":[{"taxonomy":"product_brand","embeddable":true,"href":"https:\/\/a-pant.ee\/ru\/wp-json\/wp\/v2\/product_brand?post=29070"},{"taxonomy":"product_cat","embeddable":true,"href":"https:\/\/a-pant.ee\/ru\/wp-json\/wp\/v2\/product_cat?post=29070"},{"taxonomy":"product_tag","embeddable":true,"href":"https:\/\/a-pant.ee\/ru\/wp-json\/wp\/v2\/product_tag?post=29070"}],"curies":[{"name":"wp","href":"https:\/\/api.w.org\/{rel}","templated":true}]}}