{"id":29064,"date":"2026-02-04T11:52:01","date_gmt":"2026-02-04T08:52:01","guid":{"rendered":"https:\/\/a-pant.ee\/product\/aku-pylesos-makita-bvc350-akumulator-5-0ach\/"},"modified":"2026-02-22T12:29:14","modified_gmt":"2026-02-22T09:29:14","slug":"aku-pylesos-makita-bvc350-aku-5-0ach","status":"publish","type":"product","link":"https:\/\/a-pant.ee\/ru\/product\/aku-pylesos-makita-bvc350-aku-5-0ach\/","title":{"rendered":"\u0410\u043a\u0443-\u043f\u044b\u043b\u0435\u0441\u043e\u0441 Makita BVC350 + \u0410\u043a\u0443 5.0\u0410\u0447"},"content":{"rendered":"\n<p><b> AkuTolmuimeja Makita BVC350 + Aku 5.0Ah <\/b> , heas seisu- ja t\u00f6\u00f6korras! <strong> \u00a0 <\/strong><\/p><p> KIRJELDUS <\/p><table><tbody><tr><td> Toode <\/td><td> Ehitustolmuimeja <\/td><\/tr><tr><td> Toide <\/td><td> Akuga <\/td><\/tr><tr><td> Kaal, kg <\/td><td> 2.2 <\/td><\/tr><tr><td> Pinge, V <\/td><td> 18 <\/td><\/tr><tr><td> Aku t\u00fc\u00fcp <\/td><td> Li-Ion <\/td><\/tr><tr><td> Komplekti kuuluvate akude arv <\/td><td> 0 <\/td><\/tr><tr><td> Seadme m\u00f5\u00f5tmed (G  \/ P  \/ A), cm <\/td><td> 27.3 x 19.5 x 22.6 <\/td><\/tr><tr><td> Vooliku pikkus, m <\/td><td> 2.5 <\/td><\/tr><tr><td> Maksimaalne r\u00f5hk, mbar <\/td><td> 60 <\/td><\/tr><tr><td> Imemisv\u00f5imsus, l\/min <\/td><td> 3400 <\/td><\/tr><tr><td> Paagi maht, l <\/td><td> 3 <\/td><\/tr><\/tbody><\/table>\n","protected":false},"excerpt":{"rendered":"<p>AkuTolmuimeja Makita BVC350 + Aku 5.0Ah , heas seisu- ja t\u00f6\u00f6korras! \u00a0 KIRJELDUS Toode Ehitustolmuimeja Toide Akuga Kaal, kg 2.2 Pinge, V 18 Aku t\u00fc\u00fcp Li-Ion Komplekti kuuluvate akude arv 0 Seadme m\u00f5\u00f5tmed (G \/ P \/ A), cm 27.3 x 19.5 x 22.6 Vooliku pikkus, m 2.5 Maksimaalne r\u00f5hk, mbar 60 Imemisv\u00f5imsus, l\/min 3400 [&hellip;]<\/p>\n","protected":false},"featured_media":29065,"comment_status":"closed","ping_status":"open","template":"","meta":{"inline_featured_image":false},"product_brand":[],"product_cat":[245],"product_tag":[],"class_list":{"0":"post-29064","1":"product","2":"type-product","3":"status-publish","4":"has-post-thumbnail","6":"product_cat-stroitelnye-pylesosy","7":"pa_asukoht-lasnamae","8":"pa_seisukord-ispolzovano","10":"first","11":"instock","12":"taxable","13":"shipping-taxable","14":"purchasable","15":"product-type-simple"},"_links":{"self":[{"href":"https:\/\/a-pant.ee\/ru\/wp-json\/wp\/v2\/product\/29064","targetHints":{"allow":["GET"]}}],"collection":[{"href":"https:\/\/a-pant.ee\/ru\/wp-json\/wp\/v2\/product"}],"about":[{"href":"https:\/\/a-pant.ee\/ru\/wp-json\/wp\/v2\/types\/product"}],"replies":[{"embeddable":true,"href":"https:\/\/a-pant.ee\/ru\/wp-json\/wp\/v2\/comments?post=29064"}],"wp:featuredmedia":[{"embeddable":true,"href":"https:\/\/a-pant.ee\/ru\/wp-json\/wp\/v2\/media\/29065"}],"wp:attachment":[{"href":"https:\/\/a-pant.ee\/ru\/wp-json\/wp\/v2\/media?parent=29064"}],"wp:term":[{"taxonomy":"product_brand","embeddable":true,"href":"https:\/\/a-pant.ee\/ru\/wp-json\/wp\/v2\/product_brand?post=29064"},{"taxonomy":"product_cat","embeddable":true,"href":"https:\/\/a-pant.ee\/ru\/wp-json\/wp\/v2\/product_cat?post=29064"},{"taxonomy":"product_tag","embeddable":true,"href":"https:\/\/a-pant.ee\/ru\/wp-json\/wp\/v2\/product_tag?post=29064"}],"curies":[{"name":"wp","href":"https:\/\/api.w.org\/{rel}","templated":true}]}}