{"id":28970,"date":"2026-02-04T11:52:01","date_gmt":"2026-02-04T08:52:01","guid":{"rendered":"https:\/\/a-pant.ee\/product\/mobilnyy-telefon-xiaomi-redmi-10c-128gb\/"},"modified":"2026-02-22T12:29:12","modified_gmt":"2026-02-22T09:29:12","slug":"mobilnyj-telefon-xiaomi-redmi-10c-128gb","status":"publish","type":"product","link":"https:\/\/a-pant.ee\/ru\/product\/mobilnyj-telefon-xiaomi-redmi-10c-128gb\/","title":{"rendered":"\u041c\u043e\u0431\u0438\u043b\u044c\u043d\u044b\u0439 \u0442\u0435\u043b\u0435\u0444\u043e\u043d Xiaomi Redmi 10C 128Gb"},"content":{"rendered":"\n<p> Mobiiltelefon Xiaomi Redmi 10C 128Gb\u00a0, heas seisu- ja t\u00f6\u00f6korras! <\/p><p> KIRJELDUS <\/p><p> Xiaomi Redmi 10C on varustatud \u00fcliv\u00f5imsa Snapdragon 680 protsessoriga, kauakestva 5000 mAh akuga ja suure 6.71 tollise ekraaniga. Redmi 10C toetab ka Netflix HD-d. Lisaks on telefonil ligi 40% k\u00f5rgem helitugevus kui eelmisel p\u00f5lvkonnal. Et k\u00f5ik sulle olulised hetked saaksid j\u00e4\u00e4dvustatud, on telefonil 50MP kaamera. <\/p>\n","protected":false},"excerpt":{"rendered":"<p>Mobiiltelefon Xiaomi Redmi 10C 128Gb\u00a0, heas seisu- ja t\u00f6\u00f6korras! KIRJELDUS Xiaomi Redmi 10C on varustatud \u00fcliv\u00f5imsa Snapdragon 680 protsessoriga, kauakestva 5000 mAh akuga ja suure 6.71 tollise ekraaniga. Redmi 10C toetab ka Netflix HD-d. Lisaks on telefonil ligi 40% k\u00f5rgem helitugevus kui eelmisel p\u00f5lvkonnal. Et k\u00f5ik sulle olulised hetked saaksid j\u00e4\u00e4dvustatud, on telefonil 50MP kaamera.<\/p>\n","protected":false},"featured_media":28971,"comment_status":"closed","ping_status":"open","template":"","meta":{"inline_featured_image":false},"product_brand":[],"product_cat":[171],"product_tag":[],"class_list":{"0":"post-28970","1":"product","2":"type-product","3":"status-publish","4":"has-post-thumbnail","6":"product_cat-mobilnye-telefony","7":"pa_asukoht-lasnamae","8":"pa_seisukord-ispolzovano","10":"first","11":"instock","12":"taxable","13":"shipping-taxable","14":"purchasable","15":"product-type-simple"},"_links":{"self":[{"href":"https:\/\/a-pant.ee\/ru\/wp-json\/wp\/v2\/product\/28970","targetHints":{"allow":["GET"]}}],"collection":[{"href":"https:\/\/a-pant.ee\/ru\/wp-json\/wp\/v2\/product"}],"about":[{"href":"https:\/\/a-pant.ee\/ru\/wp-json\/wp\/v2\/types\/product"}],"replies":[{"embeddable":true,"href":"https:\/\/a-pant.ee\/ru\/wp-json\/wp\/v2\/comments?post=28970"}],"wp:featuredmedia":[{"embeddable":true,"href":"https:\/\/a-pant.ee\/ru\/wp-json\/wp\/v2\/media\/28971"}],"wp:attachment":[{"href":"https:\/\/a-pant.ee\/ru\/wp-json\/wp\/v2\/media?parent=28970"}],"wp:term":[{"taxonomy":"product_brand","embeddable":true,"href":"https:\/\/a-pant.ee\/ru\/wp-json\/wp\/v2\/product_brand?post=28970"},{"taxonomy":"product_cat","embeddable":true,"href":"https:\/\/a-pant.ee\/ru\/wp-json\/wp\/v2\/product_cat?post=28970"},{"taxonomy":"product_tag","embeddable":true,"href":"https:\/\/a-pant.ee\/ru\/wp-json\/wp\/v2\/product_tag?post=28970"}],"curies":[{"name":"wp","href":"https:\/\/api.w.org\/{rel}","templated":true}]}}