{"id":28953,"date":"2026-02-04T11:48:51","date_gmt":"2026-02-04T08:48:51","guid":{"rendered":"https:\/\/a-pant.ee\/product\/noutbuk-asus-tuf-gaming-f15-zaryadka\/"},"modified":"2026-02-22T12:29:17","modified_gmt":"2026-02-22T09:29:17","slug":"noutbuk-asus-tuf-gaming-f15-zaryadka","status":"publish","type":"product","link":"https:\/\/a-pant.ee\/ru\/product\/noutbuk-asus-tuf-gaming-f15-zaryadka\/","title":{"rendered":"\u041d\u043e\u0443\u0442\u0431\u0443\u043a Asus TUF Gaming F15 + \u0417\u0430\u0440\u044f\u0434\u043a\u0430"},"content":{"rendered":"\n<div><\/div><div><div><div><div><p><strong> S\u00fclearvuti Asus TUF Gaming F15 + Laadija <\/strong> \u00a0, heas seisu- ja t\u00f6\u00f6korras! <\/p><p> KIRJELDUS <\/p><p> Protsessor: Intel Core i5 11400H 2,70Ghz 12CPUs <\/p><p> Operatiiv m\u00e4lu:16Gb DDR4 <\/p><p> Videokaart: Intel UHD + Nvidia Geforce RTX 3050 <\/p><p> K\u00f5vakettas: NVMe Intel SSD M2 512GB <\/p><p> Windows:\u00a0 <strong> 11 Home 64bit <\/strong><\/p><\/div><\/div><\/div><\/div>\n","protected":false},"excerpt":{"rendered":"<p>S\u00fclearvuti Asus TUF Gaming F15 + Laadija \u00a0, heas seisu- ja t\u00f6\u00f6korras! KIRJELDUS Protsessor: Intel Core i5 11400H 2,70Ghz 12CPUs Operatiiv m\u00e4lu:16Gb DDR4 Videokaart: Intel UHD + Nvidia Geforce RTX 3050 K\u00f5vakettas: NVMe Intel SSD M2 512GB Windows:\u00a0 11 Home 64bit<\/p>\n","protected":false},"featured_media":28954,"comment_status":"closed","ping_status":"open","template":"","meta":{"inline_featured_image":false},"product_brand":[],"product_cat":[179],"product_tag":[],"class_list":{"0":"post-28953","1":"product","2":"type-product","3":"status-publish","4":"has-post-thumbnail","6":"product_cat-noutbuki","7":"pa_asukoht-lasnamae","8":"pa_seisukord-ispolzovano","10":"first","11":"instock","12":"taxable","13":"shipping-taxable","14":"purchasable","15":"product-type-simple"},"_links":{"self":[{"href":"https:\/\/a-pant.ee\/ru\/wp-json\/wp\/v2\/product\/28953","targetHints":{"allow":["GET"]}}],"collection":[{"href":"https:\/\/a-pant.ee\/ru\/wp-json\/wp\/v2\/product"}],"about":[{"href":"https:\/\/a-pant.ee\/ru\/wp-json\/wp\/v2\/types\/product"}],"replies":[{"embeddable":true,"href":"https:\/\/a-pant.ee\/ru\/wp-json\/wp\/v2\/comments?post=28953"}],"wp:featuredmedia":[{"embeddable":true,"href":"https:\/\/a-pant.ee\/ru\/wp-json\/wp\/v2\/media\/28954"}],"wp:attachment":[{"href":"https:\/\/a-pant.ee\/ru\/wp-json\/wp\/v2\/media?parent=28953"}],"wp:term":[{"taxonomy":"product_brand","embeddable":true,"href":"https:\/\/a-pant.ee\/ru\/wp-json\/wp\/v2\/product_brand?post=28953"},{"taxonomy":"product_cat","embeddable":true,"href":"https:\/\/a-pant.ee\/ru\/wp-json\/wp\/v2\/product_cat?post=28953"},{"taxonomy":"product_tag","embeddable":true,"href":"https:\/\/a-pant.ee\/ru\/wp-json\/wp\/v2\/product_tag?post=28953"}],"curies":[{"name":"wp","href":"https:\/\/api.w.org\/{rel}","templated":true}]}}