{"id":28946,"date":"2026-02-04T11:48:51","date_gmt":"2026-02-04T08:48:51","guid":{"rendered":"https:\/\/a-pant.ee\/product\/robot-dlya-mytya-okon-winbot-880\/"},"modified":"2026-02-22T12:29:17","modified_gmt":"2026-02-22T09:29:17","slug":"robot-dlya-mytya-okon-winbot-880","status":"publish","type":"product","link":"https:\/\/a-pant.ee\/ru\/product\/robot-dlya-mytya-okon-winbot-880\/","title":{"rendered":"\u0420\u043e\u0431\u043e\u0442 \u0434\u043b\u044f \u043c\u044b\u0442\u044c\u044f \u043e\u043a\u043e\u043d Winbot 880"},"content":{"rendered":"\n<p> Aknapesurobot Winbot 880\u00a0, heas seisu- ja t\u00f6\u00f6korras! <\/p><p> KIRJELDUS <\/p><p> Sobivad pinnad: Klaasid, peeglid, aknad koos v\u00f5i ilma raamita <\/p><p> Liikumistehnoloogia: Nutikas Smart Drive navigatsioonis\u00fcsteem <\/p><p> Puhastust\u00fc\u00fcp: Niiske puhastus mikrokiudlapiga ja puhastusvedeliku pihustamine <\/p><p> Kinnituss\u00fcsteem: Vaakummootor <\/p><p> Juhtimine: Kaugjuhtimispult <\/p><p> Turvas\u00fcsteemid: turvak\u00f6is <\/p><p> Toide: V\u00f5rgutoide (juhtmega) <\/p><p> M\u00f5\u00f5tmed: 273 \u00d7 273 \u00d7 123 mm <\/p><p> Kaal: umbes 1,5 kg <\/p>\n","protected":false},"excerpt":{"rendered":"<p>Aknapesurobot Winbot 880\u00a0, heas seisu- ja t\u00f6\u00f6korras! KIRJELDUS Sobivad pinnad: Klaasid, peeglid, aknad koos v\u00f5i ilma raamita Liikumistehnoloogia: Nutikas Smart Drive navigatsioonis\u00fcsteem Puhastust\u00fc\u00fcp: Niiske puhastus mikrokiudlapiga ja puhastusvedeliku pihustamine Kinnituss\u00fcsteem: Vaakummootor Juhtimine: Kaugjuhtimispult Turvas\u00fcsteemid: turvak\u00f6is Toide: V\u00f5rgutoide (juhtmega) M\u00f5\u00f5tmed: 273 \u00d7 273 \u00d7 123 mm Kaal: umbes 1,5 kg<\/p>\n","protected":false},"featured_media":28947,"comment_status":"closed","ping_status":"open","template":"","meta":{"inline_featured_image":false},"product_brand":[],"product_cat":[166],"product_tag":[],"class_list":{"0":"post-28946","1":"product","2":"type-product","3":"status-publish","4":"has-post-thumbnail","6":"product_cat-bytovaya-tehnika","7":"pa_asukoht-mustamae","8":"pa_seisukord-ispolzovano","10":"first","11":"instock","12":"taxable","13":"shipping-taxable","14":"purchasable","15":"product-type-simple"},"_links":{"self":[{"href":"https:\/\/a-pant.ee\/ru\/wp-json\/wp\/v2\/product\/28946","targetHints":{"allow":["GET"]}}],"collection":[{"href":"https:\/\/a-pant.ee\/ru\/wp-json\/wp\/v2\/product"}],"about":[{"href":"https:\/\/a-pant.ee\/ru\/wp-json\/wp\/v2\/types\/product"}],"replies":[{"embeddable":true,"href":"https:\/\/a-pant.ee\/ru\/wp-json\/wp\/v2\/comments?post=28946"}],"wp:featuredmedia":[{"embeddable":true,"href":"https:\/\/a-pant.ee\/ru\/wp-json\/wp\/v2\/media\/28947"}],"wp:attachment":[{"href":"https:\/\/a-pant.ee\/ru\/wp-json\/wp\/v2\/media?parent=28946"}],"wp:term":[{"taxonomy":"product_brand","embeddable":true,"href":"https:\/\/a-pant.ee\/ru\/wp-json\/wp\/v2\/product_brand?post=28946"},{"taxonomy":"product_cat","embeddable":true,"href":"https:\/\/a-pant.ee\/ru\/wp-json\/wp\/v2\/product_cat?post=28946"},{"taxonomy":"product_tag","embeddable":true,"href":"https:\/\/a-pant.ee\/ru\/wp-json\/wp\/v2\/product_tag?post=28946"}],"curies":[{"name":"wp","href":"https:\/\/api.w.org\/{rel}","templated":true}]}}