{"id":28914,"date":"2026-02-04T11:48:51","date_gmt":"2026-02-04T08:48:51","guid":{"rendered":"https:\/\/a-pant.ee\/product\/akkumulyatornaya-drel-dewalt-dcd710-chemodan\/"},"modified":"2026-02-22T12:29:17","modified_gmt":"2026-02-22T09:29:17","slug":"akkumulyatornaya-drel-dewalt-dcd710-chemodan","status":"publish","type":"product","link":"https:\/\/a-pant.ee\/ru\/product\/akkumulyatornaya-drel-dewalt-dcd710-chemodan\/","title":{"rendered":"\u0410\u043a\u043a\u0443\u043c\u0443\u043b\u044f\u0442\u043e\u0440\u043d\u0430\u044f \u0434\u0440\u0435\u043b\u044c DeWalt DCD710 + \u0447\u0435\u043c\u043e\u0434\u0430\u043d"},"content":{"rendered":"\n<p> Akutrell DeWalt DCD710 + kohver <strong> \u00a0+ aku <\/strong> , heas seisu- ja t\u00f6\u00f6korras! <\/p><p> KIRJELDUS <\/p><p> Tootedisain: Elektritrell, <\/p><p> Padruni t\u00fc\u00fcp: V\u00f5tmeta. <\/p><p> Padrunihaaratsi laius (maksimaalne): 1 cm, <\/p><p> Puurimisl\u00e4bim\u00f5\u00f5t puidu puhul (maksimaalne): 2 cm, <\/p><p> Puurimisl\u00e4bim\u00f5\u00f5t terase puhul (maksimaalne): 1 cm. <\/p><p> Toiteallikas: Patarei, <\/p><p> Akutehnoloogia: Liitiumioon (Li-Ion), <\/p><p> Aku mahutavus: 2 Ah. <\/p><p> Kaal: 1,1 kg, <\/p><p> Laius: 50 mm, <\/p><p> S\u00fcgavus: 185 mm. <\/p><p> Kaasasolevate akude arv: 2 tk <\/p>\n","protected":false},"excerpt":{"rendered":"<p>Akutrell DeWalt DCD710 + kohver \u00a0+ aku , heas seisu- ja t\u00f6\u00f6korras! KIRJELDUS Tootedisain: Elektritrell, Padruni t\u00fc\u00fcp: V\u00f5tmeta. Padrunihaaratsi laius (maksimaalne): 1 cm, Puurimisl\u00e4bim\u00f5\u00f5t puidu puhul (maksimaalne): 2 cm, Puurimisl\u00e4bim\u00f5\u00f5t terase puhul (maksimaalne): 1 cm. Toiteallikas: Patarei, Akutehnoloogia: Liitiumioon (Li-Ion), Aku mahutavus: 2 Ah. Kaal: 1,1 kg, Laius: 50 mm, S\u00fcgavus: 185 mm. Kaasasolevate akude [&hellip;]<\/p>\n","protected":false},"featured_media":28915,"comment_status":"closed","ping_status":"open","template":"","meta":{"inline_featured_image":false},"product_brand":[],"product_cat":[221],"product_tag":[],"class_list":{"0":"post-28914","1":"product","2":"type-product","3":"status-publish","4":"has-post-thumbnail","6":"product_cat-akkumulyatornye-dreli","7":"pa_asukoht-lasnamae","8":"pa_seisukord-ispolzovano","10":"first","11":"instock","12":"taxable","13":"shipping-taxable","14":"purchasable","15":"product-type-simple"},"_links":{"self":[{"href":"https:\/\/a-pant.ee\/ru\/wp-json\/wp\/v2\/product\/28914","targetHints":{"allow":["GET"]}}],"collection":[{"href":"https:\/\/a-pant.ee\/ru\/wp-json\/wp\/v2\/product"}],"about":[{"href":"https:\/\/a-pant.ee\/ru\/wp-json\/wp\/v2\/types\/product"}],"replies":[{"embeddable":true,"href":"https:\/\/a-pant.ee\/ru\/wp-json\/wp\/v2\/comments?post=28914"}],"wp:featuredmedia":[{"embeddable":true,"href":"https:\/\/a-pant.ee\/ru\/wp-json\/wp\/v2\/media\/28915"}],"wp:attachment":[{"href":"https:\/\/a-pant.ee\/ru\/wp-json\/wp\/v2\/media?parent=28914"}],"wp:term":[{"taxonomy":"product_brand","embeddable":true,"href":"https:\/\/a-pant.ee\/ru\/wp-json\/wp\/v2\/product_brand?post=28914"},{"taxonomy":"product_cat","embeddable":true,"href":"https:\/\/a-pant.ee\/ru\/wp-json\/wp\/v2\/product_cat?post=28914"},{"taxonomy":"product_tag","embeddable":true,"href":"https:\/\/a-pant.ee\/ru\/wp-json\/wp\/v2\/product_tag?post=28914"}],"curies":[{"name":"wp","href":"https:\/\/api.w.org\/{rel}","templated":true}]}}