{"id":28901,"date":"2026-02-04T11:48:51","date_gmt":"2026-02-04T08:48:51","guid":{"rendered":"https:\/\/a-pant.ee\/product\/elektropila-makita-uc3551a-2000w\/"},"modified":"2026-02-22T12:29:16","modified_gmt":"2026-02-22T09:29:16","slug":"elektropila-makita-uc3551a-2000w","status":"publish","type":"product","link":"https:\/\/a-pant.ee\/ru\/product\/elektropila-makita-uc3551a-2000w\/","title":{"rendered":"\u042d\u043b\u0435\u043a\u0442\u0440\u043e\u043f\u0438\u043b\u0430 Makita UC3551A, 2000W"},"content":{"rendered":"\n<p> Elektrikettsaag Makita UC3551A (35cm)\u00a0, heas seisu- ja t\u00f6\u00f6korras! <\/p><p> juhe katki aga koik tootab ! <\/p><p> KIRJELDUS <\/p><ul><li> V\u00f5imsus 2000 W <\/li><li> Keti\u00f5li paagi suurus 0,2 L <\/li><li> Maks. keti kiirus (t\u00fchik\u00e4igul) 14,5 m\/sec <\/li><li> Kaal ilma juhtmeta (EPTA-Protseduur 01\/2003)5,5 kg <\/li><li> Keti samm 3\/8 \u201c <\/li><li> Keti paksus 0.050 \u201c <\/li><li> Keti paksus 1,3 mm <\/li><li> Juhtl\u00fclide arv 52 <\/li><li> Lati pikkus 350 (14\u2033) mm <\/li><li> Heliv\u00f5imsuse tase (LWA)101,8 dB(A) <\/li><li> Helir\u00f5hu tase (LpA)90,8 dB(A) <\/li><li> M\u00e4\u00e4ramatu m\u00fcra (K faktor)2,5 dB(A) <\/li><li> Vibratsioonitase (3 teljel)5,2 m\/sec\u00b2 <\/li><li> M\u00e4\u00e4ramatu vibratsioon (K faktor)1,5 m\/sec\u00b2 <\/li><li> M\u00f5\u00f5dud (PxLxK): 505x201x220 mm <\/li><\/ul>\n","protected":false},"excerpt":{"rendered":"<p>Elektrikettsaag Makita UC3551A (35cm)\u00a0, heas seisu- ja t\u00f6\u00f6korras! juhe katki aga koik tootab ! KIRJELDUS V\u00f5imsus 2000 W Keti\u00f5li paagi suurus 0,2 L Maks. keti kiirus (t\u00fchik\u00e4igul) 14,5 m\/sec Kaal ilma juhtmeta (EPTA-Protseduur 01\/2003)5,5 kg Keti samm 3\/8 \u201c Keti paksus 0.050 \u201c Keti paksus 1,3 mm Juhtl\u00fclide arv 52 Lati pikkus 350 (14\u2033) mm [&hellip;]<\/p>\n","protected":false},"featured_media":28902,"comment_status":"closed","ping_status":"open","template":"","meta":{"inline_featured_image":false},"product_brand":[],"product_cat":[220],"product_tag":[],"class_list":{"0":"post-28901","1":"product","2":"type-product","3":"status-publish","4":"has-post-thumbnail","6":"product_cat-sadovye-instrumenty","7":"pa_asukoht-lasnamae","8":"pa_seisukord-ispolzovano","10":"first","11":"instock","12":"taxable","13":"shipping-taxable","14":"purchasable","15":"product-type-simple"},"_links":{"self":[{"href":"https:\/\/a-pant.ee\/ru\/wp-json\/wp\/v2\/product\/28901","targetHints":{"allow":["GET"]}}],"collection":[{"href":"https:\/\/a-pant.ee\/ru\/wp-json\/wp\/v2\/product"}],"about":[{"href":"https:\/\/a-pant.ee\/ru\/wp-json\/wp\/v2\/types\/product"}],"replies":[{"embeddable":true,"href":"https:\/\/a-pant.ee\/ru\/wp-json\/wp\/v2\/comments?post=28901"}],"wp:featuredmedia":[{"embeddable":true,"href":"https:\/\/a-pant.ee\/ru\/wp-json\/wp\/v2\/media\/28902"}],"wp:attachment":[{"href":"https:\/\/a-pant.ee\/ru\/wp-json\/wp\/v2\/media?parent=28901"}],"wp:term":[{"taxonomy":"product_brand","embeddable":true,"href":"https:\/\/a-pant.ee\/ru\/wp-json\/wp\/v2\/product_brand?post=28901"},{"taxonomy":"product_cat","embeddable":true,"href":"https:\/\/a-pant.ee\/ru\/wp-json\/wp\/v2\/product_cat?post=28901"},{"taxonomy":"product_tag","embeddable":true,"href":"https:\/\/a-pant.ee\/ru\/wp-json\/wp\/v2\/product_tag?post=28901"}],"curies":[{"name":"wp","href":"https:\/\/api.w.org\/{rel}","templated":true}]}}