{"id":28888,"date":"2026-02-04T11:48:51","date_gmt":"2026-02-04T08:48:51","guid":{"rendered":"https:\/\/a-pant.ee\/product\/perforator-bosch-gsb-1600\/"},"modified":"2026-02-22T12:29:16","modified_gmt":"2026-02-22T09:29:16","slug":"perforator-bosch-gsb-1600","status":"publish","type":"product","link":"https:\/\/a-pant.ee\/ru\/product\/perforator-bosch-gsb-1600\/","title":{"rendered":"\u041f\u0435\u0440\u0444\u043e\u0440\u0430\u0442\u043e\u0440 Bosch GSB 1600"},"content":{"rendered":"\n<p> Puurvasar Bosch GSB 1600\u00a0, heas seisu- ja t\u00f6\u00f6korras! <\/p><p> KIRJELDUS <\/p><p> Tootja Bosch <\/p><p> Kaal 1.9 kg <\/p><p> Professionaalidele \/ Asjaarmastajatele Professionaalidele <\/p><p> Mootori t\u00fc\u00fcp Elektri <\/p><p> Sisendv\u00f5imsus 701 W <\/p><p> Kiirus koormuseta 0-3000 min-1 <\/p><p> Maksimaalne kiirus 3000 \/min <\/p><p> K\u00e4ikude arv 1 k\u00e4ik <\/p><p> L\u00f6\u00f6gisagedus 0-48000 min-1 <\/p><p> Puuripadruni l\u00e4bim\u00f5\u00f5t 13 mm <\/p><p> Padrun \/ hoidiku t\u00fc\u00fcp Kiirkinnitusega terasest padrun <\/p><p> Puuriotsaku maksimaalne l\u00e4bim\u00f5\u00f5t puidu puurimiseks 30 mm <\/p><p> Puuriotsaku maksimaalne l\u00e4bim\u00f5\u00f5t terase puurimiseks 12 mm <\/p><p> Maksimaalne puurimisl\u00e4bim\u00f5\u00f5t betooni puurimisel 16 mm <\/p><p> L\u00f6\u00f6kfunktsioon v\u00f5imaldab kiiresti kruvisid nii kinni kui ka lahti kruvida Jah <\/p><p> M\u00fc\u00fcritise puurimiseks (l\u00f6\u00f6kfunktsiooniga) Jah <\/p><p> Sisendpinge \/ sagedus 210 &#8212; 240 V \/ 50 &#8212; 60 Hz \/ AC <\/p>\n","protected":false},"excerpt":{"rendered":"<p>Puurvasar Bosch GSB 1600\u00a0, heas seisu- ja t\u00f6\u00f6korras! KIRJELDUS Tootja Bosch Kaal 1.9 kg Professionaalidele \/ Asjaarmastajatele Professionaalidele Mootori t\u00fc\u00fcp Elektri Sisendv\u00f5imsus 701 W Kiirus koormuseta 0-3000 min-1 Maksimaalne kiirus 3000 \/min K\u00e4ikude arv 1 k\u00e4ik L\u00f6\u00f6gisagedus 0-48000 min-1 Puuripadruni l\u00e4bim\u00f5\u00f5t 13 mm Padrun \/ hoidiku t\u00fc\u00fcp Kiirkinnitusega terasest padrun Puuriotsaku maksimaalne l\u00e4bim\u00f5\u00f5t puidu puurimiseks [&hellip;]<\/p>\n","protected":false},"featured_media":28889,"comment_status":"closed","ping_status":"closed","template":"","meta":{"inline_featured_image":false},"product_brand":[],"product_cat":[239],"product_tag":[],"class_list":{"0":"post-28888","1":"product","2":"type-product","3":"status-publish","4":"has-post-thumbnail","6":"product_cat-perforatory-i-dreli","7":"pa_asukoht-lasnamae","8":"pa_seisukord-ispolzovano","10":"first","11":"outofstock","12":"taxable","13":"shipping-taxable","14":"purchasable","15":"product-type-simple"},"_links":{"self":[{"href":"https:\/\/a-pant.ee\/ru\/wp-json\/wp\/v2\/product\/28888","targetHints":{"allow":["GET"]}}],"collection":[{"href":"https:\/\/a-pant.ee\/ru\/wp-json\/wp\/v2\/product"}],"about":[{"href":"https:\/\/a-pant.ee\/ru\/wp-json\/wp\/v2\/types\/product"}],"replies":[{"embeddable":true,"href":"https:\/\/a-pant.ee\/ru\/wp-json\/wp\/v2\/comments?post=28888"}],"wp:featuredmedia":[{"embeddable":true,"href":"https:\/\/a-pant.ee\/ru\/wp-json\/wp\/v2\/media\/28889"}],"wp:attachment":[{"href":"https:\/\/a-pant.ee\/ru\/wp-json\/wp\/v2\/media?parent=28888"}],"wp:term":[{"taxonomy":"product_brand","embeddable":true,"href":"https:\/\/a-pant.ee\/ru\/wp-json\/wp\/v2\/product_brand?post=28888"},{"taxonomy":"product_cat","embeddable":true,"href":"https:\/\/a-pant.ee\/ru\/wp-json\/wp\/v2\/product_cat?post=28888"},{"taxonomy":"product_tag","embeddable":true,"href":"https:\/\/a-pant.ee\/ru\/wp-json\/wp\/v2\/product_tag?post=28888"}],"curies":[{"name":"wp","href":"https:\/\/api.w.org\/{rel}","templated":true}]}}