{"id":28880,"date":"2026-02-04T11:48:51","date_gmt":"2026-02-04T08:48:51","guid":{"rendered":"https:\/\/a-pant.ee\/product\/lazernyj-nivelir-cross-line-kreator-krt706320\/"},"modified":"2026-02-22T12:29:16","modified_gmt":"2026-02-22T09:29:16","slug":"lazernyj-nivelir-cross-line-laser-kreator-krt706320-korobka","status":"publish","type":"product","link":"https:\/\/a-pant.ee\/ru\/product\/lazernyj-nivelir-cross-line-laser-kreator-krt706320-korobka\/","title":{"rendered":"\u041b\u0430\u0437\u0435\u0440\u043d\u044b\u0439 \u043d\u0438\u0432\u0435\u043b\u0438\u0440 Cross Line laser Kreator KRT706320 +\u043a\u043e\u0440\u043e\u0431\u043a\u0430"},"content":{"rendered":"\n<p> Laaser nivelir Cross Line laser Kreator KRT706320 + karp\u00a0, heas seisu- ja t\u00f6\u00f6korras! <\/p><p> KIRJELDUS <\/p><p> Kreator laserlood 360 kraadi on soodne ja lihtsasti k\u00e4sitletav t\u00f5\u00f5riist kodusteks remondi ja ehitust\u00f6\u00f6deks. Laseri t\u00f6\u00f6ulatus on kuni 15 meetrit. Seadet on v\u00f5imalik kinnitada statiivile. <br \/> M\u00f5\u00f5tekaugus 15m <br \/> Iseloodumise aeg 6 sek. <br \/> Laseri klass II <br \/> T\u00e4psus 0,5mm\/m <br \/> T\u00f6\u00f6aeg kuni 600 min. <\/p>\n","protected":false},"excerpt":{"rendered":"<p>Laaser nivelir Cross Line laser Kreator KRT706320 + karp\u00a0, heas seisu- ja t\u00f6\u00f6korras! KIRJELDUS Kreator laserlood 360 kraadi on soodne ja lihtsasti k\u00e4sitletav t\u00f5\u00f5riist kodusteks remondi ja ehitust\u00f6\u00f6deks. Laseri t\u00f6\u00f6ulatus on kuni 15 meetrit. Seadet on v\u00f5imalik kinnitada statiivile. M\u00f5\u00f5tekaugus 15m Iseloodumise aeg 6 sek. Laseri klass II T\u00e4psus 0,5mm\/m T\u00f6\u00f6aeg kuni 600 min.<\/p>\n","protected":false},"featured_media":28881,"comment_status":"closed","ping_status":"open","template":"","meta":{"inline_featured_image":false},"product_brand":[],"product_cat":[232],"product_tag":[],"class_list":{"0":"post-28880","1":"product","2":"type-product","3":"status-publish","4":"has-post-thumbnail","6":"product_cat-lazernye-niveliry","7":"pa_asukoht-lasnamae","8":"pa_seisukord-ispolzovano","10":"first","11":"instock","12":"taxable","13":"shipping-taxable","14":"purchasable","15":"product-type-simple"},"_links":{"self":[{"href":"https:\/\/a-pant.ee\/ru\/wp-json\/wp\/v2\/product\/28880","targetHints":{"allow":["GET"]}}],"collection":[{"href":"https:\/\/a-pant.ee\/ru\/wp-json\/wp\/v2\/product"}],"about":[{"href":"https:\/\/a-pant.ee\/ru\/wp-json\/wp\/v2\/types\/product"}],"replies":[{"embeddable":true,"href":"https:\/\/a-pant.ee\/ru\/wp-json\/wp\/v2\/comments?post=28880"}],"wp:featuredmedia":[{"embeddable":true,"href":"https:\/\/a-pant.ee\/ru\/wp-json\/wp\/v2\/media\/28881"}],"wp:attachment":[{"href":"https:\/\/a-pant.ee\/ru\/wp-json\/wp\/v2\/media?parent=28880"}],"wp:term":[{"taxonomy":"product_brand","embeddable":true,"href":"https:\/\/a-pant.ee\/ru\/wp-json\/wp\/v2\/product_brand?post=28880"},{"taxonomy":"product_cat","embeddable":true,"href":"https:\/\/a-pant.ee\/ru\/wp-json\/wp\/v2\/product_cat?post=28880"},{"taxonomy":"product_tag","embeddable":true,"href":"https:\/\/a-pant.ee\/ru\/wp-json\/wp\/v2\/product_tag?post=28880"}],"curies":[{"name":"wp","href":"https:\/\/api.w.org\/{rel}","templated":true}]}}