{"id":28873,"date":"2026-02-04T11:48:51","date_gmt":"2026-02-04T08:48:51","guid":{"rendered":"https:\/\/a-pant.ee\/product\/drel-shurupovert-hilti-ud-16-yashchik\/"},"modified":"2026-02-22T12:29:16","modified_gmt":"2026-02-22T09:29:16","slug":"drel-shurupovert-hilti-ud-16-yashhik","status":"publish","type":"product","link":"https:\/\/a-pant.ee\/ru\/product\/drel-shurupovert-hilti-ud-16-yashhik\/","title":{"rendered":"\u0414\u0440\u0435\u043b\u044c-\u0448\u0443\u0440\u0443\u043f\u043e\u0432\u0435\u0440\u0442 Hilti UD 16 + \u044f\u0449\u0438\u043a"},"content":{"rendered":"\n<p> Trell-kruvikeeraja Hilti UD 16 + kohver\u00a0, heas seisu- ja t\u00f6\u00f6korras! <\/p><p> KIRJELDUS <br \/><br \/> Mootori t\u00fc\u00fcp <br \/> pintsel <br \/> V\u00f5imsus <br \/> 710 W <br \/> Kasseti t\u00fc\u00fcp <br \/> kiirvabastus <br \/> Maksimaalne kasseti suurus <br \/> 13 mm <br \/> Kiiruste arv <br \/> 2 <br \/> Kiiruse reguleerimine <br \/> On olemas <br \/> Taustvalgustuse olemasolu <br \/> Ei <br \/> Reversi olemasolu <br \/> Jah <br \/> Maksimaalne puurimise l\u00e4bim\u00f5\u00f5t (puit) <br \/> 30 mm <br \/> Maksimaalne puurimise l\u00e4bim\u00f5\u00f5t (metall) <br \/> 13 mm <br \/> M\u00f5\u00f5dud ilma pakendita <br \/> 342 x 86 x 205 mm <br \/> Netokaal <br \/> 2,6 kg <br \/> Kasseti suurus <br \/> 1,5-13 mm <br \/> Spindli kiirus <br \/> 900\/2500 p\/min <br \/> Max p\u00f6\u00f6rdemoment <br \/> 80 Nm <br \/> Pehme start <br \/> Ei <br \/> K\u00fclmakindel kaabel <br \/> Ei <br \/> Harja kulumise indikaator <br \/> Ei <br \/> Konstantse p\u00f6\u00f6rete arvu hoidmine koormuse all <br \/> Ei <br \/> Harjad l\u00fclituvad automaatselt v\u00e4lja, kui need on kulunud <br \/> Ei <\/p>\n","protected":false},"excerpt":{"rendered":"<p>Trell-kruvikeeraja Hilti UD 16 + kohver\u00a0, heas seisu- ja t\u00f6\u00f6korras! KIRJELDUS Mootori t\u00fc\u00fcp pintsel V\u00f5imsus 710 W Kasseti t\u00fc\u00fcp kiirvabastus Maksimaalne kasseti suurus 13 mm Kiiruste arv 2 Kiiruse reguleerimine On olemas Taustvalgustuse olemasolu Ei Reversi olemasolu Jah Maksimaalne puurimise l\u00e4bim\u00f5\u00f5t (puit) 30 mm Maksimaalne puurimise l\u00e4bim\u00f5\u00f5t (metall) 13 mm M\u00f5\u00f5dud ilma pakendita 342 x [&hellip;]<\/p>\n","protected":false},"featured_media":28874,"comment_status":"closed","ping_status":"open","template":"","meta":{"inline_featured_image":false},"product_brand":[],"product_cat":[239],"product_tag":[],"class_list":{"0":"post-28873","1":"product","2":"type-product","3":"status-publish","4":"has-post-thumbnail","6":"product_cat-perforatory-i-dreli","7":"pa_asukoht-lasnamae","8":"pa_seisukord-ispolzovano","10":"first","11":"instock","12":"taxable","13":"shipping-taxable","14":"purchasable","15":"product-type-simple"},"_links":{"self":[{"href":"https:\/\/a-pant.ee\/ru\/wp-json\/wp\/v2\/product\/28873","targetHints":{"allow":["GET"]}}],"collection":[{"href":"https:\/\/a-pant.ee\/ru\/wp-json\/wp\/v2\/product"}],"about":[{"href":"https:\/\/a-pant.ee\/ru\/wp-json\/wp\/v2\/types\/product"}],"replies":[{"embeddable":true,"href":"https:\/\/a-pant.ee\/ru\/wp-json\/wp\/v2\/comments?post=28873"}],"wp:featuredmedia":[{"embeddable":true,"href":"https:\/\/a-pant.ee\/ru\/wp-json\/wp\/v2\/media\/28874"}],"wp:attachment":[{"href":"https:\/\/a-pant.ee\/ru\/wp-json\/wp\/v2\/media?parent=28873"}],"wp:term":[{"taxonomy":"product_brand","embeddable":true,"href":"https:\/\/a-pant.ee\/ru\/wp-json\/wp\/v2\/product_brand?post=28873"},{"taxonomy":"product_cat","embeddable":true,"href":"https:\/\/a-pant.ee\/ru\/wp-json\/wp\/v2\/product_cat?post=28873"},{"taxonomy":"product_tag","embeddable":true,"href":"https:\/\/a-pant.ee\/ru\/wp-json\/wp\/v2\/product_tag?post=28873"}],"curies":[{"name":"wp","href":"https:\/\/api.w.org\/{rel}","templated":true}]}}