{"id":28867,"date":"2026-02-04T11:48:51","date_gmt":"2026-02-04T08:48:51","guid":{"rendered":"https:\/\/a-pant.ee\/product\/perforator-bosch-gbh-187-li-18-v\/"},"modified":"2026-02-22T12:29:15","modified_gmt":"2026-02-22T09:29:15","slug":"perforator-bosch-gbh-187-li-18-v-24-j-sds-plus","status":"publish","type":"product","link":"https:\/\/a-pant.ee\/ru\/product\/perforator-bosch-gbh-187-li-18-v-24-j-sds-plus\/","title":{"rendered":"\u041f\u0435\u0440\u0444\u043e\u0440\u0430\u0442\u043e\u0440 Bosch GBH 187-LI 18 V 2,4 J SDS-plus"},"content":{"rendered":"\n<p> Puurvasar Bosch GBH 187-LI; 18 V; 2,4 J; SDS-plus\u00a0, t\u00f6\u00f6korras! <\/p><p> KIRJELDUS <\/p><p> T\u00f6\u00f6riistaklass Professionaalne <br \/> Aku pinge (V) 18 V <br \/> L\u00f6\u00f6kide arv nim. p\u00f6\u00f6rete arv 4,350 \u2013 4,350 l\u00f6\u00f6ki minutis <br \/> Nimikiirus 0 \u2013 980 p\/min <br \/> Max betooni augu l\u00e4bim\u00f5\u00f5t l\u00f6\u00f6kpuuridega 4 &#8212; 24 mm <br \/> Optimaalne puurimisulatus betoonis l\u00f6\u00f6kpuuridega 6 &#8212; 14 mm <br \/> Max ava l\u00e4bim\u00f5\u00f5t terases 13 mm <br \/> Max augu l\u00e4bim\u00f5\u00f5t puidus 30 mm <br \/> Kaal, (kg)* 2,9 kg <\/p>\n","protected":false},"excerpt":{"rendered":"<p>Puurvasar Bosch GBH 187-LI; 18 V; 2,4 J; SDS-plus\u00a0, t\u00f6\u00f6korras! KIRJELDUS T\u00f6\u00f6riistaklass Professionaalne Aku pinge (V) 18 V L\u00f6\u00f6kide arv nim. p\u00f6\u00f6rete arv 4,350 \u2013 4,350 l\u00f6\u00f6ki minutis Nimikiirus 0 \u2013 980 p\/min Max betooni augu l\u00e4bim\u00f5\u00f5t l\u00f6\u00f6kpuuridega 4 &#8212; 24 mm Optimaalne puurimisulatus betoonis l\u00f6\u00f6kpuuridega 6 &#8212; 14 mm Max ava l\u00e4bim\u00f5\u00f5t terases 13 [&hellip;]<\/p>\n","protected":false},"featured_media":28868,"comment_status":"closed","ping_status":"open","template":"","meta":{"inline_featured_image":false},"product_brand":[],"product_cat":[239],"product_tag":[],"class_list":{"0":"post-28867","1":"product","2":"type-product","3":"status-publish","4":"has-post-thumbnail","6":"product_cat-perforatory-i-dreli","7":"pa_asukoht-lasnamae","8":"pa_seisukord-ispolzovano","10":"first","11":"instock","12":"taxable","13":"shipping-taxable","14":"purchasable","15":"product-type-simple"},"_links":{"self":[{"href":"https:\/\/a-pant.ee\/ru\/wp-json\/wp\/v2\/product\/28867","targetHints":{"allow":["GET"]}}],"collection":[{"href":"https:\/\/a-pant.ee\/ru\/wp-json\/wp\/v2\/product"}],"about":[{"href":"https:\/\/a-pant.ee\/ru\/wp-json\/wp\/v2\/types\/product"}],"replies":[{"embeddable":true,"href":"https:\/\/a-pant.ee\/ru\/wp-json\/wp\/v2\/comments?post=28867"}],"wp:featuredmedia":[{"embeddable":true,"href":"https:\/\/a-pant.ee\/ru\/wp-json\/wp\/v2\/media\/28868"}],"wp:attachment":[{"href":"https:\/\/a-pant.ee\/ru\/wp-json\/wp\/v2\/media?parent=28867"}],"wp:term":[{"taxonomy":"product_brand","embeddable":true,"href":"https:\/\/a-pant.ee\/ru\/wp-json\/wp\/v2\/product_brand?post=28867"},{"taxonomy":"product_cat","embeddable":true,"href":"https:\/\/a-pant.ee\/ru\/wp-json\/wp\/v2\/product_cat?post=28867"},{"taxonomy":"product_tag","embeddable":true,"href":"https:\/\/a-pant.ee\/ru\/wp-json\/wp\/v2\/product_tag?post=28867"}],"curies":[{"name":"wp","href":"https:\/\/api.w.org\/{rel}","templated":true}]}}