{"id":28861,"date":"2026-02-04T11:48:51","date_gmt":"2026-02-04T08:48:51","guid":{"rendered":"https:\/\/a-pant.ee\/product\/naushniki-apple-airpods-2-a1602\/"},"modified":"2026-02-22T12:29:15","modified_gmt":"2026-02-22T09:29:15","slug":"naushniki-apple-airpods-2-a1602","status":"publish","type":"product","link":"https:\/\/a-pant.ee\/ru\/product\/naushniki-apple-airpods-2-a1602\/","title":{"rendered":"\u041d\u0430\u0443\u0448\u043d\u0438\u043a\u0438 Apple Airpods 2 A1602"},"content":{"rendered":"\n<p> K\u00f5rvaklappid Apple Airpods A1602, heas seisu- ja t\u00f6\u00f6korras! <\/p><p> KIRJELDUS <\/p><ul><li> T\u00fc\u00fcp: Juhtmevabad k\u00f5rvaklapid k\u00f5rvasisese disainiga <\/li><li> \u00dchenduvus: Bluetooth 5.0 <\/li><li> Kiip: Apple H1 <\/li><li> Automaatne \u00fchendus karbi avamisel <\/li><li> Andurid: topelt optilised andurid, liikumis- ja h\u00e4\u00e4letuvastuse kiirendusm\u00f5\u00f5turid <\/li><li> Siri h\u00e4\u00e4lk\u00e4skluste tugi <\/li><li> Aku kestvus: kuni 5 tundi muusika kuulamist v\u00f5i kuni 3 tundi k\u00f5neaega <\/li><li> Laadimiskarbiga: kuni 24 tundi t\u00f6\u00f6aega <\/li><li> Kiirlaadimine: 15 minutit laadimist annab kuni 3 tundi kuulamisaega <\/li><li> \u00dchilduvus: Apple seadmed iOS 12.2, macOS 10.14.4, watchOS 5.2 v\u00f5i uuem <\/li><li> Laadimiskarbi mudel: A1602 (tavaline Lightning laadimine) <\/li><\/ul>\n","protected":false},"excerpt":{"rendered":"<p>K\u00f5rvaklappid Apple Airpods A1602, heas seisu- ja t\u00f6\u00f6korras! KIRJELDUS T\u00fc\u00fcp: Juhtmevabad k\u00f5rvaklapid k\u00f5rvasisese disainiga \u00dchenduvus: Bluetooth 5.0 Kiip: Apple H1 Automaatne \u00fchendus karbi avamisel Andurid: topelt optilised andurid, liikumis- ja h\u00e4\u00e4letuvastuse kiirendusm\u00f5\u00f5turid Siri h\u00e4\u00e4lk\u00e4skluste tugi Aku kestvus: kuni 5 tundi muusika kuulamist v\u00f5i kuni 3 tundi k\u00f5neaega Laadimiskarbiga: kuni 24 tundi t\u00f6\u00f6aega Kiirlaadimine: 15 minutit [&hellip;]<\/p>\n","protected":false},"featured_media":28862,"comment_status":"closed","ping_status":"open","template":"","meta":{"inline_featured_image":false},"product_brand":[],"product_cat":[168],"product_tag":[],"class_list":{"0":"post-28861","1":"product","2":"type-product","3":"status-publish","4":"has-post-thumbnail","6":"product_cat-naushniki","7":"pa_asukoht-mustamae","8":"pa_seisukord-ispolzovano","10":"first","11":"outofstock","12":"taxable","13":"shipping-taxable","14":"purchasable","15":"product-type-simple"},"_links":{"self":[{"href":"https:\/\/a-pant.ee\/ru\/wp-json\/wp\/v2\/product\/28861","targetHints":{"allow":["GET"]}}],"collection":[{"href":"https:\/\/a-pant.ee\/ru\/wp-json\/wp\/v2\/product"}],"about":[{"href":"https:\/\/a-pant.ee\/ru\/wp-json\/wp\/v2\/types\/product"}],"replies":[{"embeddable":true,"href":"https:\/\/a-pant.ee\/ru\/wp-json\/wp\/v2\/comments?post=28861"}],"wp:featuredmedia":[{"embeddable":true,"href":"https:\/\/a-pant.ee\/ru\/wp-json\/wp\/v2\/media\/28862"}],"wp:attachment":[{"href":"https:\/\/a-pant.ee\/ru\/wp-json\/wp\/v2\/media?parent=28861"}],"wp:term":[{"taxonomy":"product_brand","embeddable":true,"href":"https:\/\/a-pant.ee\/ru\/wp-json\/wp\/v2\/product_brand?post=28861"},{"taxonomy":"product_cat","embeddable":true,"href":"https:\/\/a-pant.ee\/ru\/wp-json\/wp\/v2\/product_cat?post=28861"},{"taxonomy":"product_tag","embeddable":true,"href":"https:\/\/a-pant.ee\/ru\/wp-json\/wp\/v2\/product_tag?post=28861"}],"curies":[{"name":"wp","href":"https:\/\/api.w.org\/{rel}","templated":true}]}}