{"id":28842,"date":"2026-02-04T11:43:23","date_gmt":"2026-02-04T08:43:23","guid":{"rendered":"https:\/\/a-pant.ee\/product\/perforator-makita-dhr242-ak-5-0ah\/"},"modified":"2026-02-22T12:29:20","modified_gmt":"2026-02-22T09:29:20","slug":"perforator-makita-dhr242-ak-50ach","status":"publish","type":"product","link":"https:\/\/a-pant.ee\/ru\/product\/perforator-makita-dhr242-ak-50ach\/","title":{"rendered":"\u041f\u0435\u0440\u0444\u043e\u0440\u0430\u0442\u043e\u0440 Makita DHR242 + \u0430\u043a. 5,0\u0410\u0447"},"content":{"rendered":"\n<p> Puurvasar Makita DHR242 + aku 5,0Ah\u00a0, heas seisu- ja t\u00f6\u00f6korras! <\/p><p> KIRJELDUS <\/p><p> Kategooria:\u00a0L\u00f6\u00f6ktrellid <\/p><p> Akude arv: 1 <\/p><p> Akupinge: 18 V <\/p><p> Akut\u00fc\u00fcp: Li-ion <\/p><p> P\u00f6\u00f6rete arv:\u00a00-950 min-1 <\/p><p> L\u00f6\u00f6gisagedus:\u00a00-4770 min-1 <\/p><p> Komplektis: Pole t\u00e4psustatud <\/p><p> Tagurpidik\u00e4ik: Ei <\/p><p> T\u00fc\u00fcp: Akuga perforaatorid <\/p><p> Kaubam\u00e4rk:\u00a0Makita <\/p><p> Funktsioonid:\u00a0Pole t\u00e4psustatud <\/p>\n","protected":false},"excerpt":{"rendered":"<p>Puurvasar Makita DHR242 + aku 5,0Ah\u00a0, heas seisu- ja t\u00f6\u00f6korras! KIRJELDUS Kategooria:\u00a0L\u00f6\u00f6ktrellid Akude arv: 1 Akupinge: 18 V Akut\u00fc\u00fcp: Li-ion P\u00f6\u00f6rete arv:\u00a00-950 min-1 L\u00f6\u00f6gisagedus:\u00a00-4770 min-1 Komplektis: Pole t\u00e4psustatud Tagurpidik\u00e4ik: Ei T\u00fc\u00fcp: Akuga perforaatorid Kaubam\u00e4rk:\u00a0Makita Funktsioonid:\u00a0Pole t\u00e4psustatud<\/p>\n","protected":false},"featured_media":28843,"comment_status":"closed","ping_status":"open","template":"","meta":{"inline_featured_image":false},"product_brand":[],"product_cat":[239],"product_tag":[],"class_list":{"0":"post-28842","1":"product","2":"type-product","3":"status-publish","4":"has-post-thumbnail","6":"product_cat-perforatory-i-dreli","7":"pa_asukoht-lasnamae","8":"pa_seisukord-ispolzovano","10":"first","11":"instock","12":"taxable","13":"shipping-taxable","14":"purchasable","15":"product-type-simple"},"_links":{"self":[{"href":"https:\/\/a-pant.ee\/ru\/wp-json\/wp\/v2\/product\/28842","targetHints":{"allow":["GET"]}}],"collection":[{"href":"https:\/\/a-pant.ee\/ru\/wp-json\/wp\/v2\/product"}],"about":[{"href":"https:\/\/a-pant.ee\/ru\/wp-json\/wp\/v2\/types\/product"}],"replies":[{"embeddable":true,"href":"https:\/\/a-pant.ee\/ru\/wp-json\/wp\/v2\/comments?post=28842"}],"wp:featuredmedia":[{"embeddable":true,"href":"https:\/\/a-pant.ee\/ru\/wp-json\/wp\/v2\/media\/28843"}],"wp:attachment":[{"href":"https:\/\/a-pant.ee\/ru\/wp-json\/wp\/v2\/media?parent=28842"}],"wp:term":[{"taxonomy":"product_brand","embeddable":true,"href":"https:\/\/a-pant.ee\/ru\/wp-json\/wp\/v2\/product_brand?post=28842"},{"taxonomy":"product_cat","embeddable":true,"href":"https:\/\/a-pant.ee\/ru\/wp-json\/wp\/v2\/product_cat?post=28842"},{"taxonomy":"product_tag","embeddable":true,"href":"https:\/\/a-pant.ee\/ru\/wp-json\/wp\/v2\/product_tag?post=28842"}],"curies":[{"name":"wp","href":"https:\/\/api.w.org\/{rel}","templated":true}]}}