{"id":28827,"date":"2026-02-04T11:43:23","date_gmt":"2026-02-04T08:43:23","guid":{"rendered":"https:\/\/a-pant.ee\/product\/drel-nutool-nhd500\/"},"modified":"2026-02-22T12:29:20","modified_gmt":"2026-02-22T09:29:20","slug":"drel-nutool-nhd500","status":"publish","type":"product","link":"https:\/\/a-pant.ee\/ru\/product\/drel-nutool-nhd500\/","title":{"rendered":"\u0414\u0440\u0435\u043b\u044c Nutool NHD500"},"content":{"rendered":"\n<p> Trell Nutool NHD500\u00a0, heas seisu- ja t\u00f6\u00f6korras! <\/p><p> KIRJELDUS <\/p><ul><li> Mudel:\u00a0Nutol NHD500 <\/li><li> T\u00fc\u00fcp:\u00a0L\u00f6\u00f6giga elektritrell <\/li><li> V\u00f5imsus:\u00a0500 W <\/li><li> Maksimaalne puurimisl\u00e4bim\u00f5\u00f5t: <br \/> \u2013 Puit: kuni 20 mm <br \/> \u2013 Metall: kuni 10 mm <br \/> \u2013 Betoon: kuni 13 mm <\/li><li> P\u00f6\u00f6rlemiskiirus:\u00a0kuni 3000 p\/min <\/li><li> T\u00f6\u00f6re\u017eiimid: <br \/> \u2013 Puurimine <br \/> \u2013 L\u00f6\u00f6giga puurimine <\/li><li> Kiiruse reguleerimine:\u00a0olemas <\/li><li> Tagasik\u00e4ik (revers):\u00a0olemas <\/li><li> Padrunit\u00fc\u00fcp:\u00a0V\u00f5tmega padrun <\/li><li> Kaal:\u00a0umbes 1.6 kg <\/li><\/ul>\n","protected":false},"excerpt":{"rendered":"<p>Trell Nutool NHD500\u00a0, heas seisu- ja t\u00f6\u00f6korras! KIRJELDUS Mudel:\u00a0Nutol NHD500 T\u00fc\u00fcp:\u00a0L\u00f6\u00f6giga elektritrell V\u00f5imsus:\u00a0500 W Maksimaalne puurimisl\u00e4bim\u00f5\u00f5t: \u2013 Puit: kuni 20 mm \u2013 Metall: kuni 10 mm \u2013 Betoon: kuni 13 mm P\u00f6\u00f6rlemiskiirus:\u00a0kuni 3000 p\/min T\u00f6\u00f6re\u017eiimid: \u2013 Puurimine \u2013 L\u00f6\u00f6giga puurimine Kiiruse reguleerimine:\u00a0olemas Tagasik\u00e4ik (revers):\u00a0olemas Padrunit\u00fc\u00fcp:\u00a0V\u00f5tmega padrun Kaal:\u00a0umbes 1.6 kg<\/p>\n","protected":false},"featured_media":28828,"comment_status":"closed","ping_status":"open","template":"","meta":{"inline_featured_image":false},"product_brand":[],"product_cat":[239],"product_tag":[],"class_list":{"0":"post-28827","1":"product","2":"type-product","3":"status-publish","4":"has-post-thumbnail","6":"product_cat-perforatory-i-dreli","7":"pa_asukoht-mustamae","8":"pa_seisukord-ispolzovano","10":"first","11":"instock","12":"taxable","13":"shipping-taxable","14":"purchasable","15":"product-type-simple"},"_links":{"self":[{"href":"https:\/\/a-pant.ee\/ru\/wp-json\/wp\/v2\/product\/28827","targetHints":{"allow":["GET"]}}],"collection":[{"href":"https:\/\/a-pant.ee\/ru\/wp-json\/wp\/v2\/product"}],"about":[{"href":"https:\/\/a-pant.ee\/ru\/wp-json\/wp\/v2\/types\/product"}],"replies":[{"embeddable":true,"href":"https:\/\/a-pant.ee\/ru\/wp-json\/wp\/v2\/comments?post=28827"}],"wp:featuredmedia":[{"embeddable":true,"href":"https:\/\/a-pant.ee\/ru\/wp-json\/wp\/v2\/media\/28828"}],"wp:attachment":[{"href":"https:\/\/a-pant.ee\/ru\/wp-json\/wp\/v2\/media?parent=28827"}],"wp:term":[{"taxonomy":"product_brand","embeddable":true,"href":"https:\/\/a-pant.ee\/ru\/wp-json\/wp\/v2\/product_brand?post=28827"},{"taxonomy":"product_cat","embeddable":true,"href":"https:\/\/a-pant.ee\/ru\/wp-json\/wp\/v2\/product_cat?post=28827"},{"taxonomy":"product_tag","embeddable":true,"href":"https:\/\/a-pant.ee\/ru\/wp-json\/wp\/v2\/product_tag?post=28827"}],"curies":[{"name":"wp","href":"https:\/\/api.w.org\/{rel}","templated":true}]}}