{"id":28819,"date":"2026-02-04T11:43:23","date_gmt":"2026-02-04T08:43:23","guid":{"rendered":"https:\/\/a-pant.ee\/product\/router-tp-link-tl-mr3420-upakovka\/"},"modified":"2026-02-22T12:29:20","modified_gmt":"2026-02-22T09:29:20","slug":"router-tp-link-tl-mr3420-upakovka","status":"publish","type":"product","link":"https:\/\/a-pant.ee\/ru\/product\/router-tp-link-tl-mr3420-upakovka\/","title":{"rendered":"\u0420\u043e\u0443\u0442\u0435\u0440 tp-link tl-mr3420 + \u0443\u043f\u0430\u043a\u043e\u0432\u043a\u0430"},"content":{"rendered":"\n<p><strong> Ruuter tp-link tl-mr3420 + karp <\/strong> , heas seisu- ja t\u00f6\u00f6korras! <\/p><p> KIRJELDUS <\/p><p> TP-Linki kaubam\u00e4rk. <br \/> Wi-Fi \u00fchenduse t\u00fc\u00fcp. <br \/> Interneti-\u00fchendus (WAN) Ethernet RJ-45, v\u00e4line modem <br \/> Seadme ruuteri t\u00fc\u00fcp <br \/> Wi-Fi standard 802.11. n (wi-fi 4) <br \/> WiFi-seadmete sagedusvahemik. 2,4 GHz <br \/> Max. Traadita \u00fchenduse kiirus 300 Mbps\/s <\/p>\n","protected":false},"excerpt":{"rendered":"<p>Ruuter tp-link tl-mr3420 + karp , heas seisu- ja t\u00f6\u00f6korras! KIRJELDUS TP-Linki kaubam\u00e4rk. Wi-Fi \u00fchenduse t\u00fc\u00fcp. Interneti-\u00fchendus (WAN) Ethernet RJ-45, v\u00e4line modem Seadme ruuteri t\u00fc\u00fcp Wi-Fi standard 802.11. n (wi-fi 4) WiFi-seadmete sagedusvahemik. 2,4 GHz Max. Traadita \u00fchenduse kiirus 300 Mbps\/s<\/p>\n","protected":false},"featured_media":28820,"comment_status":"closed","ping_status":"open","template":"","meta":{"inline_featured_image":false},"product_brand":[],"product_cat":[157],"product_tag":[],"class_list":{"0":"post-28819","1":"product","2":"type-product","3":"status-publish","4":"has-post-thumbnail","6":"product_cat-vse-dlya-kompyutera","7":"pa_asukoht-lasnamae","8":"pa_seisukord-ispolzovano","10":"first","11":"outofstock","12":"taxable","13":"shipping-taxable","14":"purchasable","15":"product-type-simple"},"_links":{"self":[{"href":"https:\/\/a-pant.ee\/ru\/wp-json\/wp\/v2\/product\/28819","targetHints":{"allow":["GET"]}}],"collection":[{"href":"https:\/\/a-pant.ee\/ru\/wp-json\/wp\/v2\/product"}],"about":[{"href":"https:\/\/a-pant.ee\/ru\/wp-json\/wp\/v2\/types\/product"}],"replies":[{"embeddable":true,"href":"https:\/\/a-pant.ee\/ru\/wp-json\/wp\/v2\/comments?post=28819"}],"wp:featuredmedia":[{"embeddable":true,"href":"https:\/\/a-pant.ee\/ru\/wp-json\/wp\/v2\/media\/28820"}],"wp:attachment":[{"href":"https:\/\/a-pant.ee\/ru\/wp-json\/wp\/v2\/media?parent=28819"}],"wp:term":[{"taxonomy":"product_brand","embeddable":true,"href":"https:\/\/a-pant.ee\/ru\/wp-json\/wp\/v2\/product_brand?post=28819"},{"taxonomy":"product_cat","embeddable":true,"href":"https:\/\/a-pant.ee\/ru\/wp-json\/wp\/v2\/product_cat?post=28819"},{"taxonomy":"product_tag","embeddable":true,"href":"https:\/\/a-pant.ee\/ru\/wp-json\/wp\/v2\/product_tag?post=28819"}],"curies":[{"name":"wp","href":"https:\/\/api.w.org\/{rel}","templated":true}]}}