{"id":28804,"date":"2026-02-04T11:43:23","date_gmt":"2026-02-04T08:43:23","guid":{"rendered":"https:\/\/a-pant.ee\/product\/noutbuk-huawei-mate-bohb-wax9\/"},"modified":"2026-02-22T12:29:19","modified_gmt":"2026-02-22T09:29:19","slug":"noutbuk-huawei-mate-bohb-wax9-zaryadka","status":"publish","type":"product","link":"https:\/\/a-pant.ee\/ru\/product\/noutbuk-huawei-mate-bohb-wax9-zaryadka\/","title":{"rendered":"\u041d\u043e\u0443\u0442\u0431\u0443\u043a Huawei Mate BOHB-WAX9 + \u0417\u0430\u0440\u044f\u0434\u043a\u0430"},"content":{"rendered":"\n<p><strong> S\u00fclearvuti Huawei Mate <\/strong> , heas seisu- ja t\u00f6\u00f6korras! <strong> \u00a0\u00a0 <\/strong><\/p><p> KIRJELDUS <\/p><p><strong> Protsessor (CPU) : Intel i5 10210 1,60-2,10Ghz 8 CPUs <\/strong><br \/><strong> Operatiiv m\u00e4lu : 8,0GB <\/strong><br \/><strong> Videokaart (CPU): Intel UHD Graphics\u00a0 <\/strong><br \/><strong> K\u00f5vaketas: SSD Phinson 512GB <\/strong><br \/><strong> Operatsioonis\u00fcsteem: Windows 11 Home 64Bit <\/strong><\/p>\n","protected":false},"excerpt":{"rendered":"<p>S\u00fclearvuti Huawei Mate , heas seisu- ja t\u00f6\u00f6korras! \u00a0\u00a0 KIRJELDUS Protsessor (CPU) : Intel i5 10210 1,60-2,10Ghz 8 CPUs Operatiiv m\u00e4lu : 8,0GB Videokaart (CPU): Intel UHD Graphics\u00a0 K\u00f5vaketas: SSD Phinson 512GB Operatsioonis\u00fcsteem: Windows 11 Home 64Bit<\/p>\n","protected":false},"featured_media":28805,"comment_status":"closed","ping_status":"open","template":"","meta":{"inline_featured_image":false},"product_brand":[],"product_cat":[179],"product_tag":[],"class_list":{"0":"post-28804","1":"product","2":"type-product","3":"status-publish","4":"has-post-thumbnail","6":"product_cat-noutbuki","7":"pa_asukoht-lasnamae","8":"pa_seisukord-ispolzovano","10":"first","11":"instock","12":"taxable","13":"shipping-taxable","14":"purchasable","15":"product-type-simple"},"_links":{"self":[{"href":"https:\/\/a-pant.ee\/ru\/wp-json\/wp\/v2\/product\/28804","targetHints":{"allow":["GET"]}}],"collection":[{"href":"https:\/\/a-pant.ee\/ru\/wp-json\/wp\/v2\/product"}],"about":[{"href":"https:\/\/a-pant.ee\/ru\/wp-json\/wp\/v2\/types\/product"}],"replies":[{"embeddable":true,"href":"https:\/\/a-pant.ee\/ru\/wp-json\/wp\/v2\/comments?post=28804"}],"wp:featuredmedia":[{"embeddable":true,"href":"https:\/\/a-pant.ee\/ru\/wp-json\/wp\/v2\/media\/28805"}],"wp:attachment":[{"href":"https:\/\/a-pant.ee\/ru\/wp-json\/wp\/v2\/media?parent=28804"}],"wp:term":[{"taxonomy":"product_brand","embeddable":true,"href":"https:\/\/a-pant.ee\/ru\/wp-json\/wp\/v2\/product_brand?post=28804"},{"taxonomy":"product_cat","embeddable":true,"href":"https:\/\/a-pant.ee\/ru\/wp-json\/wp\/v2\/product_cat?post=28804"},{"taxonomy":"product_tag","embeddable":true,"href":"https:\/\/a-pant.ee\/ru\/wp-json\/wp\/v2\/product_tag?post=28804"}],"curies":[{"name":"wp","href":"https:\/\/api.w.org\/{rel}","templated":true}]}}