{"id":28792,"date":"2026-02-04T11:43:23","date_gmt":"2026-02-04T08:43:23","guid":{"rendered":"https:\/\/a-pant.ee\/product\/akumulyatornaya-bolgarka-milwaukee-m18cag125\/"},"modified":"2026-02-22T12:29:19","modified_gmt":"2026-02-22T09:29:19","slug":"akumulyatornaya-bolgarka-milwaukee-m18cag125-akb-50ach-zu","status":"publish","type":"product","link":"https:\/\/a-pant.ee\/ru\/product\/akumulyatornaya-bolgarka-milwaukee-m18cag125-akb-50ach-zu\/","title":{"rendered":"\u0410\u043a\u0443\u043c\u0443\u043b\u044f\u0442\u043e\u0440\u043d\u0430\u044f \u0431\u043e\u043b\u0433\u0430\u0440\u043a\u0430 Milwaukee M18CAG125 + \u0410\u041a\u0411 5,0\u0410\u0427 + \u0417\u0423"},"content":{"rendered":"\n<p> Akurelakas Milwaukee M18CAG125 + Aku 5,0AH + Laadija\u00a0, heas seisu- ja t\u00f6\u00f6korras! <\/p><p> KIRJELDUS <\/p><ul><li> T\u00fc\u00fcp: akutoitega nurklihvmasin <\/li><li> Ketta l\u00e4bim\u00f5\u00f5t: 125 mm <\/li><li> Pinge: 18 V (M18 platvorm) <\/li><li> Mootori t\u00fc\u00fcp: harjavaba Powerstate\u2122 <\/li><li> Maksimaalne p\u00f6\u00f6rlemiskiirus: 8 500 p\/min <\/li><li> REDLINK PLUS\u2122 \u00fclekoormuskaitses\u00fcsteem <\/li><li> Kiirvahetusega spindlilukk <\/li><li> Reguleeritav s\u00e4dekaitse ilma t\u00f6\u00f6riistadeta <\/li><li> Vibratsioonivastane k\u00fclgk\u00e4epide <\/li><li> Kaal: umbes 2,5\u20132,6 kg (ilma akuta) <\/li><\/ul>\n","protected":false},"excerpt":{"rendered":"<p>Akurelakas Milwaukee M18CAG125 + Aku 5,0AH + Laadija\u00a0, heas seisu- ja t\u00f6\u00f6korras! KIRJELDUS T\u00fc\u00fcp: akutoitega nurklihvmasin Ketta l\u00e4bim\u00f5\u00f5t: 125 mm Pinge: 18 V (M18 platvorm) Mootori t\u00fc\u00fcp: harjavaba Powerstate\u2122 Maksimaalne p\u00f6\u00f6rlemiskiirus: 8 500 p\/min REDLINK PLUS\u2122 \u00fclekoormuskaitses\u00fcsteem Kiirvahetusega spindlilukk Reguleeritav s\u00e4dekaitse ilma t\u00f6\u00f6riistadeta Vibratsioonivastane k\u00fclgk\u00e4epide Kaal: umbes 2,5\u20132,6 kg (ilma akuta)<\/p>\n","protected":false},"featured_media":28793,"comment_status":"closed","ping_status":"open","template":"","meta":{"inline_featured_image":false},"product_brand":[],"product_cat":[235],"product_tag":[],"class_list":{"0":"post-28792","1":"product","2":"type-product","3":"status-publish","4":"has-post-thumbnail","6":"product_cat-bolgarki","7":"pa_asukoht-mustamae","8":"pa_seisukord-ispolzovano","10":"first","11":"instock","12":"taxable","13":"shipping-taxable","14":"purchasable","15":"product-type-simple"},"_links":{"self":[{"href":"https:\/\/a-pant.ee\/ru\/wp-json\/wp\/v2\/product\/28792","targetHints":{"allow":["GET"]}}],"collection":[{"href":"https:\/\/a-pant.ee\/ru\/wp-json\/wp\/v2\/product"}],"about":[{"href":"https:\/\/a-pant.ee\/ru\/wp-json\/wp\/v2\/types\/product"}],"replies":[{"embeddable":true,"href":"https:\/\/a-pant.ee\/ru\/wp-json\/wp\/v2\/comments?post=28792"}],"wp:featuredmedia":[{"embeddable":true,"href":"https:\/\/a-pant.ee\/ru\/wp-json\/wp\/v2\/media\/28793"}],"wp:attachment":[{"href":"https:\/\/a-pant.ee\/ru\/wp-json\/wp\/v2\/media?parent=28792"}],"wp:term":[{"taxonomy":"product_brand","embeddable":true,"href":"https:\/\/a-pant.ee\/ru\/wp-json\/wp\/v2\/product_brand?post=28792"},{"taxonomy":"product_cat","embeddable":true,"href":"https:\/\/a-pant.ee\/ru\/wp-json\/wp\/v2\/product_cat?post=28792"},{"taxonomy":"product_tag","embeddable":true,"href":"https:\/\/a-pant.ee\/ru\/wp-json\/wp\/v2\/product_tag?post=28792"}],"curies":[{"name":"wp","href":"https:\/\/api.w.org\/{rel}","templated":true}]}}