{"id":28784,"date":"2026-02-04T11:43:23","date_gmt":"2026-02-04T08:43:23","guid":{"rendered":"https:\/\/a-pant.ee\/product\/noutbuk-macbook-pro-a1502-zaryadka\/"},"modified":"2026-02-22T12:29:19","modified_gmt":"2026-02-22T09:29:19","slug":"noutbuk-macbook-pro-a1502-zaryadka","status":"publish","type":"product","link":"https:\/\/a-pant.ee\/ru\/product\/noutbuk-macbook-pro-a1502-zaryadka\/","title":{"rendered":"\u041d\u043e\u0443\u0442\u0431\u0443\u043a MacBook Pro (A1502) + \u0437\u0430\u0440\u044f\u0434\u043a\u0430"},"content":{"rendered":"\n<p> S\u00fclearvuti MacBook Pro (A1502) + laadija\u00a0, heas seisu- ja t\u00f6\u00f6korras! <\/p><p> KIRJELDUS <\/p><p> Protsessor: Dual-core Intel core i5@ 2,70GHz(2 CPUs) <\/p><p> Operatiiv m\u00e4lu:\u00a08,0GB (1867 MB) <\/p><p> Videokaart: Intel Iris Graphics 6100 1536MB <\/p><p> K\u00f5vakettas:\u00a0no name 128Gb <\/p><p> Ios: MacOS Monterey ver 12.7.4 <\/p>\n","protected":false},"excerpt":{"rendered":"<p>S\u00fclearvuti MacBook Pro (A1502) + laadija\u00a0, heas seisu- ja t\u00f6\u00f6korras! KIRJELDUS Protsessor: Dual-core Intel core i5@ 2,70GHz(2 CPUs) Operatiiv m\u00e4lu:\u00a08,0GB (1867 MB) Videokaart: Intel Iris Graphics 6100 1536MB K\u00f5vakettas:\u00a0no name 128Gb Ios: MacOS Monterey ver 12.7.4<\/p>\n","protected":false},"featured_media":28785,"comment_status":"closed","ping_status":"open","template":"","meta":{"inline_featured_image":false},"product_brand":[],"product_cat":[179],"product_tag":[],"class_list":{"0":"post-28784","1":"product","2":"type-product","3":"status-publish","4":"has-post-thumbnail","6":"product_cat-noutbuki","7":"pa_asukoht-lasnamae","8":"pa_seisukord-ispolzovano","10":"first","11":"instock","12":"taxable","13":"shipping-taxable","14":"purchasable","15":"product-type-simple"},"_links":{"self":[{"href":"https:\/\/a-pant.ee\/ru\/wp-json\/wp\/v2\/product\/28784","targetHints":{"allow":["GET"]}}],"collection":[{"href":"https:\/\/a-pant.ee\/ru\/wp-json\/wp\/v2\/product"}],"about":[{"href":"https:\/\/a-pant.ee\/ru\/wp-json\/wp\/v2\/types\/product"}],"replies":[{"embeddable":true,"href":"https:\/\/a-pant.ee\/ru\/wp-json\/wp\/v2\/comments?post=28784"}],"wp:featuredmedia":[{"embeddable":true,"href":"https:\/\/a-pant.ee\/ru\/wp-json\/wp\/v2\/media\/28785"}],"wp:attachment":[{"href":"https:\/\/a-pant.ee\/ru\/wp-json\/wp\/v2\/media?parent=28784"}],"wp:term":[{"taxonomy":"product_brand","embeddable":true,"href":"https:\/\/a-pant.ee\/ru\/wp-json\/wp\/v2\/product_brand?post=28784"},{"taxonomy":"product_cat","embeddable":true,"href":"https:\/\/a-pant.ee\/ru\/wp-json\/wp\/v2\/product_cat?post=28784"},{"taxonomy":"product_tag","embeddable":true,"href":"https:\/\/a-pant.ee\/ru\/wp-json\/wp\/v2\/product_tag?post=28784"}],"curies":[{"name":"wp","href":"https:\/\/api.w.org\/{rel}","templated":true}]}}