{"id":28778,"date":"2026-02-04T11:43:23","date_gmt":"2026-02-04T08:43:23","guid":{"rendered":"https:\/\/a-pant.ee\/product\/perforator-hilti-te60-case\/"},"modified":"2026-02-22T12:29:19","modified_gmt":"2026-02-22T09:29:19","slug":"perforator-hilti-te60-kejs","status":"publish","type":"product","link":"https:\/\/a-pant.ee\/ru\/product\/perforator-hilti-te60-kejs\/","title":{"rendered":"\u041f\u0435\u0440\u0444\u043e\u0440\u0430\u0442\u043e\u0440 Hilti TE60 + \u041a\u0435\u0439\u0441"},"content":{"rendered":"\n<p> Puurvasar Hilti TE60 + Kohver\u00a0, heas seisu- ja t\u00f6\u00f6korras! <\/p><p> KIRJELDUS <\/p><ul><li> T\u00fc\u00fcp: vooluv\u00f5rku \u00fchendatav SDS-Max perforaator <\/li><li> V\u00f5imsus: 1350 W <\/li><li> L\u00f6\u00f6gienergia: kuni 7,8 J <\/li><li> L\u00f6\u00f6kide sagedus: kuni 3300 l\u00f6\u00f6ki\/min <\/li><li> T\u00fchik\u00e4igu p\u00f6\u00f6rlemiskiirus: kuni 360 p\/min <\/li><li> Maksimaalne puurimisdiameeter (betoonis): kuni 40 mm <\/li><li> T\u00f6\u00f6riistakroonide diameeter: kuni 100 mm <\/li><li> T\u00f6\u00f6re\u017eiimid: l\u00f6\u00f6giga puurimine, meiseldamine, puurimine ilma l\u00f6\u00f6gita <\/li><li> Vibratsioonivastane s\u00fcsteem (AVR) <\/li><li> \u00dclekuumenemis- ja \u00fclekoormuskaitse <\/li><li> Vibratsioonivastane k\u00e4epide <\/li><li> Sobib raskeks puurimiseks ja meiseldamiseks betoonis ja kivis <\/li><\/ul>\n","protected":false},"excerpt":{"rendered":"<p>Puurvasar Hilti TE60 + Kohver\u00a0, heas seisu- ja t\u00f6\u00f6korras! KIRJELDUS T\u00fc\u00fcp: vooluv\u00f5rku \u00fchendatav SDS-Max perforaator V\u00f5imsus: 1350 W L\u00f6\u00f6gienergia: kuni 7,8 J L\u00f6\u00f6kide sagedus: kuni 3300 l\u00f6\u00f6ki\/min T\u00fchik\u00e4igu p\u00f6\u00f6rlemiskiirus: kuni 360 p\/min Maksimaalne puurimisdiameeter (betoonis): kuni 40 mm T\u00f6\u00f6riistakroonide diameeter: kuni 100 mm T\u00f6\u00f6re\u017eiimid: l\u00f6\u00f6giga puurimine, meiseldamine, puurimine ilma l\u00f6\u00f6gita Vibratsioonivastane s\u00fcsteem (AVR) \u00dclekuumenemis- ja [&hellip;]<\/p>\n","protected":false},"featured_media":28779,"comment_status":"closed","ping_status":"open","template":"","meta":{"inline_featured_image":false},"product_brand":[],"product_cat":[239],"product_tag":[],"class_list":{"0":"post-28778","1":"product","2":"type-product","3":"status-publish","4":"has-post-thumbnail","6":"product_cat-perforatory-i-dreli","7":"pa_asukoht-mustamae","8":"pa_seisukord-ispolzovano","10":"first","11":"outofstock","12":"taxable","13":"shipping-taxable","14":"purchasable","15":"product-type-simple"},"_links":{"self":[{"href":"https:\/\/a-pant.ee\/ru\/wp-json\/wp\/v2\/product\/28778","targetHints":{"allow":["GET"]}}],"collection":[{"href":"https:\/\/a-pant.ee\/ru\/wp-json\/wp\/v2\/product"}],"about":[{"href":"https:\/\/a-pant.ee\/ru\/wp-json\/wp\/v2\/types\/product"}],"replies":[{"embeddable":true,"href":"https:\/\/a-pant.ee\/ru\/wp-json\/wp\/v2\/comments?post=28778"}],"wp:featuredmedia":[{"embeddable":true,"href":"https:\/\/a-pant.ee\/ru\/wp-json\/wp\/v2\/media\/28779"}],"wp:attachment":[{"href":"https:\/\/a-pant.ee\/ru\/wp-json\/wp\/v2\/media?parent=28778"}],"wp:term":[{"taxonomy":"product_brand","embeddable":true,"href":"https:\/\/a-pant.ee\/ru\/wp-json\/wp\/v2\/product_brand?post=28778"},{"taxonomy":"product_cat","embeddable":true,"href":"https:\/\/a-pant.ee\/ru\/wp-json\/wp\/v2\/product_cat?post=28778"},{"taxonomy":"product_tag","embeddable":true,"href":"https:\/\/a-pant.ee\/ru\/wp-json\/wp\/v2\/product_tag?post=28778"}],"curies":[{"name":"wp","href":"https:\/\/api.w.org\/{rel}","templated":true}]}}